{"id":4350,"date":"2025-03-09T21:37:54","date_gmt":"2025-03-10T02:37:54","guid":{"rendered":"https:\/\/veganoptioncanada.ca\/terras-verdes-de-umoja\/"},"modified":"2025-03-29T22:16:00","modified_gmt":"2025-03-30T03:16:00","slug":"terras-verdes-de-umoja","status":"publish","type":"page","link":"http:\/\/veganoptioncanada.ca\/pt-pt\/terras-verdes-de-umoja\/","title":{"rendered":"Terras Verdes de Umoja"},"content":{"rendered":"\t\t<div data-elementor-type=\"wp-page\" data-elementor-id=\"4350\" class=\"elementor elementor-4350 elementor-4326\" data-elementor-post-type=\"page\">\n\t\t\t\t<div class=\"elementor-element elementor-element-f53dffa e-flex e-con-boxed e-con e-parent\" data-id=\"f53dffa\" data-element_type=\"container\">\n\t\t\t\t\t<div class=\"e-con-inner\">\n\t\t\t\t<div class=\"elementor-element elementor-element-fc459bf elementor-widget elementor-widget-text-editor\" data-id=\"fc459bf\" data-element_type=\"widget\" data-widget_type=\"text-editor.default\">\n\t\t\t\t<div class=\"elementor-widget-container\">\n\t\t\t\t\t\t\t\t\t<h3><strong>Porque \u00e9 que apoiamos a <a href=\"https:\/\/umojagreenlands.org\/\">Umoja Greenlands<\/a><\/strong> \ud83c\udf0d\ud83c\udf31<\/h3><p>Como organiza\u00e7\u00e3o que defende <strong>op\u00e7\u00f5es veganas em espa\u00e7os p\u00fablicos em todo o Canad\u00e1<\/strong>, acreditamos que <strong>a justi\u00e7a alimentar, a sustentabilidade e o consumo \u00e9tico<\/strong> devem ser esfor\u00e7os globais. \u00c9 por isso que temos orgulho em reconhecer e apoiar o <strong>Umoja Greenlands Project<\/strong>, uma iniciativa de base no Qu\u00e9nia dedicada \u00e0 <strong>agricultura sustent\u00e1vel, \u00e0 seguran\u00e7a alimentar e \u00e0 recupera\u00e7\u00e3o ambiental<\/strong>.<\/p><h3><strong>Valores partilhados e impacto<\/strong><\/h3><p>\u2714 <strong>\ud83c\udf3f Seguran\u00e7a alimentar \u00e0 base de plantas<\/strong> &#8211; Umoja Greenlands promove <strong>a agricultura regenerativa, a permacultura e as florestas alimentares<\/strong>, garantindo o acesso a uma <strong>nutri\u00e7\u00e3o sustent\u00e1vel \u00e0 base de plantas<\/strong>.<\/p><p>\u2714 <strong>\ud83c\udf0e Responsabilidade \u00e9tica e ambiental<\/strong> &#8211; O seu trabalho na <strong>restaura\u00e7\u00e3o de terras, acesso \u00e0 \u00e1gua e produ\u00e7\u00e3o sustent\u00e1vel de alimentos<\/strong> alinha-se com a nossa miss\u00e3o de criar um sistema alimentar mais verde e mais justo.<\/p><p>\u2714 <strong>\ud83e\udd1d Empoderamento da comunidade<\/strong> &#8211; Ao apoiar os <strong>agricultores locais, as mulheres e os jovens<\/strong>, <a href=\"https:\/\/umojagreenlands.org\/\">o Umoja Greenlands<\/a> constr\u00f3i <strong>comunidades auto-suficientes e resilientes<\/strong>, tal como a nossa defesa de <strong>pol\u00edticas inclusivas e baseadas em plantas<\/strong> no Canad\u00e1.<\/p><p>\u2714 <strong>\ud83c\udf0d Justi\u00e7a Alimentar Global<\/strong> &#8211; Garantir escolhas alimentares \u00e9ticas e baseadas em plantas deve ser <strong>um direito, n\u00e3o um privil\u00e9gio<\/strong>. Apoiar a Umoja Greenlands ajuda a criar <strong>um mundo onde alimentos nutritivos e amigos do ambiente s\u00e3o acess\u00edveis a todos<\/strong>.<\/p><h3><strong>Construir juntos um futuro melhor<\/strong><\/h3><p>Ao apoiar a <a href=\"https:\/\/umojagreenlands.org\/\">Umoja Greenlands<\/a>, refor\u00e7amos o nosso compromisso com a <strong>justi\u00e7a alimentar, a sustentabilidade e a vida compassiva &#8211; tanto no Canad\u00e1 como em todo o mundo<\/strong>.<\/p><p>\ud83d\udc9a <strong>Junta-te a n\u00f3s e faz a diferen\u00e7a!<\/strong> Juntos, podemos criar um mundo onde <strong>as escolhas alimentares saud\u00e1veis, \u00e9ticas e sustent\u00e1veis s\u00e3o a norma.<\/strong> \ud83c\udf31\u2728<\/p><p>\ud83d\udc49 <strong>Queres envolver-te?<\/strong> <a href=\"https:\/\/umojagreenlands.org\/\">Vamos fazer crescer o movimento!<\/a> \ud83d\ude80 #Justi\u00e7aAlimentar #Futuro \u00e0 base de plantas #Sustentabilidade<\/p>\t\t\t\t\t\t\t\t<\/div>\n\t\t\t\t<\/div>\n\t\t\t\t<div class=\"elementor-element elementor-element-fff2ee6 elementor-widget elementor-widget-image\" data-id=\"fff2ee6\" data-element_type=\"widget\" data-widget_type=\"image.default\">\n\t\t\t\t<div class=\"elementor-widget-container\">\n\t\t\t\t\t\t\t\t\t\t\t\t\t\t\t\t<a href=\"https:\/\/sorinionescu.org\/umoja-greenlands\/\">\n\t\t\t\t\t\t\t<img fetchpriority=\"high\" decoding=\"async\" width=\"800\" height=\"800\" src=\"http:\/\/veganoptioncanada.ca\/wp-content\/uploads\/2025\/03\/Umaja-Greenlands.jpeg\" class=\"attachment-large size-large wp-image-4327\" alt=\"\" srcset=\"http:\/\/veganoptioncanada.ca\/wp-content\/uploads\/2025\/03\/Umaja-Greenlands.jpeg 1024w, http:\/\/veganoptioncanada.ca\/wp-content\/uploads\/2025\/03\/Umaja-Greenlands-300x300.jpeg 300w, http:\/\/veganoptioncanada.ca\/wp-content\/uploads\/2025\/03\/Umaja-Greenlands-150x150.jpeg 150w, http:\/\/veganoptioncanada.ca\/wp-content\/uploads\/2025\/03\/Umaja-Greenlands-768x768.jpeg 768w\" sizes=\"(max-width: 800px) 100vw, 800px\" \/>\t\t\t\t\t\t\t\t<\/a>\n\t\t\t\t\t\t\t\t\t\t\t\t\t\t\t<\/div>\n\t\t\t\t<\/div>\n\t\t\t\t\t<\/div>\n\t\t\t\t<\/div>\n\t\t<div class=\"elementor-element elementor-element-9d3d145 e-flex e-con-boxed e-con e-parent\" data-id=\"9d3d145\" data-element_type=\"container\">\n\t\t\t\t\t<div class=\"e-con-inner\">\n\t\t\t\t<div class=\"elementor-element elementor-element-2ddd0ac elementor-widget elementor-widget-text-editor\" data-id=\"2ddd0ac\" data-element_type=\"widget\" data-widget_type=\"text-editor.default\">\n\t\t\t\t<div class=\"elementor-widget-container\">\n\t\t\t\t\t\t\t\t\t<p><a href=\"https:\/\/umojagreenlands.org\/\">Terras Verdes de Umoja: Construindo juntos comunidades pr\u00f3speras<\/a><\/p><p>Umoja Greenlands \u00e9 um movimento de base dedicado a unir comunidades em todo o Qu\u00e9nia para enfrentar desafios comuns atrav\u00e9s da colabora\u00e7\u00e3o, apoio m\u00fatuo e solu\u00e7\u00f5es sustent\u00e1veis. A nossa miss\u00e3o \u00e9 transformar vidas e, ao mesmo tempo, restaurar o ambiente para as gera\u00e7\u00f5es futuras.<\/p><p>Concentramo-nos nas principais \u00e1reas de impacto:<\/p><ul><li><strong>Acesso \u00e0 \u00e1gua pot\u00e1vel<\/strong> &#8211; Fornecer \u00e1gua segura e fi\u00e1vel a todas as comunidades.<\/li><li><strong>Seguran\u00e7a Alimentar e Permacultura<\/strong> &#8211; Promove a agricultura sustent\u00e1vel atrav\u00e9s de florestas alimentares e da agricultura regenerativa.<\/li><li><strong>Restaura\u00e7\u00e3o de terras<\/strong> &#8211; Revitalizar terras degradadas para garantir um futuro resiliente.<\/li><li><strong>Abrigo e Infra-estruturas<\/strong> &#8211; Construir casas e espa\u00e7os comuns atrav\u00e9s da a\u00e7\u00e3o colectiva.<\/li><li><strong>Apoio m\u00fatuo e colabora\u00e7\u00e3o<\/strong> &#8211; Refor\u00e7ar as comunidades atrav\u00e9s do trabalho conjunto.<\/li><\/ul><p>A nossa prioridade imediata \u00e9 a <strong>\u00e1gua pot\u00e1vel<\/strong>, porque a \u00e1gua \u00e9 vida. Ao instalar tanques de \u00e1gua comunit\u00e1rios, estamos a resolver a crise urgente da \u00e1gua &#8211; uma aldeia de cada vez.<\/p><p><a href=\"https:\/\/umojagreenlands.org\/\">Junta-te a n\u00f3s na cria\u00e7\u00e3o de um futuro de resili\u00eancia, abund\u00e2ncia e prosperidade partilhada.  <strong>Juntos, prosperamos.<\/strong><\/a><\/p>\t\t\t\t\t\t\t\t<\/div>\n\t\t\t\t<\/div>\n\t\t\t\t\t<\/div>\n\t\t\t\t<\/div>\n\t\t\t\t<\/div>\n\t\t","protected":false},"excerpt":{"rendered":"<p>Porque \u00e9 que apoiamos a Umoja Greenlands \ud83c\udf0d\ud83c\udf31 Como organiza\u00e7\u00e3o que defende op\u00e7\u00f5es veganas em espa\u00e7os p\u00fablicos em todo o Canad\u00e1, acreditamos que a justi\u00e7a alimentar, a sustentabilidade e o consumo \u00e9tico devem ser esfor\u00e7os globais. \u00c9 por isso que temos orgulho em reconhecer e apoiar o Umoja Greenlands Project, uma iniciativa de base no [&hellip;]<\/p>\n","protected":false},"author":3,"featured_media":0,"parent":0,"menu_order":0,"comment_status":"closed","ping_status":"closed","template":"","meta":{"footnotes":""},"class_list":["post-4350","page","type-page","status-publish","hentry"],"yoast_head":"<!-- This site is optimized with the Yoast SEO plugin v26.9 - https:\/\/yoast.com\/product\/yoast-seo-wordpress\/ -->\n<title>Terras Verdes de Umoja - Op\u00e7\u00e3o Vegana Canad\u00e1<\/title>\n<meta name=\"robots\" content=\"index, follow, max-snippet:-1, max-image-preview:large, max-video-preview:-1\" \/>\n<link rel=\"canonical\" href=\"http:\/\/veganoptioncanada.ca\/pt-pt\/terras-verdes-de-umoja\/\" \/>\n<meta property=\"og:locale\" content=\"pt_PT\" \/>\n<meta property=\"og:type\" content=\"article\" \/>\n<meta property=\"og:title\" content=\"Terras Verdes de Umoja - Op\u00e7\u00e3o Vegana Canad\u00e1\" \/>\n<meta property=\"og:description\" content=\"Porque \u00e9 que apoiamos a Umoja Greenlands \ud83c\udf0d\ud83c\udf31 Como organiza\u00e7\u00e3o que defende op\u00e7\u00f5es veganas em espa\u00e7os p\u00fablicos em todo o Canad\u00e1, acreditamos que a justi\u00e7a alimentar, a sustentabilidade e o consumo \u00e9tico devem ser esfor\u00e7os globais. \u00c9 por isso que temos orgulho em reconhecer e apoiar o Umoja Greenlands Project, uma iniciativa de base no [&hellip;]\" \/>\n<meta property=\"og:url\" content=\"http:\/\/veganoptioncanada.ca\/pt-pt\/terras-verdes-de-umoja\/\" \/>\n<meta property=\"og:site_name\" content=\"Op\u00e7\u00e3o Vegana Canad\u00e1\" \/>\n<meta property=\"article:publisher\" content=\"https:\/\/www.facebook.com\/VOOVCanada\/\" \/>\n<meta property=\"article:modified_time\" content=\"2025-03-30T03:16:00+00:00\" \/>\n<meta property=\"og:image\" content=\"https:\/\/veganoptioncanada.ca\/wp-content\/uploads\/2025\/03\/Umaja-Greenlands.jpeg\" \/>\n<meta name=\"twitter:card\" content=\"summary_large_image\" \/>\n<meta name=\"twitter:site\" content=\"@CanadaVegan\" \/>\n<meta name=\"twitter:label1\" content=\"Tempo estimado de leitura\" \/>\n\t<meta name=\"twitter:data1\" content=\"2 minutos\" \/>\n<script type=\"application\/ld+json\" class=\"yoast-schema-graph\">{\"@context\":\"https:\/\/schema.org\",\"@graph\":[{\"@type\":\"WebPage\",\"@id\":\"http:\/\/veganoptioncanada.ca\/pt-pt\/terras-verdes-de-umoja\/\",\"url\":\"http:\/\/veganoptioncanada.ca\/pt-pt\/terras-verdes-de-umoja\/\",\"name\":\"Terras Verdes de Umoja - Op\u00e7\u00e3o Vegana Canad\u00e1\",\"isPartOf\":{\"@id\":\"http:\/\/veganoptioncanada.ca\/pt-pt\/#website\"},\"primaryImageOfPage\":{\"@id\":\"http:\/\/veganoptioncanada.ca\/pt-pt\/terras-verdes-de-umoja\/#primaryimage\"},\"image\":{\"@id\":\"http:\/\/veganoptioncanada.ca\/pt-pt\/terras-verdes-de-umoja\/#primaryimage\"},\"thumbnailUrl\":\"https:\/\/veganoptioncanada.ca\/wp-content\/uploads\/2025\/03\/Umaja-Greenlands.jpeg\",\"datePublished\":\"2025-03-10T02:37:54+00:00\",\"dateModified\":\"2025-03-30T03:16:00+00:00\",\"breadcrumb\":{\"@id\":\"http:\/\/veganoptioncanada.ca\/pt-pt\/terras-verdes-de-umoja\/#breadcrumb\"},\"inLanguage\":\"pt-PT\",\"potentialAction\":[{\"@type\":\"ReadAction\",\"target\":[\"http:\/\/veganoptioncanada.ca\/pt-pt\/terras-verdes-de-umoja\/\"]}]},{\"@type\":\"ImageObject\",\"inLanguage\":\"pt-PT\",\"@id\":\"http:\/\/veganoptioncanada.ca\/pt-pt\/terras-verdes-de-umoja\/#primaryimage\",\"url\":\"https:\/\/veganoptioncanada.ca\/wp-content\/uploads\/2025\/03\/Umaja-Greenlands.jpeg\",\"contentUrl\":\"https:\/\/veganoptioncanada.ca\/wp-content\/uploads\/2025\/03\/Umaja-Greenlands.jpeg\"},{\"@type\":\"BreadcrumbList\",\"@id\":\"http:\/\/veganoptioncanada.ca\/pt-pt\/terras-verdes-de-umoja\/#breadcrumb\",\"itemListElement\":[{\"@type\":\"ListItem\",\"position\":1,\"name\":\"Home\",\"item\":\"https:\/\/veganoptioncanada.ca\/pt-pt\/\"},{\"@type\":\"ListItem\",\"position\":2,\"name\":\"Terras Verdes de Umoja\"}]},{\"@type\":\"WebSite\",\"@id\":\"http:\/\/veganoptioncanada.ca\/pt-pt\/#website\",\"url\":\"http:\/\/veganoptioncanada.ca\/pt-pt\/\",\"name\":\"Vegan Option Canada - Option V\u00e9gane Canada\",\"description\":\"\",\"publisher\":{\"@id\":\"http:\/\/veganoptioncanada.ca\/pt-pt\/#organization\"},\"potentialAction\":[{\"@type\":\"SearchAction\",\"target\":{\"@type\":\"EntryPoint\",\"urlTemplate\":\"http:\/\/veganoptioncanada.ca\/pt-pt\/?s={search_term_string}\"},\"query-input\":{\"@type\":\"PropertyValueSpecification\",\"valueRequired\":true,\"valueName\":\"search_term_string\"}}],\"inLanguage\":\"pt-PT\"},{\"@type\":\"Organization\",\"@id\":\"http:\/\/veganoptioncanada.ca\/pt-pt\/#organization\",\"name\":\"Vegan Option Canada\",\"url\":\"http:\/\/veganoptioncanada.ca\/pt-pt\/\",\"logo\":{\"@type\":\"ImageObject\",\"inLanguage\":\"pt-PT\",\"@id\":\"http:\/\/veganoptioncanada.ca\/pt-pt\/#\/schema\/logo\/image\/\",\"url\":\"http:\/\/veganoptioncanada.ca\/wp-content\/uploads\/2021\/04\/Logo_OVC_transparent_web.png\",\"contentUrl\":\"http:\/\/veganoptioncanada.ca\/wp-content\/uploads\/2021\/04\/Logo_OVC_transparent_web.png\",\"width\":200,\"height\":200,\"caption\":\"Vegan Option Canada\"},\"image\":{\"@id\":\"http:\/\/veganoptioncanada.ca\/pt-pt\/#\/schema\/logo\/image\/\"},\"sameAs\":[\"https:\/\/www.facebook.com\/VOOVCanada\/\",\"https:\/\/x.com\/CanadaVegan\",\"https:\/\/instagram.com\/veganoptioncanada\/\",\"https:\/\/www.youtube.com\/channel\/UCDVCrc0eUMbWkdRwsUQi4Hw\"]}]}<\/script>\n<!-- \/ Yoast SEO plugin. -->","yoast_head_json":{"title":"Terras Verdes de Umoja - Op\u00e7\u00e3o Vegana Canad\u00e1","robots":{"index":"index","follow":"follow","max-snippet":"max-snippet:-1","max-image-preview":"max-image-preview:large","max-video-preview":"max-video-preview:-1"},"canonical":"http:\/\/veganoptioncanada.ca\/pt-pt\/terras-verdes-de-umoja\/","og_locale":"pt_PT","og_type":"article","og_title":"Terras Verdes de Umoja - Op\u00e7\u00e3o Vegana Canad\u00e1","og_description":"Porque \u00e9 que apoiamos a Umoja Greenlands \ud83c\udf0d\ud83c\udf31 Como organiza\u00e7\u00e3o que defende op\u00e7\u00f5es veganas em espa\u00e7os p\u00fablicos em todo o Canad\u00e1, acreditamos que a justi\u00e7a alimentar, a sustentabilidade e o consumo \u00e9tico devem ser esfor\u00e7os globais. \u00c9 por isso que temos orgulho em reconhecer e apoiar o Umoja Greenlands Project, uma iniciativa de base no [&hellip;]","og_url":"http:\/\/veganoptioncanada.ca\/pt-pt\/terras-verdes-de-umoja\/","og_site_name":"Op\u00e7\u00e3o Vegana Canad\u00e1","article_publisher":"https:\/\/www.facebook.com\/VOOVCanada\/","article_modified_time":"2025-03-30T03:16:00+00:00","og_image":[{"url":"https:\/\/veganoptioncanada.ca\/wp-content\/uploads\/2025\/03\/Umaja-Greenlands.jpeg","type":"","width":"","height":""}],"twitter_card":"summary_large_image","twitter_site":"@CanadaVegan","twitter_misc":{"Tempo estimado de leitura":"2 minutos"},"schema":{"@context":"https:\/\/schema.org","@graph":[{"@type":"WebPage","@id":"http:\/\/veganoptioncanada.ca\/pt-pt\/terras-verdes-de-umoja\/","url":"http:\/\/veganoptioncanada.ca\/pt-pt\/terras-verdes-de-umoja\/","name":"Terras Verdes de Umoja - Op\u00e7\u00e3o Vegana Canad\u00e1","isPartOf":{"@id":"http:\/\/veganoptioncanada.ca\/pt-pt\/#website"},"primaryImageOfPage":{"@id":"http:\/\/veganoptioncanada.ca\/pt-pt\/terras-verdes-de-umoja\/#primaryimage"},"image":{"@id":"http:\/\/veganoptioncanada.ca\/pt-pt\/terras-verdes-de-umoja\/#primaryimage"},"thumbnailUrl":"https:\/\/veganoptioncanada.ca\/wp-content\/uploads\/2025\/03\/Umaja-Greenlands.jpeg","datePublished":"2025-03-10T02:37:54+00:00","dateModified":"2025-03-30T03:16:00+00:00","breadcrumb":{"@id":"http:\/\/veganoptioncanada.ca\/pt-pt\/terras-verdes-de-umoja\/#breadcrumb"},"inLanguage":"pt-PT","potentialAction":[{"@type":"ReadAction","target":["http:\/\/veganoptioncanada.ca\/pt-pt\/terras-verdes-de-umoja\/"]}]},{"@type":"ImageObject","inLanguage":"pt-PT","@id":"http:\/\/veganoptioncanada.ca\/pt-pt\/terras-verdes-de-umoja\/#primaryimage","url":"https:\/\/veganoptioncanada.ca\/wp-content\/uploads\/2025\/03\/Umaja-Greenlands.jpeg","contentUrl":"https:\/\/veganoptioncanada.ca\/wp-content\/uploads\/2025\/03\/Umaja-Greenlands.jpeg"},{"@type":"BreadcrumbList","@id":"http:\/\/veganoptioncanada.ca\/pt-pt\/terras-verdes-de-umoja\/#breadcrumb","itemListElement":[{"@type":"ListItem","position":1,"name":"Home","item":"https:\/\/veganoptioncanada.ca\/pt-pt\/"},{"@type":"ListItem","position":2,"name":"Terras Verdes de Umoja"}]},{"@type":"WebSite","@id":"http:\/\/veganoptioncanada.ca\/pt-pt\/#website","url":"http:\/\/veganoptioncanada.ca\/pt-pt\/","name":"Vegan Option Canada - Option V\u00e9gane Canada","description":"","publisher":{"@id":"http:\/\/veganoptioncanada.ca\/pt-pt\/#organization"},"potentialAction":[{"@type":"SearchAction","target":{"@type":"EntryPoint","urlTemplate":"http:\/\/veganoptioncanada.ca\/pt-pt\/?s={search_term_string}"},"query-input":{"@type":"PropertyValueSpecification","valueRequired":true,"valueName":"search_term_string"}}],"inLanguage":"pt-PT"},{"@type":"Organization","@id":"http:\/\/veganoptioncanada.ca\/pt-pt\/#organization","name":"Vegan Option Canada","url":"http:\/\/veganoptioncanada.ca\/pt-pt\/","logo":{"@type":"ImageObject","inLanguage":"pt-PT","@id":"http:\/\/veganoptioncanada.ca\/pt-pt\/#\/schema\/logo\/image\/","url":"http:\/\/veganoptioncanada.ca\/wp-content\/uploads\/2021\/04\/Logo_OVC_transparent_web.png","contentUrl":"http:\/\/veganoptioncanada.ca\/wp-content\/uploads\/2021\/04\/Logo_OVC_transparent_web.png","width":200,"height":200,"caption":"Vegan Option Canada"},"image":{"@id":"http:\/\/veganoptioncanada.ca\/pt-pt\/#\/schema\/logo\/image\/"},"sameAs":["https:\/\/www.facebook.com\/VOOVCanada\/","https:\/\/x.com\/CanadaVegan","https:\/\/instagram.com\/veganoptioncanada\/","https:\/\/www.youtube.com\/channel\/UCDVCrc0eUMbWkdRwsUQi4Hw"]}]}},"_links":{"self":[{"href":"http:\/\/veganoptioncanada.ca\/pt-pt\/wp-json\/wp\/v2\/pages\/4350","targetHints":{"allow":["GET"]}}],"collection":[{"href":"http:\/\/veganoptioncanada.ca\/pt-pt\/wp-json\/wp\/v2\/pages"}],"about":[{"href":"http:\/\/veganoptioncanada.ca\/pt-pt\/wp-json\/wp\/v2\/types\/page"}],"author":[{"embeddable":true,"href":"http:\/\/veganoptioncanada.ca\/pt-pt\/wp-json\/wp\/v2\/users\/3"}],"replies":[{"embeddable":true,"href":"http:\/\/veganoptioncanada.ca\/pt-pt\/wp-json\/wp\/v2\/comments?post=4350"}],"version-history":[{"count":1,"href":"http:\/\/veganoptioncanada.ca\/pt-pt\/wp-json\/wp\/v2\/pages\/4350\/revisions"}],"predecessor-version":[{"id":4351,"href":"http:\/\/veganoptioncanada.ca\/pt-pt\/wp-json\/wp\/v2\/pages\/4350\/revisions\/4351"}],"wp:attachment":[{"href":"http:\/\/veganoptioncanada.ca\/pt-pt\/wp-json\/wp\/v2\/media?parent=4350"}],"curies":[{"name":"wp","href":"https:\/\/api.w.org\/{rel}","templated":true}]}}