{"id":4367,"date":"2020-09-28T12:53:39","date_gmt":"2020-09-28T17:53:39","guid":{"rendered":"https:\/\/veganoptioncanada.ca\/caixa-de-ferramentas\/"},"modified":"2025-03-29T22:16:19","modified_gmt":"2025-03-30T03:16:19","slug":"caixa-de-ferramentas","status":"publish","type":"page","link":"https:\/\/veganoptioncanada.ca\/pt-pt\/caixa-de-ferramentas\/","title":{"rendered":"Caixa de ferramentas"},"content":{"rendered":"\t\t<div data-elementor-type=\"wp-page\" data-elementor-id=\"4367\" class=\"elementor elementor-4367 elementor-3197\" data-elementor-post-type=\"page\">\n\t\t\t\t\t\t<section class=\"elementor-section elementor-top-section elementor-element elementor-element-c5d533c elementor-section-boxed elementor-section-height-default elementor-section-height-default\" data-id=\"c5d533c\" data-element_type=\"section\">\n\t\t\t\t\t\t<div class=\"elementor-container elementor-column-gap-default\">\n\t\t\t\t\t<div class=\"elementor-column elementor-col-100 elementor-top-column elementor-element elementor-element-ad9a6dc\" data-id=\"ad9a6dc\" data-element_type=\"column\">\n\t\t\t<div class=\"elementor-widget-wrap elementor-element-populated\">\n\t\t\t\t\t\t<section class=\"elementor-section elementor-inner-section elementor-element elementor-element-9e27be5 elementor-section-boxed elementor-section-height-default elementor-section-height-default\" data-id=\"9e27be5\" data-element_type=\"section\">\n\t\t\t\t\t\t<div class=\"elementor-container elementor-column-gap-default\">\n\t\t\t\t\t<div class=\"elementor-column elementor-col-50 elementor-inner-column elementor-element elementor-element-0715f92\" data-id=\"0715f92\" data-element_type=\"column\">\n\t\t\t<div class=\"elementor-widget-wrap elementor-element-populated\">\n\t\t\t\t\t\t<div class=\"elementor-element elementor-element-304814b elementor-position-top elementor-widget elementor-widget-image-box\" data-id=\"304814b\" data-element_type=\"widget\" data-widget_type=\"image-box.default\">\n\t\t\t\t<div class=\"elementor-widget-container\">\n\t\t\t\t\t<div class=\"elementor-image-box-wrapper\"><figure class=\"elementor-image-box-img\"><a href=\"https:\/\/veganoptioncanada.ca\/pt-pt\/pensamento-critico\/\" tabindex=\"-1\"><img decoding=\"async\" width=\"150\" height=\"150\" src=\"https:\/\/veganoptioncanada.ca\/wp-content\/uploads\/2020\/09\/door-150x150.png\" class=\"attachment-thumbnail size-thumbnail wp-image-3217\" alt=\"\" \/><\/a><\/figure><div class=\"elementor-image-box-content\"><h3 class=\"elementor-image-box-title\"><a href=\"https:\/\/veganoptioncanada.ca\/pt-pt\/pensamento-critico\/\">PENSAMENTO CR\u00cdTICO<\/a><\/h3><p class=\"elementor-image-box-description\">O pensamento cr\u00edtico \u00e9 um processo que consiste em questionar as opini\u00f5es, os valores e os seus argumentos, o vocabul\u00e1rio utilizado e a representa\u00e7\u00e3o da realidade (teoria, etc.).<\/p><\/div><\/div>\t\t\t\t<\/div>\n\t\t\t\t<\/div>\n\t\t\t\t<div class=\"elementor-element elementor-element-853215d elementor-align-center elementor-widget elementor-widget-button\" data-id=\"853215d\" data-element_type=\"widget\" data-widget_type=\"button.default\">\n\t\t\t\t<div class=\"elementor-widget-container\">\n\t\t\t\t\t\t\t\t\t<div class=\"elementor-button-wrapper\">\n\t\t\t\t\t<a class=\"elementor-button elementor-button-link elementor-size-sm\" href=\"https:\/\/veganoptioncanada.ca\/pt-pt\/pensamento-critico\/\">\n\t\t\t\t\t\t<span class=\"elementor-button-content-wrapper\">\n\t\t\t\t\t\t\t\t\t<span class=\"elementor-button-text\">L\u00ea mais<\/span>\n\t\t\t\t\t<\/span>\n\t\t\t\t\t<\/a>\n\t\t\t\t<\/div>\n\t\t\t\t\t\t\t\t<\/div>\n\t\t\t\t<\/div>\n\t\t\t\t\t<\/div>\n\t\t<\/div>\n\t\t\t\t<div class=\"elementor-column elementor-col-50 elementor-inner-column elementor-element elementor-element-0e9b6eb\" data-id=\"0e9b6eb\" data-element_type=\"column\">\n\t\t\t<div class=\"elementor-widget-wrap elementor-element-populated\">\n\t\t\t\t\t\t<div class=\"elementor-element elementor-element-c91ea30 elementor-position-top elementor-widget elementor-widget-image-box\" data-id=\"c91ea30\" data-element_type=\"widget\" data-widget_type=\"image-box.default\">\n\t\t\t\t<div class=\"elementor-widget-container\">\n\t\t\t\t\t<div class=\"elementor-image-box-wrapper\"><figure class=\"elementor-image-box-img\"><a href=\"https:\/\/veganoptioncanada.ca\/pt-pt\/boa-vontade\/\" tabindex=\"-1\"><img decoding=\"async\" width=\"150\" height=\"150\" src=\"https:\/\/veganoptioncanada.ca\/wp-content\/uploads\/2020\/09\/weme-150x150.png\" class=\"attachment-thumbnail size-thumbnail wp-image-3222\" alt=\"\" srcset=\"https:\/\/veganoptioncanada.ca\/wp-content\/uploads\/2020\/09\/weme-150x150.png 150w, https:\/\/veganoptioncanada.ca\/wp-content\/uploads\/2020\/09\/weme-300x300.png 300w, https:\/\/veganoptioncanada.ca\/wp-content\/uploads\/2020\/09\/weme.png 640w\" sizes=\"(max-width: 150px) 100vw, 150px\" \/><\/a><\/figure><div class=\"elementor-image-box-content\"><h3 class=\"elementor-image-box-title\"><a href=\"https:\/\/veganoptioncanada.ca\/pt-pt\/boa-vontade\/\">BOA VONTADE<\/a><\/h3><p class=\"elementor-image-box-description\">A benevol\u00eancia \u00e9 a vontade de trabalhar para o bem e a felicidade dos outros. Permite-nos construir rela\u00e7\u00f5es saud\u00e1veis e, portanto, grupos capazes de trabalhar em conjunto. \n<\/p><\/div><\/div>\t\t\t\t<\/div>\n\t\t\t\t<\/div>\n\t\t\t\t<div class=\"elementor-element elementor-element-edca594 elementor-align-center elementor-widget elementor-widget-button\" data-id=\"edca594\" data-element_type=\"widget\" data-widget_type=\"button.default\">\n\t\t\t\t<div class=\"elementor-widget-container\">\n\t\t\t\t\t\t\t\t\t<div class=\"elementor-button-wrapper\">\n\t\t\t\t\t<a class=\"elementor-button elementor-button-link elementor-size-sm\" href=\"https:\/\/veganoptioncanada.ca\/pt-pt\/boa-vontade\/\">\n\t\t\t\t\t\t<span class=\"elementor-button-content-wrapper\">\n\t\t\t\t\t\t\t\t\t<span class=\"elementor-button-text\">L\u00ea mais<\/span>\n\t\t\t\t\t<\/span>\n\t\t\t\t\t<\/a>\n\t\t\t\t<\/div>\n\t\t\t\t\t\t\t\t<\/div>\n\t\t\t\t<\/div>\n\t\t\t\t\t<\/div>\n\t\t<\/div>\n\t\t\t\t\t<\/div>\n\t\t<\/section>\n\t\t\t\t<section class=\"elementor-section elementor-inner-section elementor-element elementor-element-c7bb643 elementor-section-boxed elementor-section-height-default elementor-section-height-default\" data-id=\"c7bb643\" data-element_type=\"section\">\n\t\t\t\t\t\t<div class=\"elementor-container elementor-column-gap-default\">\n\t\t\t\t\t<div class=\"elementor-column elementor-col-50 elementor-inner-column elementor-element elementor-element-6fae937\" data-id=\"6fae937\" data-element_type=\"column\">\n\t\t\t<div class=\"elementor-widget-wrap elementor-element-populated\">\n\t\t\t\t\t\t<div class=\"elementor-element elementor-element-5ff8b9e elementor-position-top elementor-widget elementor-widget-image-box\" data-id=\"5ff8b9e\" data-element_type=\"widget\" data-widget_type=\"image-box.default\">\n\t\t\t\t<div class=\"elementor-widget-container\">\n\t\t\t\t\t<div class=\"elementor-image-box-wrapper\"><figure class=\"elementor-image-box-img\"><a href=\"https:\/\/veganoptioncanada.ca\/pt-pt\/consentimento\/\" tabindex=\"-1\"><img decoding=\"async\" width=\"150\" height=\"150\" src=\"https:\/\/veganoptioncanada.ca\/wp-content\/uploads\/2020\/09\/consent-150x150.jpg\" class=\"attachment-thumbnail size-thumbnail wp-image-3226\" alt=\"\" \/><\/a><\/figure><div class=\"elementor-image-box-content\"><h3 class=\"elementor-image-box-title\"><a href=\"https:\/\/veganoptioncanada.ca\/pt-pt\/consentimento\/\">CONSENTIMENTO<\/a><\/h3><p class=\"elementor-image-box-description\">O consentimento \u00e9 o ato livre de pensar pelo qual nos comprometemos inteiramente a aceitar ou a realizar algo.\n<\/p><\/div><\/div>\t\t\t\t<\/div>\n\t\t\t\t<\/div>\n\t\t\t\t<div class=\"elementor-element elementor-element-a7f0b92 elementor-align-center elementor-widget elementor-widget-button\" data-id=\"a7f0b92\" data-element_type=\"widget\" data-widget_type=\"button.default\">\n\t\t\t\t<div class=\"elementor-widget-container\">\n\t\t\t\t\t\t\t\t\t<div class=\"elementor-button-wrapper\">\n\t\t\t\t\t<a class=\"elementor-button elementor-button-link elementor-size-sm\" href=\"https:\/\/veganoptioncanada.ca\/pt-pt\/consentimento\/\">\n\t\t\t\t\t\t<span class=\"elementor-button-content-wrapper\">\n\t\t\t\t\t\t\t\t\t<span class=\"elementor-button-text\">L\u00ea mais<\/span>\n\t\t\t\t\t<\/span>\n\t\t\t\t\t<\/a>\n\t\t\t\t<\/div>\n\t\t\t\t\t\t\t\t<\/div>\n\t\t\t\t<\/div>\n\t\t\t\t\t<\/div>\n\t\t<\/div>\n\t\t\t\t<div class=\"elementor-column elementor-col-50 elementor-inner-column elementor-element elementor-element-2de4c1a\" data-id=\"2de4c1a\" data-element_type=\"column\">\n\t\t\t<div class=\"elementor-widget-wrap elementor-element-populated\">\n\t\t\t\t\t\t<div class=\"elementor-element elementor-element-8a36720 elementor-position-top elementor-widget elementor-widget-image-box\" data-id=\"8a36720\" data-element_type=\"widget\" data-widget_type=\"image-box.default\">\n\t\t\t\t<div class=\"elementor-widget-container\">\n\t\t\t\t\t<div class=\"elementor-image-box-wrapper\"><figure class=\"elementor-image-box-img\"><a href=\"https:\/\/veganoptioncanada.ca\/pt-pt\/nao-violencia\/\" tabindex=\"-1\"><img loading=\"lazy\" decoding=\"async\" width=\"150\" height=\"150\" src=\"https:\/\/veganoptioncanada.ca\/wp-content\/uploads\/2020\/09\/non-violence-150x150.jpg\" class=\"attachment-thumbnail size-thumbnail wp-image-3229\" alt=\"\" srcset=\"https:\/\/veganoptioncanada.ca\/wp-content\/uploads\/2020\/09\/non-violence-150x150.jpg 150w, https:\/\/veganoptioncanada.ca\/wp-content\/uploads\/2020\/09\/non-violence-300x300.jpg 300w, https:\/\/veganoptioncanada.ca\/wp-content\/uploads\/2020\/09\/non-violence.jpg 640w\" sizes=\"(max-width: 150px) 100vw, 150px\" \/><\/a><\/figure><div class=\"elementor-image-box-content\"><h3 class=\"elementor-image-box-title\"><a href=\"https:\/\/veganoptioncanada.ca\/pt-pt\/nao-violencia\/\">N\u00c3O VIOL\u00caNCIA<\/a><\/h3><p class=\"elementor-image-box-description\">A n\u00e3o-viol\u00eancia diz respeito a tudo o que n\u00e3o ofende as pessoas e \u00e9 parte integrante da nossa estrat\u00e9gia.\n<\/p><\/div><\/div>\t\t\t\t<\/div>\n\t\t\t\t<\/div>\n\t\t\t\t<div class=\"elementor-element elementor-element-da7204f elementor-align-center elementor-widget elementor-widget-button\" data-id=\"da7204f\" data-element_type=\"widget\" data-widget_type=\"button.default\">\n\t\t\t\t<div class=\"elementor-widget-container\">\n\t\t\t\t\t\t\t\t\t<div class=\"elementor-button-wrapper\">\n\t\t\t\t\t<a class=\"elementor-button elementor-button-link elementor-size-sm\" href=\"https:\/\/veganoptioncanada.ca\/pt-pt\/nao-violencia\/\">\n\t\t\t\t\t\t<span class=\"elementor-button-content-wrapper\">\n\t\t\t\t\t\t\t\t\t<span class=\"elementor-button-text\">L\u00ea mais<\/span>\n\t\t\t\t\t<\/span>\n\t\t\t\t\t<\/a>\n\t\t\t\t<\/div>\n\t\t\t\t\t\t\t\t<\/div>\n\t\t\t\t<\/div>\n\t\t\t\t\t<\/div>\n\t\t<\/div>\n\t\t\t\t\t<\/div>\n\t\t<\/section>\n\t\t\t\t\t<\/div>\n\t\t<\/div>\n\t\t\t\t\t<\/div>\n\t\t<\/section>\n\t\t\t\t<section class=\"elementor-section elementor-top-section elementor-element elementor-element-3c11ff63 elementor-section-boxed elementor-section-height-default elementor-section-height-default\" data-id=\"3c11ff63\" data-element_type=\"section\">\n\t\t\t\t\t\t<div class=\"elementor-container elementor-column-gap-default\">\n\t\t\t\t\t<div class=\"elementor-column elementor-col-100 elementor-top-column elementor-element elementor-element-5578a73d\" data-id=\"5578a73d\" data-element_type=\"column\">\n\t\t\t<div class=\"elementor-widget-wrap elementor-element-populated\">\n\t\t\t\t\t\t<div class=\"elementor-element elementor-element-45663382 elementor-widget-divider--view-line elementor-widget elementor-widget-divider\" data-id=\"45663382\" data-element_type=\"widget\" data-widget_type=\"divider.default\">\n\t\t\t\t<div class=\"elementor-widget-container\">\n\t\t\t\t\t\t\t<div class=\"elementor-divider\">\n\t\t\t<span class=\"elementor-divider-separator\">\n\t\t\t\t\t\t<\/span>\n\t\t<\/div>\n\t\t\t\t\t\t<\/div>\n\t\t\t\t<\/div>\n\t\t\t\t<div class=\"elementor-element elementor-element-5d0b88b4 elementor-widget elementor-widget-author-box\" data-id=\"5d0b88b4\" data-element_type=\"widget\" data-widget_type=\"author-box.default\">\n\t\t\t\t<div class=\"elementor-widget-container\">\n\t\t\t\t\t\t\t<div class=\"elementor-author-box\">\n\t\t\t\t\t\t\t<a href=\"https:\/\/projet-meduses.com\/\" class=\"elementor-author-box__avatar\">\n\t\t\t\t\t<img decoding=\"async\" src=\"https:\/\/veganoptioncanada.ca\/wp-content\/uploads\/2020\/09\/cropped-logoweb-150x150-1.png\" alt=\"Picture of Cr\u00e9dito: PROJET M\u00c9DUSES\" loading=\"lazy\">\n\t\t\t\t<\/a>\n\t\t\t\n\t\t\t<div class=\"elementor-author-box__text\">\n\t\t\t\t\t\t\t\t\t<a href=\"https:\/\/projet-meduses.com\/\">\n\t\t\t\t\t\t<h4 class=\"elementor-author-box__name\">\n\t\t\t\t\t\t\tCr\u00e9dito: PROJET M\u00c9DUSES\t\t\t\t\t\t<\/h4>\n\t\t\t\t\t<\/a>\n\t\t\t\t\n\t\t\t\t\t\t\t\t\t<div class=\"elementor-author-box__bio\">\n\t\t\t\t\t\t<p>Este conte\u00fado foi originalmente criado pelos nossos parceiros do Projeto Meduse, reproduzido aqui com a sua autoriza\u00e7\u00e3o e adotado pelo coletivo Option V\u00e9gane Canada.<\/p>\n\t\t\t\t\t<\/div>\n\t\t\t\t\n\t\t\t\t\t\t\t<\/div>\n\t\t<\/div>\n\t\t\t\t\t\t<\/div>\n\t\t\t\t<\/div>\n\t\t\t\t\t<\/div>\n\t\t<\/div>\n\t\t\t\t\t<\/div>\n\t\t<\/section>\n\t\t\t\t<\/div>\n\t\t","protected":false},"excerpt":{"rendered":"<p>PENSAMENTO CR\u00cdTICO O pensamento cr\u00edtico \u00e9 um processo que consiste em questionar as opini\u00f5es, os valores e os seus argumentos, o vocabul\u00e1rio utilizado e a representa\u00e7\u00e3o da realidade (teoria, etc.). L\u00ea mais BOA VONTADE A benevol\u00eancia \u00e9 a vontade de trabalhar para o bem e a felicidade dos outros. Permite-nos construir rela\u00e7\u00f5es saud\u00e1veis e, portanto, [&hellip;]<\/p>\n","protected":false},"author":2,"featured_media":0,"parent":0,"menu_order":0,"comment_status":"closed","ping_status":"closed","template":"","meta":{"footnotes":""},"class_list":["post-4367","page","type-page","status-publish","hentry"],"yoast_head":"<!-- This site is optimized with the Yoast SEO plugin v26.9 - https:\/\/yoast.com\/product\/yoast-seo-wordpress\/ -->\n<title>Caixa de ferramentas - Op\u00e7\u00e3o Vegana Canad\u00e1<\/title>\n<meta name=\"robots\" content=\"index, follow, max-snippet:-1, max-image-preview:large, max-video-preview:-1\" \/>\n<link rel=\"canonical\" href=\"https:\/\/veganoptioncanada.ca\/pt-pt\/caixa-de-ferramentas\/\" \/>\n<meta property=\"og:locale\" content=\"pt_PT\" \/>\n<meta property=\"og:type\" content=\"article\" \/>\n<meta property=\"og:title\" content=\"Caixa de ferramentas - Op\u00e7\u00e3o Vegana Canad\u00e1\" \/>\n<meta property=\"og:description\" content=\"PENSAMENTO CR\u00cdTICO O pensamento cr\u00edtico \u00e9 um processo que consiste em questionar as opini\u00f5es, os valores e os seus argumentos, o vocabul\u00e1rio utilizado e a representa\u00e7\u00e3o da realidade (teoria, etc.). L\u00ea mais BOA VONTADE A benevol\u00eancia \u00e9 a vontade de trabalhar para o bem e a felicidade dos outros. Permite-nos construir rela\u00e7\u00f5es saud\u00e1veis e, portanto, [&hellip;]\" \/>\n<meta property=\"og:url\" content=\"https:\/\/veganoptioncanada.ca\/pt-pt\/caixa-de-ferramentas\/\" \/>\n<meta property=\"og:site_name\" content=\"Op\u00e7\u00e3o Vegana Canad\u00e1\" \/>\n<meta property=\"article:publisher\" content=\"https:\/\/www.facebook.com\/VOOVCanada\/\" \/>\n<meta property=\"article:modified_time\" content=\"2025-03-30T03:16:19+00:00\" \/>\n<meta property=\"og:image\" content=\"https:\/\/veganoptioncanada.ca\/wp-content\/uploads\/2020\/09\/door-150x150.png\" \/>\n<meta name=\"twitter:card\" content=\"summary_large_image\" \/>\n<meta name=\"twitter:site\" content=\"@CanadaVegan\" \/>\n<meta name=\"twitter:label1\" content=\"Tempo estimado de leitura\" \/>\n\t<meta name=\"twitter:data1\" content=\"1 minuto\" \/>\n<script type=\"application\/ld+json\" class=\"yoast-schema-graph\">{\"@context\":\"https:\/\/schema.org\",\"@graph\":[{\"@type\":\"WebPage\",\"@id\":\"https:\/\/veganoptioncanada.ca\/pt-pt\/caixa-de-ferramentas\/\",\"url\":\"https:\/\/veganoptioncanada.ca\/pt-pt\/caixa-de-ferramentas\/\",\"name\":\"Caixa de ferramentas - Op\u00e7\u00e3o Vegana Canad\u00e1\",\"isPartOf\":{\"@id\":\"http:\/\/veganoptioncanada.ca\/pt-pt\/#website\"},\"primaryImageOfPage\":{\"@id\":\"https:\/\/veganoptioncanada.ca\/pt-pt\/caixa-de-ferramentas\/#primaryimage\"},\"image\":{\"@id\":\"https:\/\/veganoptioncanada.ca\/pt-pt\/caixa-de-ferramentas\/#primaryimage\"},\"thumbnailUrl\":\"https:\/\/veganoptioncanada.ca\/wp-content\/uploads\/2020\/09\/door-150x150.png\",\"datePublished\":\"2020-09-28T17:53:39+00:00\",\"dateModified\":\"2025-03-30T03:16:19+00:00\",\"breadcrumb\":{\"@id\":\"https:\/\/veganoptioncanada.ca\/pt-pt\/caixa-de-ferramentas\/#breadcrumb\"},\"inLanguage\":\"pt-PT\",\"potentialAction\":[{\"@type\":\"ReadAction\",\"target\":[\"https:\/\/veganoptioncanada.ca\/pt-pt\/caixa-de-ferramentas\/\"]}]},{\"@type\":\"ImageObject\",\"inLanguage\":\"pt-PT\",\"@id\":\"https:\/\/veganoptioncanada.ca\/pt-pt\/caixa-de-ferramentas\/#primaryimage\",\"url\":\"https:\/\/veganoptioncanada.ca\/wp-content\/uploads\/2020\/09\/door-150x150.png\",\"contentUrl\":\"https:\/\/veganoptioncanada.ca\/wp-content\/uploads\/2020\/09\/door-150x150.png\"},{\"@type\":\"BreadcrumbList\",\"@id\":\"https:\/\/veganoptioncanada.ca\/pt-pt\/caixa-de-ferramentas\/#breadcrumb\",\"itemListElement\":[{\"@type\":\"ListItem\",\"position\":1,\"name\":\"Home\",\"item\":\"https:\/\/veganoptioncanada.ca\/pt-pt\/\"},{\"@type\":\"ListItem\",\"position\":2,\"name\":\"Caixa de ferramentas\"}]},{\"@type\":\"WebSite\",\"@id\":\"http:\/\/veganoptioncanada.ca\/pt-pt\/#website\",\"url\":\"http:\/\/veganoptioncanada.ca\/pt-pt\/\",\"name\":\"Vegan Option Canada - Option V\u00e9gane Canada\",\"description\":\"\",\"publisher\":{\"@id\":\"http:\/\/veganoptioncanada.ca\/pt-pt\/#organization\"},\"potentialAction\":[{\"@type\":\"SearchAction\",\"target\":{\"@type\":\"EntryPoint\",\"urlTemplate\":\"http:\/\/veganoptioncanada.ca\/pt-pt\/?s={search_term_string}\"},\"query-input\":{\"@type\":\"PropertyValueSpecification\",\"valueRequired\":true,\"valueName\":\"search_term_string\"}}],\"inLanguage\":\"pt-PT\"},{\"@type\":\"Organization\",\"@id\":\"http:\/\/veganoptioncanada.ca\/pt-pt\/#organization\",\"name\":\"Vegan Option Canada\",\"url\":\"http:\/\/veganoptioncanada.ca\/pt-pt\/\",\"logo\":{\"@type\":\"ImageObject\",\"inLanguage\":\"pt-PT\",\"@id\":\"http:\/\/veganoptioncanada.ca\/pt-pt\/#\/schema\/logo\/image\/\",\"url\":\"http:\/\/veganoptioncanada.ca\/wp-content\/uploads\/2021\/04\/Logo_OVC_transparent_web.png\",\"contentUrl\":\"http:\/\/veganoptioncanada.ca\/wp-content\/uploads\/2021\/04\/Logo_OVC_transparent_web.png\",\"width\":200,\"height\":200,\"caption\":\"Vegan Option Canada\"},\"image\":{\"@id\":\"http:\/\/veganoptioncanada.ca\/pt-pt\/#\/schema\/logo\/image\/\"},\"sameAs\":[\"https:\/\/www.facebook.com\/VOOVCanada\/\",\"https:\/\/x.com\/CanadaVegan\",\"https:\/\/instagram.com\/veganoptioncanada\/\",\"https:\/\/www.youtube.com\/channel\/UCDVCrc0eUMbWkdRwsUQi4Hw\"]}]}<\/script>\n<!-- \/ Yoast SEO plugin. -->","yoast_head_json":{"title":"Caixa de ferramentas - Op\u00e7\u00e3o Vegana Canad\u00e1","robots":{"index":"index","follow":"follow","max-snippet":"max-snippet:-1","max-image-preview":"max-image-preview:large","max-video-preview":"max-video-preview:-1"},"canonical":"https:\/\/veganoptioncanada.ca\/pt-pt\/caixa-de-ferramentas\/","og_locale":"pt_PT","og_type":"article","og_title":"Caixa de ferramentas - Op\u00e7\u00e3o Vegana Canad\u00e1","og_description":"PENSAMENTO CR\u00cdTICO O pensamento cr\u00edtico \u00e9 um processo que consiste em questionar as opini\u00f5es, os valores e os seus argumentos, o vocabul\u00e1rio utilizado e a representa\u00e7\u00e3o da realidade (teoria, etc.). L\u00ea mais BOA VONTADE A benevol\u00eancia \u00e9 a vontade de trabalhar para o bem e a felicidade dos outros. Permite-nos construir rela\u00e7\u00f5es saud\u00e1veis e, portanto, [&hellip;]","og_url":"https:\/\/veganoptioncanada.ca\/pt-pt\/caixa-de-ferramentas\/","og_site_name":"Op\u00e7\u00e3o Vegana Canad\u00e1","article_publisher":"https:\/\/www.facebook.com\/VOOVCanada\/","article_modified_time":"2025-03-30T03:16:19+00:00","og_image":[{"url":"https:\/\/veganoptioncanada.ca\/wp-content\/uploads\/2020\/09\/door-150x150.png","type":"","width":"","height":""}],"twitter_card":"summary_large_image","twitter_site":"@CanadaVegan","twitter_misc":{"Tempo estimado de leitura":"1 minuto"},"schema":{"@context":"https:\/\/schema.org","@graph":[{"@type":"WebPage","@id":"https:\/\/veganoptioncanada.ca\/pt-pt\/caixa-de-ferramentas\/","url":"https:\/\/veganoptioncanada.ca\/pt-pt\/caixa-de-ferramentas\/","name":"Caixa de ferramentas - Op\u00e7\u00e3o Vegana Canad\u00e1","isPartOf":{"@id":"http:\/\/veganoptioncanada.ca\/pt-pt\/#website"},"primaryImageOfPage":{"@id":"https:\/\/veganoptioncanada.ca\/pt-pt\/caixa-de-ferramentas\/#primaryimage"},"image":{"@id":"https:\/\/veganoptioncanada.ca\/pt-pt\/caixa-de-ferramentas\/#primaryimage"},"thumbnailUrl":"https:\/\/veganoptioncanada.ca\/wp-content\/uploads\/2020\/09\/door-150x150.png","datePublished":"2020-09-28T17:53:39+00:00","dateModified":"2025-03-30T03:16:19+00:00","breadcrumb":{"@id":"https:\/\/veganoptioncanada.ca\/pt-pt\/caixa-de-ferramentas\/#breadcrumb"},"inLanguage":"pt-PT","potentialAction":[{"@type":"ReadAction","target":["https:\/\/veganoptioncanada.ca\/pt-pt\/caixa-de-ferramentas\/"]}]},{"@type":"ImageObject","inLanguage":"pt-PT","@id":"https:\/\/veganoptioncanada.ca\/pt-pt\/caixa-de-ferramentas\/#primaryimage","url":"https:\/\/veganoptioncanada.ca\/wp-content\/uploads\/2020\/09\/door-150x150.png","contentUrl":"https:\/\/veganoptioncanada.ca\/wp-content\/uploads\/2020\/09\/door-150x150.png"},{"@type":"BreadcrumbList","@id":"https:\/\/veganoptioncanada.ca\/pt-pt\/caixa-de-ferramentas\/#breadcrumb","itemListElement":[{"@type":"ListItem","position":1,"name":"Home","item":"https:\/\/veganoptioncanada.ca\/pt-pt\/"},{"@type":"ListItem","position":2,"name":"Caixa de ferramentas"}]},{"@type":"WebSite","@id":"http:\/\/veganoptioncanada.ca\/pt-pt\/#website","url":"http:\/\/veganoptioncanada.ca\/pt-pt\/","name":"Vegan Option Canada - Option V\u00e9gane Canada","description":"","publisher":{"@id":"http:\/\/veganoptioncanada.ca\/pt-pt\/#organization"},"potentialAction":[{"@type":"SearchAction","target":{"@type":"EntryPoint","urlTemplate":"http:\/\/veganoptioncanada.ca\/pt-pt\/?s={search_term_string}"},"query-input":{"@type":"PropertyValueSpecification","valueRequired":true,"valueName":"search_term_string"}}],"inLanguage":"pt-PT"},{"@type":"Organization","@id":"http:\/\/veganoptioncanada.ca\/pt-pt\/#organization","name":"Vegan Option Canada","url":"http:\/\/veganoptioncanada.ca\/pt-pt\/","logo":{"@type":"ImageObject","inLanguage":"pt-PT","@id":"http:\/\/veganoptioncanada.ca\/pt-pt\/#\/schema\/logo\/image\/","url":"http:\/\/veganoptioncanada.ca\/wp-content\/uploads\/2021\/04\/Logo_OVC_transparent_web.png","contentUrl":"http:\/\/veganoptioncanada.ca\/wp-content\/uploads\/2021\/04\/Logo_OVC_transparent_web.png","width":200,"height":200,"caption":"Vegan Option Canada"},"image":{"@id":"http:\/\/veganoptioncanada.ca\/pt-pt\/#\/schema\/logo\/image\/"},"sameAs":["https:\/\/www.facebook.com\/VOOVCanada\/","https:\/\/x.com\/CanadaVegan","https:\/\/instagram.com\/veganoptioncanada\/","https:\/\/www.youtube.com\/channel\/UCDVCrc0eUMbWkdRwsUQi4Hw"]}]}},"_links":{"self":[{"href":"https:\/\/veganoptioncanada.ca\/pt-pt\/wp-json\/wp\/v2\/pages\/4367","targetHints":{"allow":["GET"]}}],"collection":[{"href":"https:\/\/veganoptioncanada.ca\/pt-pt\/wp-json\/wp\/v2\/pages"}],"about":[{"href":"https:\/\/veganoptioncanada.ca\/pt-pt\/wp-json\/wp\/v2\/types\/page"}],"author":[{"embeddable":true,"href":"https:\/\/veganoptioncanada.ca\/pt-pt\/wp-json\/wp\/v2\/users\/2"}],"replies":[{"embeddable":true,"href":"https:\/\/veganoptioncanada.ca\/pt-pt\/wp-json\/wp\/v2\/comments?post=4367"}],"version-history":[{"count":1,"href":"https:\/\/veganoptioncanada.ca\/pt-pt\/wp-json\/wp\/v2\/pages\/4367\/revisions"}],"predecessor-version":[{"id":4371,"href":"https:\/\/veganoptioncanada.ca\/pt-pt\/wp-json\/wp\/v2\/pages\/4367\/revisions\/4371"}],"wp:attachment":[{"href":"https:\/\/veganoptioncanada.ca\/pt-pt\/wp-json\/wp\/v2\/media?parent=4367"}],"curies":[{"name":"wp","href":"https:\/\/api.w.org\/{rel}","templated":true}]}}