{"id":4423,"date":"2021-03-31T09:39:47","date_gmt":"2021-03-31T14:39:47","guid":{"rendered":"https:\/\/veganoptioncanada.ca\/estrategia\/"},"modified":"2025-03-29T22:17:03","modified_gmt":"2025-03-30T03:17:03","slug":"estrategia","status":"publish","type":"page","link":"https:\/\/veganoptioncanada.ca\/pt-pt\/estrategia\/","title":{"rendered":"Estrat\u00e9gia"},"content":{"rendered":"\t\t<div data-elementor-type=\"wp-page\" data-elementor-id=\"4423\" class=\"elementor elementor-4423 elementor-4068\" data-elementor-post-type=\"page\">\n\t\t\t\t\t\t<section class=\"elementor-section elementor-top-section elementor-element elementor-element-2fce03e elementor-section-boxed elementor-section-height-default elementor-section-height-default\" data-id=\"2fce03e\" data-element_type=\"section\">\n\t\t\t\t\t\t<div class=\"elementor-container elementor-column-gap-default\">\n\t\t\t\t\t<div class=\"elementor-column elementor-col-100 elementor-top-column elementor-element elementor-element-e7dad6a\" data-id=\"e7dad6a\" data-element_type=\"column\">\n\t\t\t<div class=\"elementor-widget-wrap elementor-element-populated\">\n\t\t\t\t\t\t<div class=\"elementor-element elementor-element-9dbfc9d elementor-widget elementor-widget-text-editor\" data-id=\"9dbfc9d\" data-element_type=\"widget\" data-widget_type=\"text-editor.default\">\n\t\t\t\t<div class=\"elementor-widget-container\">\n\t\t\t\t\t\t\t\t\t<p>Dado que a vit\u00f3ria apenas no terreno pol\u00edtico \u00e9 muito dif\u00edcil de alcan\u00e7ar nesta fase no contexto canadiano, a estrat\u00e9gia ir\u00e1 divergir, adoptando uma abordagem sist\u00e9mica. Trabalharemos na mudan\u00e7a cultural atrav\u00e9s de <\/p><ul><li>Participa na forma\u00e7\u00e3o de uma eco-comunidade vegana intencional que \u00e9 tamb\u00e9m um centro de mudan\u00e7a social.<ul><li>Esta dire\u00e7\u00e3o estrat\u00e9gica \u00e9 necess\u00e1ria para fomentar uma base s\u00f3lida de volunt\u00e1rios e activistas que trabalham para a mudan\u00e7a social no sentido de uma transi\u00e7\u00e3o \u00e0 base de plantas num ambiente coletivo e comunit\u00e1rio de confian\u00e7a.<\/li><\/ul><\/li><li>Participa numa coliga\u00e7\u00e3o que re\u00fane quase todas as principais organiza\u00e7\u00f5es de justi\u00e7a animal do Canad\u00e1.<ul><li>Esta dire\u00e7\u00e3o estrat\u00e9gica \u00e9 necess\u00e1ria para fomentar a colabora\u00e7\u00e3o, a coopera\u00e7\u00e3o e a unidade para conseguir uma transi\u00e7\u00e3o baseada em plantas no Canad\u00e1, e para construir e aumentar o poder coletivo para atingir este objetivo.<\/li><\/ul><\/li><li>Lan\u00e7amento de cursos de cozinha vegana em linha gratuitos.<ul><li>Esta orienta\u00e7\u00e3o estrat\u00e9gica \u00e9 necess\u00e1ria para promover uma comunidade mais pr\u00f3xima de consumidores veganos que tamb\u00e9m estejam dispon\u00edveis e dispostos a participar e apoiar campanhas pol\u00edticas.  <\/li><\/ul><\/li><\/ul>\t\t\t\t\t\t\t\t<\/div>\n\t\t\t\t<\/div>\n\t\t\t\t<div class=\"elementor-element elementor-element-5023a53 elementor-widget elementor-widget-image\" data-id=\"5023a53\" data-element_type=\"widget\" data-widget_type=\"image.default\">\n\t\t\t\t<div class=\"elementor-widget-container\">\n\t\t\t\t\t\t\t\t\t\t\t\t\t\t\t<img fetchpriority=\"high\" decoding=\"async\" width=\"761\" height=\"471\" src=\"https:\/\/veganoptioncanada.ca\/wp-content\/uploads\/2021\/03\/Screen-Shot-2021-03-31-at-8.22.33-AM.jpg\" class=\"attachment-large size-large wp-image-4069\" alt=\"\" srcset=\"https:\/\/veganoptioncanada.ca\/wp-content\/uploads\/2021\/03\/Screen-Shot-2021-03-31-at-8.22.33-AM.jpg 761w, https:\/\/veganoptioncanada.ca\/wp-content\/uploads\/2021\/03\/Screen-Shot-2021-03-31-at-8.22.33-AM-300x186.jpg 300w\" sizes=\"(max-width: 761px) 100vw, 761px\" \/>\t\t\t\t\t\t\t\t\t\t\t\t\t\t\t<\/div>\n\t\t\t\t<\/div>\n\t\t\t\t\t<\/div>\n\t\t<\/div>\n\t\t\t\t\t<\/div>\n\t\t<\/section>\n\t\t\t\t<\/div>\n\t\t","protected":false},"excerpt":{"rendered":"<p>Dado que a vit\u00f3ria apenas no terreno pol\u00edtico \u00e9 muito dif\u00edcil de alcan\u00e7ar nesta fase no contexto canadiano, a estrat\u00e9gia ir\u00e1 divergir, adoptando uma abordagem sist\u00e9mica. Trabalharemos na mudan\u00e7a cultural atrav\u00e9s de Participa na forma\u00e7\u00e3o de uma eco-comunidade vegana intencional que \u00e9 tamb\u00e9m um centro de mudan\u00e7a social. Esta dire\u00e7\u00e3o estrat\u00e9gica \u00e9 necess\u00e1ria para fomentar [&hellip;]<\/p>\n","protected":false},"author":3,"featured_media":0,"parent":0,"menu_order":0,"comment_status":"closed","ping_status":"closed","template":"","meta":{"footnotes":""},"class_list":["post-4423","page","type-page","status-publish","hentry"],"yoast_head":"<!-- This site is optimized with the Yoast SEO plugin v26.9 - https:\/\/yoast.com\/product\/yoast-seo-wordpress\/ -->\n<title>Estrat\u00e9gia - Op\u00e7\u00e3o Vegana Canad\u00e1<\/title>\n<meta name=\"robots\" content=\"index, follow, max-snippet:-1, max-image-preview:large, max-video-preview:-1\" \/>\n<link rel=\"canonical\" href=\"https:\/\/veganoptioncanada.ca\/pt-pt\/estrategia\/\" \/>\n<meta property=\"og:locale\" content=\"pt_PT\" \/>\n<meta property=\"og:type\" content=\"article\" \/>\n<meta property=\"og:title\" content=\"Estrat\u00e9gia - Op\u00e7\u00e3o Vegana Canad\u00e1\" \/>\n<meta property=\"og:description\" content=\"Dado que a vit\u00f3ria apenas no terreno pol\u00edtico \u00e9 muito dif\u00edcil de alcan\u00e7ar nesta fase no contexto canadiano, a estrat\u00e9gia ir\u00e1 divergir, adoptando uma abordagem sist\u00e9mica. Trabalharemos na mudan\u00e7a cultural atrav\u00e9s de Participa na forma\u00e7\u00e3o de uma eco-comunidade vegana intencional que \u00e9 tamb\u00e9m um centro de mudan\u00e7a social. Esta dire\u00e7\u00e3o estrat\u00e9gica \u00e9 necess\u00e1ria para fomentar [&hellip;]\" \/>\n<meta property=\"og:url\" content=\"https:\/\/veganoptioncanada.ca\/pt-pt\/estrategia\/\" \/>\n<meta property=\"og:site_name\" content=\"Op\u00e7\u00e3o Vegana Canad\u00e1\" \/>\n<meta property=\"article:publisher\" content=\"https:\/\/www.facebook.com\/VOOVCanada\/\" \/>\n<meta property=\"article:modified_time\" content=\"2025-03-30T03:17:03+00:00\" \/>\n<meta property=\"og:image\" content=\"https:\/\/veganoptioncanada.ca\/wp-content\/uploads\/2021\/03\/Screen-Shot-2021-03-31-at-8.22.33-AM.jpg\" \/>\n<meta name=\"twitter:card\" content=\"summary_large_image\" \/>\n<meta name=\"twitter:site\" content=\"@CanadaVegan\" \/>\n<meta name=\"twitter:label1\" content=\"Tempo estimado de leitura\" \/>\n\t<meta name=\"twitter:data1\" content=\"1 minuto\" \/>\n<script type=\"application\/ld+json\" class=\"yoast-schema-graph\">{\"@context\":\"https:\/\/schema.org\",\"@graph\":[{\"@type\":\"WebPage\",\"@id\":\"https:\/\/veganoptioncanada.ca\/pt-pt\/estrategia\/\",\"url\":\"https:\/\/veganoptioncanada.ca\/pt-pt\/estrategia\/\",\"name\":\"Estrat\u00e9gia - Op\u00e7\u00e3o Vegana Canad\u00e1\",\"isPartOf\":{\"@id\":\"http:\/\/veganoptioncanada.ca\/pt-pt\/#website\"},\"primaryImageOfPage\":{\"@id\":\"https:\/\/veganoptioncanada.ca\/pt-pt\/estrategia\/#primaryimage\"},\"image\":{\"@id\":\"https:\/\/veganoptioncanada.ca\/pt-pt\/estrategia\/#primaryimage\"},\"thumbnailUrl\":\"https:\/\/veganoptioncanada.ca\/wp-content\/uploads\/2021\/03\/Screen-Shot-2021-03-31-at-8.22.33-AM.jpg\",\"datePublished\":\"2021-03-31T14:39:47+00:00\",\"dateModified\":\"2025-03-30T03:17:03+00:00\",\"breadcrumb\":{\"@id\":\"https:\/\/veganoptioncanada.ca\/pt-pt\/estrategia\/#breadcrumb\"},\"inLanguage\":\"pt-PT\",\"potentialAction\":[{\"@type\":\"ReadAction\",\"target\":[\"https:\/\/veganoptioncanada.ca\/pt-pt\/estrategia\/\"]}]},{\"@type\":\"ImageObject\",\"inLanguage\":\"pt-PT\",\"@id\":\"https:\/\/veganoptioncanada.ca\/pt-pt\/estrategia\/#primaryimage\",\"url\":\"https:\/\/veganoptioncanada.ca\/wp-content\/uploads\/2021\/03\/Screen-Shot-2021-03-31-at-8.22.33-AM.jpg\",\"contentUrl\":\"https:\/\/veganoptioncanada.ca\/wp-content\/uploads\/2021\/03\/Screen-Shot-2021-03-31-at-8.22.33-AM.jpg\"},{\"@type\":\"BreadcrumbList\",\"@id\":\"https:\/\/veganoptioncanada.ca\/pt-pt\/estrategia\/#breadcrumb\",\"itemListElement\":[{\"@type\":\"ListItem\",\"position\":1,\"name\":\"Home\",\"item\":\"https:\/\/veganoptioncanada.ca\/pt-pt\/\"},{\"@type\":\"ListItem\",\"position\":2,\"name\":\"Estrat\u00e9gia\"}]},{\"@type\":\"WebSite\",\"@id\":\"http:\/\/veganoptioncanada.ca\/pt-pt\/#website\",\"url\":\"http:\/\/veganoptioncanada.ca\/pt-pt\/\",\"name\":\"Vegan Option Canada - Option V\u00e9gane Canada\",\"description\":\"\",\"publisher\":{\"@id\":\"http:\/\/veganoptioncanada.ca\/pt-pt\/#organization\"},\"potentialAction\":[{\"@type\":\"SearchAction\",\"target\":{\"@type\":\"EntryPoint\",\"urlTemplate\":\"http:\/\/veganoptioncanada.ca\/pt-pt\/?s={search_term_string}\"},\"query-input\":{\"@type\":\"PropertyValueSpecification\",\"valueRequired\":true,\"valueName\":\"search_term_string\"}}],\"inLanguage\":\"pt-PT\"},{\"@type\":\"Organization\",\"@id\":\"http:\/\/veganoptioncanada.ca\/pt-pt\/#organization\",\"name\":\"Vegan Option Canada\",\"url\":\"http:\/\/veganoptioncanada.ca\/pt-pt\/\",\"logo\":{\"@type\":\"ImageObject\",\"inLanguage\":\"pt-PT\",\"@id\":\"http:\/\/veganoptioncanada.ca\/pt-pt\/#\/schema\/logo\/image\/\",\"url\":\"http:\/\/veganoptioncanada.ca\/wp-content\/uploads\/2021\/04\/Logo_OVC_transparent_web.png\",\"contentUrl\":\"http:\/\/veganoptioncanada.ca\/wp-content\/uploads\/2021\/04\/Logo_OVC_transparent_web.png\",\"width\":200,\"height\":200,\"caption\":\"Vegan Option Canada\"},\"image\":{\"@id\":\"http:\/\/veganoptioncanada.ca\/pt-pt\/#\/schema\/logo\/image\/\"},\"sameAs\":[\"https:\/\/www.facebook.com\/VOOVCanada\/\",\"https:\/\/x.com\/CanadaVegan\",\"https:\/\/instagram.com\/veganoptioncanada\/\",\"https:\/\/www.youtube.com\/channel\/UCDVCrc0eUMbWkdRwsUQi4Hw\"]}]}<\/script>\n<!-- \/ Yoast SEO plugin. -->","yoast_head_json":{"title":"Estrat\u00e9gia - Op\u00e7\u00e3o Vegana Canad\u00e1","robots":{"index":"index","follow":"follow","max-snippet":"max-snippet:-1","max-image-preview":"max-image-preview:large","max-video-preview":"max-video-preview:-1"},"canonical":"https:\/\/veganoptioncanada.ca\/pt-pt\/estrategia\/","og_locale":"pt_PT","og_type":"article","og_title":"Estrat\u00e9gia - Op\u00e7\u00e3o Vegana Canad\u00e1","og_description":"Dado que a vit\u00f3ria apenas no terreno pol\u00edtico \u00e9 muito dif\u00edcil de alcan\u00e7ar nesta fase no contexto canadiano, a estrat\u00e9gia ir\u00e1 divergir, adoptando uma abordagem sist\u00e9mica. Trabalharemos na mudan\u00e7a cultural atrav\u00e9s de Participa na forma\u00e7\u00e3o de uma eco-comunidade vegana intencional que \u00e9 tamb\u00e9m um centro de mudan\u00e7a social. Esta dire\u00e7\u00e3o estrat\u00e9gica \u00e9 necess\u00e1ria para fomentar [&hellip;]","og_url":"https:\/\/veganoptioncanada.ca\/pt-pt\/estrategia\/","og_site_name":"Op\u00e7\u00e3o Vegana Canad\u00e1","article_publisher":"https:\/\/www.facebook.com\/VOOVCanada\/","article_modified_time":"2025-03-30T03:17:03+00:00","og_image":[{"url":"https:\/\/veganoptioncanada.ca\/wp-content\/uploads\/2021\/03\/Screen-Shot-2021-03-31-at-8.22.33-AM.jpg","type":"","width":"","height":""}],"twitter_card":"summary_large_image","twitter_site":"@CanadaVegan","twitter_misc":{"Tempo estimado de leitura":"1 minuto"},"schema":{"@context":"https:\/\/schema.org","@graph":[{"@type":"WebPage","@id":"https:\/\/veganoptioncanada.ca\/pt-pt\/estrategia\/","url":"https:\/\/veganoptioncanada.ca\/pt-pt\/estrategia\/","name":"Estrat\u00e9gia - Op\u00e7\u00e3o Vegana Canad\u00e1","isPartOf":{"@id":"http:\/\/veganoptioncanada.ca\/pt-pt\/#website"},"primaryImageOfPage":{"@id":"https:\/\/veganoptioncanada.ca\/pt-pt\/estrategia\/#primaryimage"},"image":{"@id":"https:\/\/veganoptioncanada.ca\/pt-pt\/estrategia\/#primaryimage"},"thumbnailUrl":"https:\/\/veganoptioncanada.ca\/wp-content\/uploads\/2021\/03\/Screen-Shot-2021-03-31-at-8.22.33-AM.jpg","datePublished":"2021-03-31T14:39:47+00:00","dateModified":"2025-03-30T03:17:03+00:00","breadcrumb":{"@id":"https:\/\/veganoptioncanada.ca\/pt-pt\/estrategia\/#breadcrumb"},"inLanguage":"pt-PT","potentialAction":[{"@type":"ReadAction","target":["https:\/\/veganoptioncanada.ca\/pt-pt\/estrategia\/"]}]},{"@type":"ImageObject","inLanguage":"pt-PT","@id":"https:\/\/veganoptioncanada.ca\/pt-pt\/estrategia\/#primaryimage","url":"https:\/\/veganoptioncanada.ca\/wp-content\/uploads\/2021\/03\/Screen-Shot-2021-03-31-at-8.22.33-AM.jpg","contentUrl":"https:\/\/veganoptioncanada.ca\/wp-content\/uploads\/2021\/03\/Screen-Shot-2021-03-31-at-8.22.33-AM.jpg"},{"@type":"BreadcrumbList","@id":"https:\/\/veganoptioncanada.ca\/pt-pt\/estrategia\/#breadcrumb","itemListElement":[{"@type":"ListItem","position":1,"name":"Home","item":"https:\/\/veganoptioncanada.ca\/pt-pt\/"},{"@type":"ListItem","position":2,"name":"Estrat\u00e9gia"}]},{"@type":"WebSite","@id":"http:\/\/veganoptioncanada.ca\/pt-pt\/#website","url":"http:\/\/veganoptioncanada.ca\/pt-pt\/","name":"Vegan Option Canada - Option V\u00e9gane Canada","description":"","publisher":{"@id":"http:\/\/veganoptioncanada.ca\/pt-pt\/#organization"},"potentialAction":[{"@type":"SearchAction","target":{"@type":"EntryPoint","urlTemplate":"http:\/\/veganoptioncanada.ca\/pt-pt\/?s={search_term_string}"},"query-input":{"@type":"PropertyValueSpecification","valueRequired":true,"valueName":"search_term_string"}}],"inLanguage":"pt-PT"},{"@type":"Organization","@id":"http:\/\/veganoptioncanada.ca\/pt-pt\/#organization","name":"Vegan Option Canada","url":"http:\/\/veganoptioncanada.ca\/pt-pt\/","logo":{"@type":"ImageObject","inLanguage":"pt-PT","@id":"http:\/\/veganoptioncanada.ca\/pt-pt\/#\/schema\/logo\/image\/","url":"http:\/\/veganoptioncanada.ca\/wp-content\/uploads\/2021\/04\/Logo_OVC_transparent_web.png","contentUrl":"http:\/\/veganoptioncanada.ca\/wp-content\/uploads\/2021\/04\/Logo_OVC_transparent_web.png","width":200,"height":200,"caption":"Vegan Option Canada"},"image":{"@id":"http:\/\/veganoptioncanada.ca\/pt-pt\/#\/schema\/logo\/image\/"},"sameAs":["https:\/\/www.facebook.com\/VOOVCanada\/","https:\/\/x.com\/CanadaVegan","https:\/\/instagram.com\/veganoptioncanada\/","https:\/\/www.youtube.com\/channel\/UCDVCrc0eUMbWkdRwsUQi4Hw"]}]}},"_links":{"self":[{"href":"https:\/\/veganoptioncanada.ca\/pt-pt\/wp-json\/wp\/v2\/pages\/4423","targetHints":{"allow":["GET"]}}],"collection":[{"href":"https:\/\/veganoptioncanada.ca\/pt-pt\/wp-json\/wp\/v2\/pages"}],"about":[{"href":"https:\/\/veganoptioncanada.ca\/pt-pt\/wp-json\/wp\/v2\/types\/page"}],"author":[{"embeddable":true,"href":"https:\/\/veganoptioncanada.ca\/pt-pt\/wp-json\/wp\/v2\/users\/3"}],"replies":[{"embeddable":true,"href":"https:\/\/veganoptioncanada.ca\/pt-pt\/wp-json\/wp\/v2\/comments?post=4423"}],"version-history":[{"count":1,"href":"https:\/\/veganoptioncanada.ca\/pt-pt\/wp-json\/wp\/v2\/pages\/4423\/revisions"}],"predecessor-version":[{"id":4424,"href":"https:\/\/veganoptioncanada.ca\/pt-pt\/wp-json\/wp\/v2\/pages\/4423\/revisions\/4424"}],"wp:attachment":[{"href":"https:\/\/veganoptioncanada.ca\/pt-pt\/wp-json\/wp\/v2\/media?parent=4423"}],"curies":[{"name":"wp","href":"https:\/\/api.w.org\/{rel}","templated":true}]}}