{"id":4429,"date":"2020-09-28T13:33:44","date_gmt":"2020-09-28T18:33:44","guid":{"rendered":"https:\/\/veganoptioncanada.ca\/nao-violencia\/"},"modified":"2025-03-29T22:17:11","modified_gmt":"2025-03-30T03:17:11","slug":"nao-violencia","status":"publish","type":"page","link":"https:\/\/veganoptioncanada.ca\/pt-pt\/nao-violencia\/","title":{"rendered":"N\u00c3O VIOL\u00caNCIA"},"content":{"rendered":"\t\t<div data-elementor-type=\"wp-page\" data-elementor-id=\"4429\" class=\"elementor elementor-4429 elementor-3214\" data-elementor-post-type=\"page\">\n\t\t\t\t\t\t<section class=\"elementor-section elementor-top-section elementor-element elementor-element-cacdf39 elementor-section-boxed elementor-section-height-default elementor-section-height-default\" data-id=\"cacdf39\" data-element_type=\"section\">\n\t\t\t\t\t\t<div class=\"elementor-container elementor-column-gap-default\">\n\t\t\t\t\t<div class=\"elementor-column elementor-col-100 elementor-top-column elementor-element elementor-element-b20988b\" data-id=\"b20988b\" data-element_type=\"column\">\n\t\t\t<div class=\"elementor-widget-wrap elementor-element-populated\">\n\t\t\t\t\t\t<section class=\"elementor-section elementor-inner-section elementor-element elementor-element-75c0961 elementor-section-boxed elementor-section-height-default elementor-section-height-default\" data-id=\"75c0961\" data-element_type=\"section\">\n\t\t\t\t\t\t<div class=\"elementor-container elementor-column-gap-default\">\n\t\t\t\t\t<div class=\"elementor-column elementor-col-50 elementor-inner-column elementor-element elementor-element-6ae6a55\" data-id=\"6ae6a55\" data-element_type=\"column\">\n\t\t\t<div class=\"elementor-widget-wrap elementor-element-populated\">\n\t\t\t\t\t\t<div class=\"elementor-element elementor-element-70569b6 elementor-widget elementor-widget-image\" data-id=\"70569b6\" data-element_type=\"widget\" data-widget_type=\"image.default\">\n\t\t\t\t<div class=\"elementor-widget-container\">\n\t\t\t\t\t\t\t\t\t\t\t\t\t\t\t<img fetchpriority=\"high\" decoding=\"async\" width=\"640\" height=\"640\" src=\"https:\/\/veganoptioncanada.ca\/wp-content\/uploads\/2020\/09\/non-violence.jpg\" class=\"attachment-large size-large wp-image-3229\" alt=\"\" srcset=\"https:\/\/veganoptioncanada.ca\/wp-content\/uploads\/2020\/09\/non-violence.jpg 640w, https:\/\/veganoptioncanada.ca\/wp-content\/uploads\/2020\/09\/non-violence-300x300.jpg 300w, https:\/\/veganoptioncanada.ca\/wp-content\/uploads\/2020\/09\/non-violence-150x150.jpg 150w\" sizes=\"(max-width: 640px) 100vw, 640px\" \/>\t\t\t\t\t\t\t\t\t\t\t\t\t\t\t<\/div>\n\t\t\t\t<\/div>\n\t\t\t\t\t<\/div>\n\t\t<\/div>\n\t\t\t\t<div class=\"elementor-column elementor-col-50 elementor-inner-column elementor-element elementor-element-ae97936\" data-id=\"ae97936\" data-element_type=\"column\">\n\t\t\t<div class=\"elementor-widget-wrap elementor-element-populated\">\n\t\t\t\t\t\t<div class=\"elementor-element elementor-element-56ac491 elementor-widget elementor-widget-heading\" data-id=\"56ac491\" data-element_type=\"widget\" data-widget_type=\"heading.default\">\n\t\t\t\t<div class=\"elementor-widget-container\">\n\t\t\t\t\t<h2 class=\"elementor-heading-title elementor-size-default\">COMO ENTENDEMOS A N\u00c3O-VIOL\u00caNCIA<\/h2>\t\t\t\t<\/div>\n\t\t\t\t<\/div>\n\t\t\t\t<div class=\"elementor-element elementor-element-a6856d0 elementor-widget elementor-widget-text-editor\" data-id=\"a6856d0\" data-element_type=\"widget\" data-widget_type=\"text-editor.default\">\n\t\t\t\t<div class=\"elementor-widget-container\">\n\t\t\t\t\t\t\t\t\t<p>A n\u00e3o-viol\u00eancia \u00e9 tudo o que n\u00e3o ofende as pessoas. Isto inclui tanto ac\u00e7\u00f5es legais (manifesta\u00e7\u00f5es, acontecimentos, peti\u00e7\u00f5es, etc.) como ilegais (desobedi\u00eancia civil, pirataria inform\u00e1tica, sabotagem, exceto fogo e explosivos, etc.). Consideramos a n\u00e3o-viol\u00eancia como parte integrante da nossa estrat\u00e9gia. Diz-nos porqu\u00ea.   <\/p>\t\t\t\t\t\t\t\t<\/div>\n\t\t\t\t<\/div>\n\t\t\t\t<div class=\"elementor-element elementor-element-92ee8a2 elementor-widget elementor-widget-heading\" data-id=\"92ee8a2\" data-element_type=\"widget\" data-widget_type=\"heading.default\">\n\t\t\t\t<div class=\"elementor-widget-container\">\n\t\t\t\t\t<h2 class=\"elementor-heading-title elementor-size-default\">PROBLEMAS RELACIONADOS COM O USO DA VIOL\u00caNCIA (no nosso contexto)<\/h2>\t\t\t\t<\/div>\n\t\t\t\t<\/div>\n\t\t\t\t<div class=\"elementor-element elementor-element-c2efb22 elementor-widget elementor-widget-text-editor\" data-id=\"c2efb22\" data-element_type=\"widget\" data-widget_type=\"text-editor.default\">\n\t\t\t\t<div class=\"elementor-widget-container\">\n\t\t\t\t\t\t\t\t\t<ul><li>Falta de inclus\u00e3o (pessoas com defici\u00eancia ou problemas de sa\u00fade f\u00edsica ou mental, etc.) ;<\/li><li>Atrai perfis virilistas que s\u00e3o prejudiciais aos nossos camaradas;<\/li><li>Refor\u00e7o dos h\u00e1bitos de competi\u00e7\u00e3o pol\u00edtica ;<\/li><li>Refor\u00e7o da polariza\u00e7\u00e3o sociopol\u00edtica (rejei\u00e7\u00e3o e\/ou incompreens\u00e3o pela opini\u00e3o p\u00fablica e rea\u00e7\u00e3o do advers\u00e1rio).<\/li><\/ul>\t\t\t\t\t\t\t\t<\/div>\n\t\t\t\t<\/div>\n\t\t\t\t\t<\/div>\n\t\t<\/div>\n\t\t\t\t\t<\/div>\n\t\t<\/section>\n\t\t\t\t\t<\/div>\n\t\t<\/div>\n\t\t\t\t\t<\/div>\n\t\t<\/section>\n\t\t\t\t<section class=\"elementor-section elementor-top-section elementor-element elementor-element-5bd8f6b elementor-section-boxed elementor-section-height-default elementor-section-height-default\" data-id=\"5bd8f6b\" data-element_type=\"section\">\n\t\t\t\t\t\t<div class=\"elementor-container elementor-column-gap-default\">\n\t\t\t\t\t<div class=\"elementor-column elementor-col-100 elementor-top-column elementor-element elementor-element-a077667\" data-id=\"a077667\" data-element_type=\"column\">\n\t\t\t<div class=\"elementor-widget-wrap elementor-element-populated\">\n\t\t\t\t\t\t<div class=\"elementor-element elementor-element-7b80130 elementor-widget elementor-widget-heading\" data-id=\"7b80130\" data-element_type=\"widget\" data-widget_type=\"heading.default\">\n\t\t\t\t<div class=\"elementor-widget-container\">\n\t\t\t\t\t<h2 class=\"elementor-heading-title elementor-size-default\">RELA\u00c7\u00d5ES DE PODER<\/h2>\t\t\t\t<\/div>\n\t\t\t\t<\/div>\n\t\t\t\t\t<\/div>\n\t\t<\/div>\n\t\t\t\t\t<\/div>\n\t\t<\/section>\n\t\t\t\t<section class=\"elementor-section elementor-top-section elementor-element elementor-element-7e276f4 elementor-section-boxed elementor-section-height-default elementor-section-height-default\" data-id=\"7e276f4\" data-element_type=\"section\">\n\t\t\t\t\t\t<div class=\"elementor-container elementor-column-gap-default\">\n\t\t\t\t\t<div class=\"elementor-column elementor-col-100 elementor-top-column elementor-element elementor-element-bf007b7\" data-id=\"bf007b7\" data-element_type=\"column\">\n\t\t\t<div class=\"elementor-widget-wrap elementor-element-populated\">\n\t\t\t\t\t\t<div class=\"elementor-element elementor-element-72e4a96 elementor-widget elementor-widget-text-editor\" data-id=\"72e4a96\" data-element_type=\"widget\" data-widget_type=\"text-editor.default\">\n\t\t\t\t<div class=\"elementor-widget-container\">\n\t\t\t\t\t\t\t\t\t<ul><li>Atualmente, estamos em desvantagem material (armas, sistemas de vigil\u00e2ncia, rede de abastecimento, transportes, etc.);<\/li><li>Estamos atualmente numa situa\u00e7\u00e3o de inferioridade financeira (o que permite aos nossos advers\u00e1rios pagarem as suas tropas, disporem de equipamento suficiente, de pessoal, de alimentos, etc.);<\/li><li>Encontramo-nos atualmente numa situa\u00e7\u00e3o de inferioridade medi\u00e1tica;<\/li><li>Estamos em desvantagem num\u00e9rica.<\/li><\/ul>\t\t\t\t\t\t\t\t<\/div>\n\t\t\t\t<\/div>\n\t\t\t\t\t<\/div>\n\t\t<\/div>\n\t\t\t\t\t<\/div>\n\t\t<\/section>\n\t\t\t\t<section class=\"elementor-section elementor-top-section elementor-element elementor-element-ab1f46c elementor-section-boxed elementor-section-height-default elementor-section-height-default\" data-id=\"ab1f46c\" data-element_type=\"section\">\n\t\t\t\t\t\t<div class=\"elementor-container elementor-column-gap-default\">\n\t\t\t\t\t<div class=\"elementor-column elementor-col-100 elementor-top-column elementor-element elementor-element-4f3edb2\" data-id=\"4f3edb2\" data-element_type=\"column\">\n\t\t\t<div class=\"elementor-widget-wrap elementor-element-populated\">\n\t\t\t\t\t\t<div class=\"elementor-element elementor-element-ff69663 elementor-widget elementor-widget-heading\" data-id=\"ff69663\" data-element_type=\"widget\" data-widget_type=\"heading.default\">\n\t\t\t\t<div class=\"elementor-widget-container\">\n\t\t\t\t\t<h2 class=\"elementor-heading-title elementor-size-default\">VALORES<\/h2>\t\t\t\t<\/div>\n\t\t\t\t<\/div>\n\t\t\t\t\t<\/div>\n\t\t<\/div>\n\t\t\t\t\t<\/div>\n\t\t<\/section>\n\t\t\t\t<section class=\"elementor-section elementor-top-section elementor-element elementor-element-705c9b8 elementor-section-boxed elementor-section-height-default elementor-section-height-default\" data-id=\"705c9b8\" data-element_type=\"section\">\n\t\t\t\t\t\t<div class=\"elementor-container elementor-column-gap-default\">\n\t\t\t\t\t<div class=\"elementor-column elementor-col-100 elementor-top-column elementor-element elementor-element-8bd0d20\" data-id=\"8bd0d20\" data-element_type=\"column\">\n\t\t\t<div class=\"elementor-widget-wrap elementor-element-populated\">\n\t\t\t\t\t\t<div class=\"elementor-element elementor-element-109d23d elementor-widget elementor-widget-text-editor\" data-id=\"109d23d\" data-element_type=\"widget\" data-widget_type=\"text-editor.default\">\n\t\t\t\t<div class=\"elementor-widget-container\">\n\t\t\t\t\t\t\t\t\t<p>Ter valores claros sobre a forma como lutamos facilita a cria\u00e7\u00e3o de alian\u00e7as.<br>Quem conhece os nossos valores e a nossa linha de conduta estar\u00e1 em melhor posi\u00e7\u00e3o para determinar se uma alian\u00e7a connosco \u00e9 compat\u00edvel com a sua pr\u00f3pria estrat\u00e9gia. Se estes valores forem demasiado vagos, os potenciais aliados n\u00e3o conseguir\u00e3o identificar-nos e n\u00e3o confiar\u00e3o em n\u00f3s. \u00c9 por isso que nos comprometemos a lutar sem recorrer a ataques f\u00edsicos ou psicol\u00f3gicos.  <\/p>\t\t\t\t\t\t\t\t<\/div>\n\t\t\t\t<\/div>\n\t\t\t\t\t<\/div>\n\t\t<\/div>\n\t\t\t\t\t<\/div>\n\t\t<\/section>\n\t\t\t\t<section class=\"elementor-section elementor-top-section elementor-element elementor-element-fbddf8c elementor-section-boxed elementor-section-height-default elementor-section-height-default\" data-id=\"fbddf8c\" data-element_type=\"section\">\n\t\t\t\t\t\t<div class=\"elementor-container elementor-column-gap-default\">\n\t\t\t\t\t<div class=\"elementor-column elementor-col-100 elementor-top-column elementor-element elementor-element-9440e0f\" data-id=\"9440e0f\" data-element_type=\"column\">\n\t\t\t<div class=\"elementor-widget-wrap elementor-element-populated\">\n\t\t\t\t\t\t<div class=\"elementor-element elementor-element-7b1f8c2 elementor-widget elementor-widget-heading\" data-id=\"7b1f8c2\" data-element_type=\"widget\" data-widget_type=\"heading.default\">\n\t\t\t\t<div class=\"elementor-widget-container\">\n\t\t\t\t\t<h2 class=\"elementor-heading-title elementor-size-default\">CRIATIVIDADE<\/h2>\t\t\t\t<\/div>\n\t\t\t\t<\/div>\n\t\t\t\t\t<\/div>\n\t\t<\/div>\n\t\t\t\t\t<\/div>\n\t\t<\/section>\n\t\t\t\t<section class=\"elementor-section elementor-top-section elementor-element elementor-element-92199ef elementor-section-boxed elementor-section-height-default elementor-section-height-default\" data-id=\"92199ef\" data-element_type=\"section\">\n\t\t\t\t\t\t<div class=\"elementor-container elementor-column-gap-default\">\n\t\t\t\t\t<div class=\"elementor-column elementor-col-100 elementor-top-column elementor-element elementor-element-8ba22ec\" data-id=\"8ba22ec\" data-element_type=\"column\">\n\t\t\t<div class=\"elementor-widget-wrap elementor-element-populated\">\n\t\t\t\t\t\t<div class=\"elementor-element elementor-element-1d23040 elementor-widget elementor-widget-text-editor\" data-id=\"1d23040\" data-element_type=\"widget\" data-widget_type=\"text-editor.default\">\n\t\t\t\t<div class=\"elementor-widget-container\">\n\t\t\t\t\t\t\t\t\t<p>Perante um advers\u00e1rio que nos domina em todos os aspectos, temos de usar a nossa imagina\u00e7\u00e3o e criatividade para redefinir os termos do confronto, de modo a que funcionem a nosso favor. Para isso, temos de recorrer a um repert\u00f3rio imaginativo e multifacetado de ac\u00e7\u00f5es, alvos e objectivos. <\/p><p>A viol\u00eancia que queremos evitar s\u00f3 nos leva por tr\u00eas caminhos: insultos; assassinatos, atentados \u00e0 bomba, etc.; e sabotagem com fogo e explosivos. <\/p><p><strong>N\u00e3o contestamos a legitimidade da viol\u00eancia. Estamos a fazer uma escolha estrat\u00e9gica para a evitar no contexto atual. <\/strong><\/p>\t\t\t\t\t\t\t\t<\/div>\n\t\t\t\t<\/div>\n\t\t\t\t\t<\/div>\n\t\t<\/div>\n\t\t\t\t\t<\/div>\n\t\t<\/section>\n\t\t\t\t<section class=\"elementor-section elementor-top-section elementor-element elementor-element-73ab2aed elementor-section-boxed elementor-section-height-default elementor-section-height-default\" data-id=\"73ab2aed\" data-element_type=\"section\">\n\t\t\t\t\t\t<div class=\"elementor-container elementor-column-gap-default\">\n\t\t\t\t\t<div class=\"elementor-column elementor-col-100 elementor-top-column elementor-element elementor-element-4fc17a54\" data-id=\"4fc17a54\" data-element_type=\"column\">\n\t\t\t<div class=\"elementor-widget-wrap elementor-element-populated\">\n\t\t\t\t\t\t<div class=\"elementor-element elementor-element-39f493af elementor-widget-divider--view-line elementor-widget elementor-widget-divider\" data-id=\"39f493af\" data-element_type=\"widget\" data-widget_type=\"divider.default\">\n\t\t\t\t<div class=\"elementor-widget-container\">\n\t\t\t\t\t\t\t<div class=\"elementor-divider\">\n\t\t\t<span class=\"elementor-divider-separator\">\n\t\t\t\t\t\t<\/span>\n\t\t<\/div>\n\t\t\t\t\t\t<\/div>\n\t\t\t\t<\/div>\n\t\t\t\t<div class=\"elementor-element elementor-element-4a375d53 elementor-widget elementor-widget-author-box\" data-id=\"4a375d53\" data-element_type=\"widget\" data-widget_type=\"author-box.default\">\n\t\t\t\t<div class=\"elementor-widget-container\">\n\t\t\t\t\t\t\t<div class=\"elementor-author-box\">\n\t\t\t\t\t\t\t<a href=\"https:\/\/projet-meduses.com\/\" class=\"elementor-author-box__avatar\">\n\t\t\t\t\t<img decoding=\"async\" src=\"https:\/\/veganoptioncanada.ca\/wp-content\/uploads\/2020\/09\/cropped-logoweb-150x150-1.png\" alt=\"Picture of Cr\u00e9dito: PROJET M\u00c9DUSES\" loading=\"lazy\">\n\t\t\t\t<\/a>\n\t\t\t\n\t\t\t<div class=\"elementor-author-box__text\">\n\t\t\t\t\t\t\t\t\t<a href=\"https:\/\/projet-meduses.com\/\">\n\t\t\t\t\t\t<h4 class=\"elementor-author-box__name\">\n\t\t\t\t\t\t\tCr\u00e9dito: PROJET M\u00c9DUSES\t\t\t\t\t\t<\/h4>\n\t\t\t\t\t<\/a>\n\t\t\t\t\n\t\t\t\t\t\t\t\t\t<div class=\"elementor-author-box__bio\">\n\t\t\t\t\t\t<p>Este conte\u00fado foi originalmente criado pelos nossos parceiros do Projeto Meduse, reproduzido aqui com a sua autoriza\u00e7\u00e3o e adotado pelo coletivo Option V\u00e9gane Canada.<\/p>\n\t\t\t\t\t<\/div>\n\t\t\t\t\n\t\t\t\t\t\t\t<\/div>\n\t\t<\/div>\n\t\t\t\t\t\t<\/div>\n\t\t\t\t<\/div>\n\t\t\t\t\t<\/div>\n\t\t<\/div>\n\t\t\t\t\t<\/div>\n\t\t<\/section>\n\t\t\t\t<\/div>\n\t\t","protected":false},"excerpt":{"rendered":"<p>COMO ENTENDEMOS A N\u00c3O-VIOL\u00caNCIA A n\u00e3o-viol\u00eancia \u00e9 tudo o que n\u00e3o ofende as pessoas. Isto inclui tanto ac\u00e7\u00f5es legais (manifesta\u00e7\u00f5es, acontecimentos, peti\u00e7\u00f5es, etc.) como ilegais (desobedi\u00eancia civil, pirataria inform\u00e1tica, sabotagem, exceto fogo e explosivos, etc.). Consideramos a n\u00e3o-viol\u00eancia como parte integrante da nossa estrat\u00e9gia. Diz-nos porqu\u00ea. PROBLEMAS RELACIONADOS COM O USO DA VIOL\u00caNCIA (no nosso [&hellip;]<\/p>\n","protected":false},"author":2,"featured_media":0,"parent":0,"menu_order":0,"comment_status":"closed","ping_status":"closed","template":"","meta":{"footnotes":""},"class_list":["post-4429","page","type-page","status-publish","hentry"],"yoast_head":"<!-- This site is optimized with the Yoast SEO plugin v26.9 - https:\/\/yoast.com\/product\/yoast-seo-wordpress\/ -->\n<title>N\u00c3O VIOL\u00caNCIA - Op\u00e7\u00e3o Vegana Canad\u00e1<\/title>\n<meta name=\"robots\" content=\"index, follow, max-snippet:-1, max-image-preview:large, max-video-preview:-1\" \/>\n<link rel=\"canonical\" href=\"https:\/\/veganoptioncanada.ca\/pt-pt\/nao-violencia\/\" \/>\n<meta property=\"og:locale\" content=\"pt_PT\" \/>\n<meta property=\"og:type\" content=\"article\" \/>\n<meta property=\"og:title\" content=\"N\u00c3O VIOL\u00caNCIA - Op\u00e7\u00e3o Vegana Canad\u00e1\" \/>\n<meta property=\"og:description\" content=\"COMO ENTENDEMOS A N\u00c3O-VIOL\u00caNCIA A n\u00e3o-viol\u00eancia \u00e9 tudo o que n\u00e3o ofende as pessoas. Isto inclui tanto ac\u00e7\u00f5es legais (manifesta\u00e7\u00f5es, acontecimentos, peti\u00e7\u00f5es, etc.) como ilegais (desobedi\u00eancia civil, pirataria inform\u00e1tica, sabotagem, exceto fogo e explosivos, etc.). Consideramos a n\u00e3o-viol\u00eancia como parte integrante da nossa estrat\u00e9gia. Diz-nos porqu\u00ea. PROBLEMAS RELACIONADOS COM O USO DA VIOL\u00caNCIA (no nosso [&hellip;]\" \/>\n<meta property=\"og:url\" content=\"https:\/\/veganoptioncanada.ca\/pt-pt\/nao-violencia\/\" \/>\n<meta property=\"og:site_name\" content=\"Op\u00e7\u00e3o Vegana Canad\u00e1\" \/>\n<meta property=\"article:publisher\" content=\"https:\/\/www.facebook.com\/VOOVCanada\/\" \/>\n<meta property=\"article:modified_time\" content=\"2025-03-30T03:17:11+00:00\" \/>\n<meta property=\"og:image\" content=\"https:\/\/veganoptioncanada.ca\/wp-content\/uploads\/2020\/09\/non-violence.jpg\" \/>\n<meta name=\"twitter:card\" content=\"summary_large_image\" \/>\n<meta name=\"twitter:site\" content=\"@CanadaVegan\" \/>\n<meta name=\"twitter:label1\" content=\"Tempo estimado de leitura\" \/>\n\t<meta name=\"twitter:data1\" content=\"2 minutos\" \/>\n<script type=\"application\/ld+json\" class=\"yoast-schema-graph\">{\"@context\":\"https:\/\/schema.org\",\"@graph\":[{\"@type\":\"WebPage\",\"@id\":\"https:\/\/veganoptioncanada.ca\/pt-pt\/nao-violencia\/\",\"url\":\"https:\/\/veganoptioncanada.ca\/pt-pt\/nao-violencia\/\",\"name\":\"N\u00c3O VIOL\u00caNCIA - Op\u00e7\u00e3o Vegana Canad\u00e1\",\"isPartOf\":{\"@id\":\"http:\/\/veganoptioncanada.ca\/pt-pt\/#website\"},\"primaryImageOfPage\":{\"@id\":\"https:\/\/veganoptioncanada.ca\/pt-pt\/nao-violencia\/#primaryimage\"},\"image\":{\"@id\":\"https:\/\/veganoptioncanada.ca\/pt-pt\/nao-violencia\/#primaryimage\"},\"thumbnailUrl\":\"https:\/\/veganoptioncanada.ca\/wp-content\/uploads\/2020\/09\/non-violence.jpg\",\"datePublished\":\"2020-09-28T18:33:44+00:00\",\"dateModified\":\"2025-03-30T03:17:11+00:00\",\"breadcrumb\":{\"@id\":\"https:\/\/veganoptioncanada.ca\/pt-pt\/nao-violencia\/#breadcrumb\"},\"inLanguage\":\"pt-PT\",\"potentialAction\":[{\"@type\":\"ReadAction\",\"target\":[\"https:\/\/veganoptioncanada.ca\/pt-pt\/nao-violencia\/\"]}]},{\"@type\":\"ImageObject\",\"inLanguage\":\"pt-PT\",\"@id\":\"https:\/\/veganoptioncanada.ca\/pt-pt\/nao-violencia\/#primaryimage\",\"url\":\"https:\/\/veganoptioncanada.ca\/wp-content\/uploads\/2020\/09\/non-violence.jpg\",\"contentUrl\":\"https:\/\/veganoptioncanada.ca\/wp-content\/uploads\/2020\/09\/non-violence.jpg\"},{\"@type\":\"BreadcrumbList\",\"@id\":\"https:\/\/veganoptioncanada.ca\/pt-pt\/nao-violencia\/#breadcrumb\",\"itemListElement\":[{\"@type\":\"ListItem\",\"position\":1,\"name\":\"Home\",\"item\":\"https:\/\/veganoptioncanada.ca\/pt-pt\/\"},{\"@type\":\"ListItem\",\"position\":2,\"name\":\"N\u00c3O VIOL\u00caNCIA\"}]},{\"@type\":\"WebSite\",\"@id\":\"http:\/\/veganoptioncanada.ca\/pt-pt\/#website\",\"url\":\"http:\/\/veganoptioncanada.ca\/pt-pt\/\",\"name\":\"Vegan Option Canada - Option V\u00e9gane Canada\",\"description\":\"\",\"publisher\":{\"@id\":\"http:\/\/veganoptioncanada.ca\/pt-pt\/#organization\"},\"potentialAction\":[{\"@type\":\"SearchAction\",\"target\":{\"@type\":\"EntryPoint\",\"urlTemplate\":\"http:\/\/veganoptioncanada.ca\/pt-pt\/?s={search_term_string}\"},\"query-input\":{\"@type\":\"PropertyValueSpecification\",\"valueRequired\":true,\"valueName\":\"search_term_string\"}}],\"inLanguage\":\"pt-PT\"},{\"@type\":\"Organization\",\"@id\":\"http:\/\/veganoptioncanada.ca\/pt-pt\/#organization\",\"name\":\"Vegan Option Canada\",\"url\":\"http:\/\/veganoptioncanada.ca\/pt-pt\/\",\"logo\":{\"@type\":\"ImageObject\",\"inLanguage\":\"pt-PT\",\"@id\":\"http:\/\/veganoptioncanada.ca\/pt-pt\/#\/schema\/logo\/image\/\",\"url\":\"http:\/\/veganoptioncanada.ca\/wp-content\/uploads\/2021\/04\/Logo_OVC_transparent_web.png\",\"contentUrl\":\"http:\/\/veganoptioncanada.ca\/wp-content\/uploads\/2021\/04\/Logo_OVC_transparent_web.png\",\"width\":200,\"height\":200,\"caption\":\"Vegan Option Canada\"},\"image\":{\"@id\":\"http:\/\/veganoptioncanada.ca\/pt-pt\/#\/schema\/logo\/image\/\"},\"sameAs\":[\"https:\/\/www.facebook.com\/VOOVCanada\/\",\"https:\/\/x.com\/CanadaVegan\",\"https:\/\/instagram.com\/veganoptioncanada\/\",\"https:\/\/www.youtube.com\/channel\/UCDVCrc0eUMbWkdRwsUQi4Hw\"]}]}<\/script>\n<!-- \/ Yoast SEO plugin. -->","yoast_head_json":{"title":"N\u00c3O VIOL\u00caNCIA - Op\u00e7\u00e3o Vegana Canad\u00e1","robots":{"index":"index","follow":"follow","max-snippet":"max-snippet:-1","max-image-preview":"max-image-preview:large","max-video-preview":"max-video-preview:-1"},"canonical":"https:\/\/veganoptioncanada.ca\/pt-pt\/nao-violencia\/","og_locale":"pt_PT","og_type":"article","og_title":"N\u00c3O VIOL\u00caNCIA - Op\u00e7\u00e3o Vegana Canad\u00e1","og_description":"COMO ENTENDEMOS A N\u00c3O-VIOL\u00caNCIA A n\u00e3o-viol\u00eancia \u00e9 tudo o que n\u00e3o ofende as pessoas. Isto inclui tanto ac\u00e7\u00f5es legais (manifesta\u00e7\u00f5es, acontecimentos, peti\u00e7\u00f5es, etc.) como ilegais (desobedi\u00eancia civil, pirataria inform\u00e1tica, sabotagem, exceto fogo e explosivos, etc.). Consideramos a n\u00e3o-viol\u00eancia como parte integrante da nossa estrat\u00e9gia. Diz-nos porqu\u00ea. PROBLEMAS RELACIONADOS COM O USO DA VIOL\u00caNCIA (no nosso [&hellip;]","og_url":"https:\/\/veganoptioncanada.ca\/pt-pt\/nao-violencia\/","og_site_name":"Op\u00e7\u00e3o Vegana Canad\u00e1","article_publisher":"https:\/\/www.facebook.com\/VOOVCanada\/","article_modified_time":"2025-03-30T03:17:11+00:00","og_image":[{"url":"https:\/\/veganoptioncanada.ca\/wp-content\/uploads\/2020\/09\/non-violence.jpg","type":"","width":"","height":""}],"twitter_card":"summary_large_image","twitter_site":"@CanadaVegan","twitter_misc":{"Tempo estimado de leitura":"2 minutos"},"schema":{"@context":"https:\/\/schema.org","@graph":[{"@type":"WebPage","@id":"https:\/\/veganoptioncanada.ca\/pt-pt\/nao-violencia\/","url":"https:\/\/veganoptioncanada.ca\/pt-pt\/nao-violencia\/","name":"N\u00c3O VIOL\u00caNCIA - Op\u00e7\u00e3o Vegana Canad\u00e1","isPartOf":{"@id":"http:\/\/veganoptioncanada.ca\/pt-pt\/#website"},"primaryImageOfPage":{"@id":"https:\/\/veganoptioncanada.ca\/pt-pt\/nao-violencia\/#primaryimage"},"image":{"@id":"https:\/\/veganoptioncanada.ca\/pt-pt\/nao-violencia\/#primaryimage"},"thumbnailUrl":"https:\/\/veganoptioncanada.ca\/wp-content\/uploads\/2020\/09\/non-violence.jpg","datePublished":"2020-09-28T18:33:44+00:00","dateModified":"2025-03-30T03:17:11+00:00","breadcrumb":{"@id":"https:\/\/veganoptioncanada.ca\/pt-pt\/nao-violencia\/#breadcrumb"},"inLanguage":"pt-PT","potentialAction":[{"@type":"ReadAction","target":["https:\/\/veganoptioncanada.ca\/pt-pt\/nao-violencia\/"]}]},{"@type":"ImageObject","inLanguage":"pt-PT","@id":"https:\/\/veganoptioncanada.ca\/pt-pt\/nao-violencia\/#primaryimage","url":"https:\/\/veganoptioncanada.ca\/wp-content\/uploads\/2020\/09\/non-violence.jpg","contentUrl":"https:\/\/veganoptioncanada.ca\/wp-content\/uploads\/2020\/09\/non-violence.jpg"},{"@type":"BreadcrumbList","@id":"https:\/\/veganoptioncanada.ca\/pt-pt\/nao-violencia\/#breadcrumb","itemListElement":[{"@type":"ListItem","position":1,"name":"Home","item":"https:\/\/veganoptioncanada.ca\/pt-pt\/"},{"@type":"ListItem","position":2,"name":"N\u00c3O VIOL\u00caNCIA"}]},{"@type":"WebSite","@id":"http:\/\/veganoptioncanada.ca\/pt-pt\/#website","url":"http:\/\/veganoptioncanada.ca\/pt-pt\/","name":"Vegan Option Canada - Option V\u00e9gane Canada","description":"","publisher":{"@id":"http:\/\/veganoptioncanada.ca\/pt-pt\/#organization"},"potentialAction":[{"@type":"SearchAction","target":{"@type":"EntryPoint","urlTemplate":"http:\/\/veganoptioncanada.ca\/pt-pt\/?s={search_term_string}"},"query-input":{"@type":"PropertyValueSpecification","valueRequired":true,"valueName":"search_term_string"}}],"inLanguage":"pt-PT"},{"@type":"Organization","@id":"http:\/\/veganoptioncanada.ca\/pt-pt\/#organization","name":"Vegan Option Canada","url":"http:\/\/veganoptioncanada.ca\/pt-pt\/","logo":{"@type":"ImageObject","inLanguage":"pt-PT","@id":"http:\/\/veganoptioncanada.ca\/pt-pt\/#\/schema\/logo\/image\/","url":"http:\/\/veganoptioncanada.ca\/wp-content\/uploads\/2021\/04\/Logo_OVC_transparent_web.png","contentUrl":"http:\/\/veganoptioncanada.ca\/wp-content\/uploads\/2021\/04\/Logo_OVC_transparent_web.png","width":200,"height":200,"caption":"Vegan Option Canada"},"image":{"@id":"http:\/\/veganoptioncanada.ca\/pt-pt\/#\/schema\/logo\/image\/"},"sameAs":["https:\/\/www.facebook.com\/VOOVCanada\/","https:\/\/x.com\/CanadaVegan","https:\/\/instagram.com\/veganoptioncanada\/","https:\/\/www.youtube.com\/channel\/UCDVCrc0eUMbWkdRwsUQi4Hw"]}]}},"_links":{"self":[{"href":"https:\/\/veganoptioncanada.ca\/pt-pt\/wp-json\/wp\/v2\/pages\/4429","targetHints":{"allow":["GET"]}}],"collection":[{"href":"https:\/\/veganoptioncanada.ca\/pt-pt\/wp-json\/wp\/v2\/pages"}],"about":[{"href":"https:\/\/veganoptioncanada.ca\/pt-pt\/wp-json\/wp\/v2\/types\/page"}],"author":[{"embeddable":true,"href":"https:\/\/veganoptioncanada.ca\/pt-pt\/wp-json\/wp\/v2\/users\/2"}],"replies":[{"embeddable":true,"href":"https:\/\/veganoptioncanada.ca\/pt-pt\/wp-json\/wp\/v2\/comments?post=4429"}],"version-history":[{"count":1,"href":"https:\/\/veganoptioncanada.ca\/pt-pt\/wp-json\/wp\/v2\/pages\/4429\/revisions"}],"predecessor-version":[{"id":4431,"href":"https:\/\/veganoptioncanada.ca\/pt-pt\/wp-json\/wp\/v2\/pages\/4429\/revisions\/4431"}],"wp:attachment":[{"href":"https:\/\/veganoptioncanada.ca\/pt-pt\/wp-json\/wp\/v2\/media?parent=4429"}],"curies":[{"name":"wp","href":"https:\/\/api.w.org\/{rel}","templated":true}]}}