{"id":4440,"date":"2019-02-01T10:39:08","date_gmt":"2019-02-01T15:39:08","guid":{"rendered":"https:\/\/veganoptioncanada.ca\/contacta-a-option-vegane-canada\/"},"modified":"2025-03-29T22:17:10","modified_gmt":"2025-03-30T03:17:10","slug":"contacta-a-option-vegane-canada","status":"publish","type":"page","link":"https:\/\/veganoptioncanada.ca\/pt-pt\/contacta-a-option-vegane-canada\/","title":{"rendered":"Contacta a Option Vegane Canada"},"content":{"rendered":"\t\t<div data-elementor-type=\"wp-post\" data-elementor-id=\"4440\" class=\"elementor elementor-4440 elementor-1615 elementor-bc-flex-widget\" data-elementor-post-type=\"page\">\n\t\t\t\t\t\t<section class=\"elementor-section elementor-top-section elementor-element elementor-element-5b99324 elementor-section-boxed elementor-section-height-default elementor-section-height-default\" data-id=\"5b99324\" data-element_type=\"section\">\n\t\t\t\t\t\t<div class=\"elementor-container elementor-column-gap-default\">\n\t\t\t\t\t<div class=\"elementor-column elementor-col-100 elementor-top-column elementor-element elementor-element-48836f3\" data-id=\"48836f3\" data-element_type=\"column\">\n\t\t\t<div class=\"elementor-widget-wrap elementor-element-populated\">\n\t\t\t\t\t\t<div class=\"elementor-element elementor-element-7068011 elementor-widget elementor-widget-text-editor\" data-id=\"7068011\" data-element_type=\"widget\" data-widget_type=\"text-editor.default\">\n\t\t\t\t<div class=\"elementor-widget-container\">\n\t\t\t\t\t\t\t\t\t<h5 style=\"text-align: center;\">Formul\u00e1rio de contacto<br>Vegan Option Canada<\/h5>\t\t\t\t\t\t\t\t<\/div>\n\t\t\t\t<\/div>\n\t\t\t\t<div class=\"elementor-element elementor-element-742d325 elementor-widget elementor-widget-text-editor\" data-id=\"742d325\" data-element_type=\"widget\" data-widget_type=\"text-editor.default\">\n\t\t\t\t<div class=\"elementor-widget-container\">\n\t\t\t\t\t\t\t\t\t<p>Obrigado por manifestares o teu interesse em participar nos nossos projectos. Esperamos poder trabalhar juntos.   <\/p><p>Nos pr\u00f3ximos dias, receber\u00e1s um e-mail que te colocar\u00e1 em contacto com um membro do OVC que te ajudar\u00e1 a descobrir o nosso coletivo.  <\/p>\t\t\t\t\t\t\t\t<\/div>\n\t\t\t\t<\/div>\n\t\t\t\t<div class=\"elementor-element elementor-element-451131c elementor-widget elementor-widget-html\" data-id=\"451131c\" data-element_type=\"widget\" data-widget_type=\"html.default\">\n\t\t\t\t<div class=\"elementor-widget-container\">\n\t\t\t\t\t<!-- Begin Mailchimp Signup Form -->\n<link href=\"\/\/cdn-images.mailchimp.com\/embedcode\/classic-10_7.css\" rel=\"stylesheet\" type=\"text\/css\">\n<div id=\"mc_embed_signup\">\n<form action=\"https:\/\/veganoptioncanada.us19.list-manage.com\/subscribe\/post?u=28752241212507681b4b38c8f&amp;id=d3e8609994\" method=\"post\" id=\"mc-embedded-subscribe-form\" name=\"mc-embedded-subscribe-form\" class=\"validate\" target=\"_blank\" novalidate=\"\">\n    <div id=\"mc_embed_signup_scroll\">\n<div class=\"indicates-required\">* <span class=\"asterisk\"> indica que<\/span> \u00e9 necess\u00e1rio<\/div>\n<div class=\"mc-field-group\">\n\t<label for=\"mce-EMAIL\">Endere\u00e7o de correio eletr\u00f3nico <span class=\"asterisk\">*<\/span>\n<\/label>\n\t<input type=\"email\" value=\"\" name=\"EMAIL\" class=\"required email\" id=\"mce-EMAIL\">\n<\/div>\n<div class=\"mc-field-group\">\n\t<label for=\"mce-FNAME\">Apelido  <\/label>\n\t<input type=\"text\" value=\"\" name=\"FNAME\" class=\"\" id=\"mce-FNAME\">\n<\/div>\n<div class=\"mc-field-group\">\n\t<label for=\"mce-MMERGE4\">Facebook  <\/label>\n\t<input type=\"url\" value=\"\" name=\"MMERGE4\" class=\" url\" id=\"mce-MMERGE4\">\n<\/div>\n<div class=\"mc-field-group\">\n\t<label for=\"mce-MLANGUE\">L\u00edngua<\/label>\n\t<select name=\"MLANGUE\" class=\"\" id=\"mce-MLANGUE\">\n\t<option value=\"\"><\/option>\n\t<option value=\"Franc\u00eas\">Franc\u00eas<\/option>\n<option value=\"Ingl\u00eas\">Ingl\u00eas<\/option>\n\n\t<\/select>\n<\/div>\n<div class=\"mc-field-group\">\n\t<label for=\"mce-CITYTAG\">Cidade  <\/label>\n\t<input type=\"text\" value=\"\" name=\"CITYTAG\" class=\"\" id=\"mce-CITYTAG\">\n<\/div>\n<div class=\"mc-field-group\">\n\t<label for=\"mce-MMERGE7\">Prov\u00edncia  <\/label>\n\t<select name=\"MMERGE7\" class=\"\" id=\"mce-MMERGE7\">\n\t<option value=\"\"><\/option>\n\t<option value=\"Quebec\">Quebec<\/option>\n<option value=\"Ont\u00e1rio\">Ont\u00e1rio<\/option>\n<option value=\"Nova Esc\u00f3cia\">Nova Esc\u00f3cia<\/option>\n<option value=\"New Brunswick\">New Brunswick<\/option>\n<option value=\"Manitoba\">Manitoba<\/option>\n<option value=\"Col\u00fambia Brit\u00e2nica\">Col\u00fambia Brit\u00e2nica<\/option>\n<option value=\"Ilha do Pr\u00edncipe Eduardo\">Ilha do Pr\u00edncipe Eduardo<\/option>\n<option value=\"Saskatchewan\">Saskatchewan<\/option>\n<option value=\"Alberta\">Alberta<\/option>\n<option value=\"Terra Nova e Labrador\">Terra Nova e Labrador<\/option>\n\n\t<\/select>\n<\/div>\n<div class=\"mc-field-group\">\n\t<label for=\"mce-MMERGE6\">Conheces algu\u00e9m na OVC?  <\/label>\n\t<input type=\"text\" value=\"\" name=\"MMERGE6\" class=\"\" id=\"mce-MMERGE6\">\n<\/div>\n<div class=\"mc-field-group\">\n\t<label for=\"mce-INTRESTTAG\">Interesse no OVC  <\/label>\n\t<input type=\"text\" value=\"\" name=\"INTRESTTAG\" class=\"\" id=\"mce-INTRESTTAG\">\n<\/div>\n<div class=\"mc-field-group\">\n\t<label for=\"mce-MMERGE8\">S\u00edtio Web<\/label>\n\t<input type=\"url\" value=\"\" name=\"MMERGE8\" class=\" url\" id=\"mce-MMERGE8\">\n<\/div>\n\t<div id=\"mce-responses\" class=\"clear\">\n\t\t<div class=\"response\" id=\"mce-error-response\" style=\"display:none\"><\/div>\n\t\t<div class=\"response\" id=\"mce-success-response\" style=\"display:none\"><\/div>\n\t<\/div>    <!-- real people should not fill this in and expect good things - do not remove this or risk form bot signups-->\n    <div style=\"position: absolute; left: -5000px;\" aria-hidden=\"true\"><input type=\"text\" name=\"b_28752241212507681b4b38c8f_d3e8609994\" tabindex=\"-1\" value=\"\"><\/div>\n    <div class=\"clear\"><input type=\"submit\" value=\"Contacto\" name=\"subscribe\" id=\"mc-embedded-subscribe\" class=\"button\"><\/div>\n    <\/div>\n<\/form>\n<\/div>\n<script type=\"text\/javascript\" src=\"\/\/s3.amazonaws.com\/downloads.mailchimp.com\/js\/mc-validate.js\"><\/script><script type=\"text\/javascript\">(function($) {window.fnames = new Array(); window.ftypes = new Array();fnames[0]='EMAIL';ftypes[0]='email';fnames[1]='FNAME';ftypes[1]='text';fnames[4]='MMERGE4';ftypes[4]='url';fnames[2]='MLANGUE';ftypes[2]='dropdown';fnames[5]='CITYTAG';ftypes[5]='text';fnames[7]='MMERGE7';ftypes[7]='dropdown';fnames[6]='MMERGE6';ftypes[6]='text';fnames[3]='INTRESTTAG';ftypes[3]='text';fnames[8]='MMERGE8';ftypes[8]='url';}(jQuery));var $mcj = jQuery.noConflict(true);<\/script>\n<!--End mc_embed_signup-->\t\t\t\t<\/div>\n\t\t\t\t<\/div>\n\t\t\t\t\t<\/div>\n\t\t<\/div>\n\t\t\t\t\t<\/div>\n\t\t<\/section>\n\t\t\t\t<\/div>\n\t\t","protected":false},"excerpt":{"rendered":"<p>Formul\u00e1rio de contactoVegan Option Canada Obrigado por manifestares o teu interesse em participar nos nossos projectos. Esperamos poder trabalhar juntos. Nos pr\u00f3ximos dias, receber\u00e1s um e-mail que te colocar\u00e1 em contacto com um membro do OVC que te ajudar\u00e1 a descobrir o nosso coletivo. * indica que \u00e9 necess\u00e1rio Endere\u00e7o de correio eletr\u00f3nico * Apelido [&hellip;]<\/p>\n","protected":false},"author":1,"featured_media":0,"parent":0,"menu_order":0,"comment_status":"closed","ping_status":"closed","template":"","meta":{"footnotes":""},"class_list":["post-4440","page","type-page","status-publish","hentry"],"yoast_head":"<!-- This site is optimized with the Yoast SEO plugin v26.9 - https:\/\/yoast.com\/product\/yoast-seo-wordpress\/ -->\n<title>Contacta a Option Vegane Canada - Op\u00e7\u00e3o Vegana Canad\u00e1<\/title>\n<meta name=\"robots\" content=\"index, follow, max-snippet:-1, max-image-preview:large, max-video-preview:-1\" \/>\n<link rel=\"canonical\" href=\"https:\/\/veganoptioncanada.ca\/pt-pt\/contacta-a-option-vegane-canada\/\" \/>\n<meta property=\"og:locale\" content=\"pt_PT\" \/>\n<meta property=\"og:type\" content=\"article\" \/>\n<meta property=\"og:title\" content=\"Contacta a Option Vegane Canada - Op\u00e7\u00e3o Vegana Canad\u00e1\" \/>\n<meta property=\"og:description\" content=\"Formul\u00e1rio de contactoVegan Option Canada Obrigado por manifestares o teu interesse em participar nos nossos projectos. Esperamos poder trabalhar juntos. Nos pr\u00f3ximos dias, receber\u00e1s um e-mail que te colocar\u00e1 em contacto com um membro do OVC que te ajudar\u00e1 a descobrir o nosso coletivo. * indica que \u00e9 necess\u00e1rio Endere\u00e7o de correio eletr\u00f3nico * Apelido [&hellip;]\" \/>\n<meta property=\"og:url\" content=\"https:\/\/veganoptioncanada.ca\/pt-pt\/contacta-a-option-vegane-canada\/\" \/>\n<meta property=\"og:site_name\" content=\"Op\u00e7\u00e3o Vegana Canad\u00e1\" \/>\n<meta property=\"article:publisher\" content=\"https:\/\/www.facebook.com\/VOOVCanada\/\" \/>\n<meta property=\"article:modified_time\" content=\"2025-03-30T03:17:10+00:00\" \/>\n<meta name=\"twitter:card\" content=\"summary_large_image\" \/>\n<meta name=\"twitter:site\" content=\"@CanadaVegan\" \/>\n<meta name=\"twitter:label1\" content=\"Tempo estimado de leitura\" \/>\n\t<meta name=\"twitter:data1\" content=\"1 minuto\" \/>\n<script type=\"application\/ld+json\" class=\"yoast-schema-graph\">{\"@context\":\"https:\/\/schema.org\",\"@graph\":[{\"@type\":\"WebPage\",\"@id\":\"https:\/\/veganoptioncanada.ca\/pt-pt\/contacta-a-option-vegane-canada\/\",\"url\":\"https:\/\/veganoptioncanada.ca\/pt-pt\/contacta-a-option-vegane-canada\/\",\"name\":\"Contacta a Option Vegane Canada - Op\u00e7\u00e3o Vegana Canad\u00e1\",\"isPartOf\":{\"@id\":\"http:\/\/veganoptioncanada.ca\/pt-pt\/#website\"},\"datePublished\":\"2019-02-01T15:39:08+00:00\",\"dateModified\":\"2025-03-30T03:17:10+00:00\",\"breadcrumb\":{\"@id\":\"https:\/\/veganoptioncanada.ca\/pt-pt\/contacta-a-option-vegane-canada\/#breadcrumb\"},\"inLanguage\":\"pt-PT\",\"potentialAction\":[{\"@type\":\"ReadAction\",\"target\":[\"https:\/\/veganoptioncanada.ca\/pt-pt\/contacta-a-option-vegane-canada\/\"]}]},{\"@type\":\"BreadcrumbList\",\"@id\":\"https:\/\/veganoptioncanada.ca\/pt-pt\/contacta-a-option-vegane-canada\/#breadcrumb\",\"itemListElement\":[{\"@type\":\"ListItem\",\"position\":1,\"name\":\"Home\",\"item\":\"https:\/\/veganoptioncanada.ca\/pt-pt\/\"},{\"@type\":\"ListItem\",\"position\":2,\"name\":\"Contacta a Option Vegane Canada\"}]},{\"@type\":\"WebSite\",\"@id\":\"http:\/\/veganoptioncanada.ca\/pt-pt\/#website\",\"url\":\"http:\/\/veganoptioncanada.ca\/pt-pt\/\",\"name\":\"Vegan Option Canada - Option V\u00e9gane Canada\",\"description\":\"\",\"publisher\":{\"@id\":\"http:\/\/veganoptioncanada.ca\/pt-pt\/#organization\"},\"potentialAction\":[{\"@type\":\"SearchAction\",\"target\":{\"@type\":\"EntryPoint\",\"urlTemplate\":\"http:\/\/veganoptioncanada.ca\/pt-pt\/?s={search_term_string}\"},\"query-input\":{\"@type\":\"PropertyValueSpecification\",\"valueRequired\":true,\"valueName\":\"search_term_string\"}}],\"inLanguage\":\"pt-PT\"},{\"@type\":\"Organization\",\"@id\":\"http:\/\/veganoptioncanada.ca\/pt-pt\/#organization\",\"name\":\"Vegan Option Canada\",\"url\":\"http:\/\/veganoptioncanada.ca\/pt-pt\/\",\"logo\":{\"@type\":\"ImageObject\",\"inLanguage\":\"pt-PT\",\"@id\":\"http:\/\/veganoptioncanada.ca\/pt-pt\/#\/schema\/logo\/image\/\",\"url\":\"http:\/\/veganoptioncanada.ca\/wp-content\/uploads\/2021\/04\/Logo_OVC_transparent_web.png\",\"contentUrl\":\"http:\/\/veganoptioncanada.ca\/wp-content\/uploads\/2021\/04\/Logo_OVC_transparent_web.png\",\"width\":200,\"height\":200,\"caption\":\"Vegan Option Canada\"},\"image\":{\"@id\":\"http:\/\/veganoptioncanada.ca\/pt-pt\/#\/schema\/logo\/image\/\"},\"sameAs\":[\"https:\/\/www.facebook.com\/VOOVCanada\/\",\"https:\/\/x.com\/CanadaVegan\",\"https:\/\/instagram.com\/veganoptioncanada\/\",\"https:\/\/www.youtube.com\/channel\/UCDVCrc0eUMbWkdRwsUQi4Hw\"]}]}<\/script>\n<!-- \/ Yoast SEO plugin. -->","yoast_head_json":{"title":"Contacta a Option Vegane Canada - Op\u00e7\u00e3o Vegana Canad\u00e1","robots":{"index":"index","follow":"follow","max-snippet":"max-snippet:-1","max-image-preview":"max-image-preview:large","max-video-preview":"max-video-preview:-1"},"canonical":"https:\/\/veganoptioncanada.ca\/pt-pt\/contacta-a-option-vegane-canada\/","og_locale":"pt_PT","og_type":"article","og_title":"Contacta a Option Vegane Canada - Op\u00e7\u00e3o Vegana Canad\u00e1","og_description":"Formul\u00e1rio de contactoVegan Option Canada Obrigado por manifestares o teu interesse em participar nos nossos projectos. Esperamos poder trabalhar juntos. Nos pr\u00f3ximos dias, receber\u00e1s um e-mail que te colocar\u00e1 em contacto com um membro do OVC que te ajudar\u00e1 a descobrir o nosso coletivo. * indica que \u00e9 necess\u00e1rio Endere\u00e7o de correio eletr\u00f3nico * Apelido [&hellip;]","og_url":"https:\/\/veganoptioncanada.ca\/pt-pt\/contacta-a-option-vegane-canada\/","og_site_name":"Op\u00e7\u00e3o Vegana Canad\u00e1","article_publisher":"https:\/\/www.facebook.com\/VOOVCanada\/","article_modified_time":"2025-03-30T03:17:10+00:00","twitter_card":"summary_large_image","twitter_site":"@CanadaVegan","twitter_misc":{"Tempo estimado de leitura":"1 minuto"},"schema":{"@context":"https:\/\/schema.org","@graph":[{"@type":"WebPage","@id":"https:\/\/veganoptioncanada.ca\/pt-pt\/contacta-a-option-vegane-canada\/","url":"https:\/\/veganoptioncanada.ca\/pt-pt\/contacta-a-option-vegane-canada\/","name":"Contacta a Option Vegane Canada - Op\u00e7\u00e3o Vegana Canad\u00e1","isPartOf":{"@id":"http:\/\/veganoptioncanada.ca\/pt-pt\/#website"},"datePublished":"2019-02-01T15:39:08+00:00","dateModified":"2025-03-30T03:17:10+00:00","breadcrumb":{"@id":"https:\/\/veganoptioncanada.ca\/pt-pt\/contacta-a-option-vegane-canada\/#breadcrumb"},"inLanguage":"pt-PT","potentialAction":[{"@type":"ReadAction","target":["https:\/\/veganoptioncanada.ca\/pt-pt\/contacta-a-option-vegane-canada\/"]}]},{"@type":"BreadcrumbList","@id":"https:\/\/veganoptioncanada.ca\/pt-pt\/contacta-a-option-vegane-canada\/#breadcrumb","itemListElement":[{"@type":"ListItem","position":1,"name":"Home","item":"https:\/\/veganoptioncanada.ca\/pt-pt\/"},{"@type":"ListItem","position":2,"name":"Contacta a Option Vegane Canada"}]},{"@type":"WebSite","@id":"http:\/\/veganoptioncanada.ca\/pt-pt\/#website","url":"http:\/\/veganoptioncanada.ca\/pt-pt\/","name":"Vegan Option Canada - Option V\u00e9gane Canada","description":"","publisher":{"@id":"http:\/\/veganoptioncanada.ca\/pt-pt\/#organization"},"potentialAction":[{"@type":"SearchAction","target":{"@type":"EntryPoint","urlTemplate":"http:\/\/veganoptioncanada.ca\/pt-pt\/?s={search_term_string}"},"query-input":{"@type":"PropertyValueSpecification","valueRequired":true,"valueName":"search_term_string"}}],"inLanguage":"pt-PT"},{"@type":"Organization","@id":"http:\/\/veganoptioncanada.ca\/pt-pt\/#organization","name":"Vegan Option Canada","url":"http:\/\/veganoptioncanada.ca\/pt-pt\/","logo":{"@type":"ImageObject","inLanguage":"pt-PT","@id":"http:\/\/veganoptioncanada.ca\/pt-pt\/#\/schema\/logo\/image\/","url":"http:\/\/veganoptioncanada.ca\/wp-content\/uploads\/2021\/04\/Logo_OVC_transparent_web.png","contentUrl":"http:\/\/veganoptioncanada.ca\/wp-content\/uploads\/2021\/04\/Logo_OVC_transparent_web.png","width":200,"height":200,"caption":"Vegan Option Canada"},"image":{"@id":"http:\/\/veganoptioncanada.ca\/pt-pt\/#\/schema\/logo\/image\/"},"sameAs":["https:\/\/www.facebook.com\/VOOVCanada\/","https:\/\/x.com\/CanadaVegan","https:\/\/instagram.com\/veganoptioncanada\/","https:\/\/www.youtube.com\/channel\/UCDVCrc0eUMbWkdRwsUQi4Hw"]}]}},"_links":{"self":[{"href":"https:\/\/veganoptioncanada.ca\/pt-pt\/wp-json\/wp\/v2\/pages\/4440","targetHints":{"allow":["GET"]}}],"collection":[{"href":"https:\/\/veganoptioncanada.ca\/pt-pt\/wp-json\/wp\/v2\/pages"}],"about":[{"href":"https:\/\/veganoptioncanada.ca\/pt-pt\/wp-json\/wp\/v2\/types\/page"}],"author":[{"embeddable":true,"href":"https:\/\/veganoptioncanada.ca\/pt-pt\/wp-json\/wp\/v2\/users\/1"}],"replies":[{"embeddable":true,"href":"https:\/\/veganoptioncanada.ca\/pt-pt\/wp-json\/wp\/v2\/comments?post=4440"}],"version-history":[{"count":1,"href":"https:\/\/veganoptioncanada.ca\/pt-pt\/wp-json\/wp\/v2\/pages\/4440\/revisions"}],"predecessor-version":[{"id":4443,"href":"https:\/\/veganoptioncanada.ca\/pt-pt\/wp-json\/wp\/v2\/pages\/4440\/revisions\/4443"}],"wp:attachment":[{"href":"https:\/\/veganoptioncanada.ca\/pt-pt\/wp-json\/wp\/v2\/media?parent=4440"}],"curies":[{"name":"wp","href":"https:\/\/api.w.org\/{rel}","templated":true}]}}