{"id":4444,"date":"2019-01-30T15:11:35","date_gmt":"2019-01-30T20:11:35","guid":{"rendered":"https:\/\/veganoptioncanada.ca\/portal-de-colaboracao\/arquivos\/"},"modified":"2025-03-29T22:17:10","modified_gmt":"2025-03-30T03:17:10","slug":"arquivos","status":"publish","type":"page","link":"https:\/\/veganoptioncanada.ca\/pt-pt\/portal-de-colaboracao\/arquivos\/","title":{"rendered":"Arquivos"},"content":{"rendered":"\t\t<div data-elementor-type=\"wp-post\" data-elementor-id=\"4444\" class=\"elementor elementor-4444 elementor-1404\" data-elementor-post-type=\"page\">\n\t\t\t\t\t\t<section class=\"elementor-section elementor-top-section elementor-element elementor-element-55556d8 elementor-section-boxed elementor-section-height-default elementor-section-height-default\" data-id=\"55556d8\" data-element_type=\"section\">\n\t\t\t\t\t\t<div class=\"elementor-container elementor-column-gap-default\">\n\t\t\t\t\t<div class=\"elementor-column elementor-col-100 elementor-top-column elementor-element elementor-element-757caaf\" data-id=\"757caaf\" data-element_type=\"column\">\n\t\t\t<div class=\"elementor-widget-wrap elementor-element-populated\">\n\t\t\t\t\t\t<div class=\"elementor-element elementor-element-082ddf1 elementor-widget elementor-widget-accordion\" data-id=\"082ddf1\" data-element_type=\"widget\" data-widget_type=\"accordion.default\">\n\t\t\t\t<div class=\"elementor-widget-container\">\n\t\t\t\t\t\t\t<div class=\"elementor-accordion\">\n\t\t\t\t\t\t\t<div class=\"elementor-accordion-item\">\n\t\t\t\t\t<div id=\"elementor-tab-title-8571\" class=\"elementor-tab-title\" data-tab=\"1\" role=\"button\" aria-controls=\"elementor-tab-content-8571\" aria-expanded=\"false\">\n\t\t\t\t\t\t\t\t\t\t\t\t\t<span class=\"elementor-accordion-icon elementor-accordion-icon-left\" aria-hidden=\"true\">\n\t\t\t\t\t\t\t\t\t\t\t\t\t\t\t<span class=\"elementor-accordion-icon-closed\"><i class=\"fas fa-plus\"><\/i><\/span>\n\t\t\t\t\t\t\t\t<span class=\"elementor-accordion-icon-opened\"><i class=\"fas fa-minus\"><\/i><\/span>\n\t\t\t\t\t\t\t\t\t\t\t\t\t\t<\/span>\n\t\t\t\t\t\t\t\t\t\t\t\t<a class=\"elementor-accordion-title\" tabindex=\"0\">2020<\/a>\n\t\t\t\t\t<\/div>\n\t\t\t\t\t<div id=\"elementor-tab-content-8571\" class=\"elementor-tab-content elementor-clearfix\" data-tab=\"1\" role=\"region\" aria-labelledby=\"elementor-tab-title-8571\"><p><a href=\"https:\/\/docs.google.com\/document\/d\/1jZGuiBSjloxUd4AzJaUE_TBlvrb8Nw6aBVzeCeLjhgI\/edit?usp=sharing\"><span style=\"font-weight: 400;\">Agora 2020<\/span><\/a><\/p>\n<\/div>\n\t\t\t\t<\/div>\n\t\t\t\t\t\t\t<div class=\"elementor-accordion-item\">\n\t\t\t\t\t<div id=\"elementor-tab-title-8572\" class=\"elementor-tab-title\" data-tab=\"2\" role=\"button\" aria-controls=\"elementor-tab-content-8572\" aria-expanded=\"false\">\n\t\t\t\t\t\t\t\t\t\t\t\t\t<span class=\"elementor-accordion-icon elementor-accordion-icon-left\" aria-hidden=\"true\">\n\t\t\t\t\t\t\t\t\t\t\t\t\t\t\t<span class=\"elementor-accordion-icon-closed\"><i class=\"fas fa-plus\"><\/i><\/span>\n\t\t\t\t\t\t\t\t<span class=\"elementor-accordion-icon-opened\"><i class=\"fas fa-minus\"><\/i><\/span>\n\t\t\t\t\t\t\t\t\t\t\t\t\t\t<\/span>\n\t\t\t\t\t\t\t\t\t\t\t\t<a class=\"elementor-accordion-title\" tabindex=\"0\">2019<\/a>\n\t\t\t\t\t<\/div>\n\t\t\t\t\t<div id=\"elementor-tab-content-8572\" class=\"elementor-tab-content elementor-clearfix\" data-tab=\"2\" role=\"region\" aria-labelledby=\"elementor-tab-title-8572\"><p><a href=\"https:\/\/docs.google.com\/document\/d\/1Xf5c4zyyf2RXjQv8Y1LebNcp9S9kqynZzWzXqGIRTNo\/edit?usp=sharing\"><span style=\"font-weight: 400;\">\u00c1gora 2019<\/span><\/a><\/p>\n<p><a href=\"https:\/\/docs.google.com\/document\/d\/1Lc4JgqQ-yTOdtqRTw598k1YudD-2sSwoA95-xLoVDPo\/edit?usp=sharing\"><span style=\"font-weight: 400;\">Arquivos de reuni\u00f5es &#8211; 2019<\/span><\/a><\/p>\n<\/div>\n\t\t\t\t<\/div>\n\t\t\t\t\t\t\t<div class=\"elementor-accordion-item\">\n\t\t\t\t\t<div id=\"elementor-tab-title-8573\" class=\"elementor-tab-title\" data-tab=\"3\" role=\"button\" aria-controls=\"elementor-tab-content-8573\" aria-expanded=\"false\">\n\t\t\t\t\t\t\t\t\t\t\t\t\t<span class=\"elementor-accordion-icon elementor-accordion-icon-left\" aria-hidden=\"true\">\n\t\t\t\t\t\t\t\t\t\t\t\t\t\t\t<span class=\"elementor-accordion-icon-closed\"><i class=\"fas fa-plus\"><\/i><\/span>\n\t\t\t\t\t\t\t\t<span class=\"elementor-accordion-icon-opened\"><i class=\"fas fa-minus\"><\/i><\/span>\n\t\t\t\t\t\t\t\t\t\t\t\t\t\t<\/span>\n\t\t\t\t\t\t\t\t\t\t\t\t<a class=\"elementor-accordion-title\" tabindex=\"0\">2018<\/a>\n\t\t\t\t\t<\/div>\n\t\t\t\t\t<div id=\"elementor-tab-content-8573\" class=\"elementor-tab-content elementor-clearfix\" data-tab=\"3\" role=\"region\" aria-labelledby=\"elementor-tab-title-8573\"><h1><span style=\"font-weight: 400;\">Reuni\u00f5es de equipa<\/span><\/h1>\n<p><a href=\"https:\/\/docs.google.com\/document\/d\/1xxyasHKSc-xSw_McwERQtaA-kzFO0JVyKb95gT7z3BU\/edit?usp=sharing\"><span style=\"font-weight: 400;\">Vegan Option Canada : Ata da reuni\u00e3o \/ Option V\u00e9gane Canada : Compte-rendu r\u00e9union 2018-12-22<\/span><\/a><span style=\"font-weight: 400;\"> &#8211; <\/span><a href=\"https:\/\/drive.google.com\/open?id=1_64a5x9JnDXKUMmG9xUpQruM4Nw2YGq5\"><span style=\"font-weight: 400;\">PDF<\/span><\/a><\/p>\n<p><a href=\"https:\/\/docs.google.com\/document\/d\/1JrgNc3BlNkGojaWv_inDTvzdIUTw50uD6BkCOfAeFGs\/edit?usp=sharing\"><span style=\"font-weight: 400;\">Op\u00e7\u00e3o Vegana Canad\u00e1 : Ata da reuni\u00e3o \/ Option V\u00e9gane Canada : Compte-rendu r\u00e9union 2018-12-08<\/span><\/a><span style=\"font-weight: 400;\"> &#8211; <\/span><a href=\"https:\/\/drive.google.com\/open?id=1O4t6hdwWhS3c6tdsg6UtWuvp8FOR4fK6\"><span style=\"font-weight: 400;\">PDF<\/span><\/a><\/p>\n<p><a href=\"https:\/\/docs.google.com\/document\/d\/1PA71WDaGZiTuyExUW5uRICNw9322U3ENsTIRJ5h4Bgk\/edit?usp=sharing\"><span style=\"font-weight: 400;\">Op\u00e7\u00e3o Vegana Canad\u00e1: Ata da reuni\u00e3o \/ Option V\u00e9gane Canada : Compte-rendu r\u00e9union 2018-11-24<\/span><\/a><span style=\"font-weight: 400;\"> &#8211; <\/span><a href=\"https:\/\/drive.google.com\/open?id=1bl0W0ORQLu8wdsWAx01QkPlMDwkpedLI\"><span style=\"font-weight: 400;\">PDF<\/span><\/a><\/p>\n<p><a href=\"https:\/\/docs.google.com\/document\/d\/1xqsLjHLlttHSZN2CDTF8soJv-744QonG6erUC_q8qbA\/edit?usp=sharing\"><span style=\"font-weight: 400;\">Reuni\u00e3o da Op\u00e7\u00e3o Vegana no Canad\u00e1 \/ Option V\u00e9gane Canada r\u00e9union 2018-11-10<\/span><\/a><span style=\"font-weight: 400;\"> &#8211; <\/span><a href=\"https:\/\/drive.google.com\/open?id=1-q9Js1u9Ft3dzBrPKpkCvmuF5LuWFLog\"><span style=\"font-weight: 400;\">PDF<\/span><\/a><\/p>\n<p><a href=\"https:\/\/docs.google.com\/document\/d\/14we3YvBQzd-s4t5oLt090EY5YIKm4ObJCLwQg21d-gs\/edit?usp=sharing\"><span style=\"font-weight: 400;\">Reuni\u00e3o da Op\u00e7\u00e3o Vegana Canad\u00e1 \/ Option V\u00e9gane Canada r\u00e9union 2018-10-27<\/span><\/a><span style=\"font-weight: 400;\">   <\/span><\/p>\n<p><a href=\"https:\/\/docs.google.com\/document\/d\/1U7d6Yp0QQCNNgZHzND3dh7KINmj1Wx5yGndNeyzPOm0\/edit?usp=sharing\"><span style=\"font-weight: 400;\">Reuni\u00e3o da Op\u00e7\u00e3o Vegana no Canad\u00e1 \/ Option V\u00e9gane Canada r\u00e9union 2018-10-06<\/span><\/a><\/p>\n<p><a href=\"https:\/\/docs.google.com\/document\/d\/1P9FYFXO3eHUWrMCjxVgcaiuNRiinyRuSaaxacP8085E\/edit?usp=sharing\"><span style=\"font-weight: 400;\">Reuni\u00e3o da Op\u00e7\u00e3o Vegana Canad\u00e1 \/ Option V\u00e9gane Canada r\u00e9union 2018-09-29<\/span><\/a><\/p>\n<p><a href=\"https:\/\/docs.google.com\/document\/d\/11r8W_o0yl_dmFaopeeWAaAWJrKodt-8nCIA3rvSDOQg\/edit?usp=sharing\"><span style=\"font-weight: 400;\">Reuni\u00e3o da Op\u00e7\u00e3o Vegana Canad\u00e1 \/ Option V\u00e9gane Canada r\u00e9union 2018-09-15<\/span><\/a><\/p>\n<\/div>\n\t\t\t\t<\/div>\n\t\t\t\t\t\t\t\t<\/div>\n\t\t\t\t\t\t<\/div>\n\t\t\t\t<\/div>\n\t\t\t\t\t<\/div>\n\t\t<\/div>\n\t\t\t\t\t<\/div>\n\t\t<\/section>\n\t\t\t\t<\/div>\n\t\t","protected":false},"excerpt":{"rendered":"<p>2020 Agora 2020 2019 \u00c1gora 2019 Arquivos de reuni\u00f5es &#8211; 2019 2018 Reuni\u00f5es de equipa Vegan Option Canada : Ata da reuni\u00e3o \/ Option V\u00e9gane Canada : Compte-rendu r\u00e9union 2018-12-22 &#8211; PDF Op\u00e7\u00e3o Vegana Canad\u00e1 : Ata da reuni\u00e3o \/ Option V\u00e9gane Canada : Compte-rendu r\u00e9union 2018-12-08 &#8211; PDF Op\u00e7\u00e3o Vegana Canad\u00e1: Ata da reuni\u00e3o [&hellip;]<\/p>\n","protected":false},"author":1,"featured_media":0,"parent":4352,"menu_order":0,"comment_status":"closed","ping_status":"closed","template":"","meta":{"footnotes":""},"class_list":["post-4444","page","type-page","status-publish","hentry"],"yoast_head":"<!-- This site is optimized with the Yoast SEO plugin v26.9 - https:\/\/yoast.com\/product\/yoast-seo-wordpress\/ -->\n<title>Arquivos - Op\u00e7\u00e3o Vegana Canad\u00e1<\/title>\n<meta name=\"robots\" content=\"index, follow, max-snippet:-1, max-image-preview:large, max-video-preview:-1\" \/>\n<link rel=\"canonical\" href=\"https:\/\/veganoptioncanada.ca\/pt-pt\/portal-de-colaboracao\/arquivos\/\" \/>\n<meta property=\"og:locale\" content=\"pt_PT\" \/>\n<meta property=\"og:type\" content=\"article\" \/>\n<meta property=\"og:title\" content=\"Arquivos - Op\u00e7\u00e3o Vegana Canad\u00e1\" \/>\n<meta property=\"og:description\" content=\"2020 Agora 2020 2019 \u00c1gora 2019 Arquivos de reuni\u00f5es &#8211; 2019 2018 Reuni\u00f5es de equipa Vegan Option Canada : Ata da reuni\u00e3o \/ Option V\u00e9gane Canada : Compte-rendu r\u00e9union 2018-12-22 &#8211; PDF Op\u00e7\u00e3o Vegana Canad\u00e1 : Ata da reuni\u00e3o \/ Option V\u00e9gane Canada : Compte-rendu r\u00e9union 2018-12-08 &#8211; PDF Op\u00e7\u00e3o Vegana Canad\u00e1: Ata da reuni\u00e3o [&hellip;]\" \/>\n<meta property=\"og:url\" content=\"https:\/\/veganoptioncanada.ca\/pt-pt\/portal-de-colaboracao\/arquivos\/\" \/>\n<meta property=\"og:site_name\" content=\"Op\u00e7\u00e3o Vegana Canad\u00e1\" \/>\n<meta property=\"article:publisher\" content=\"https:\/\/www.facebook.com\/VOOVCanada\/\" \/>\n<meta property=\"article:modified_time\" content=\"2025-03-30T03:17:10+00:00\" \/>\n<meta name=\"twitter:card\" content=\"summary_large_image\" \/>\n<meta name=\"twitter:site\" content=\"@CanadaVegan\" \/>\n<meta name=\"twitter:label1\" content=\"Tempo estimado de leitura\" \/>\n\t<meta name=\"twitter:data1\" content=\"1 minuto\" \/>\n<script type=\"application\/ld+json\" class=\"yoast-schema-graph\">{\"@context\":\"https:\/\/schema.org\",\"@graph\":[{\"@type\":\"WebPage\",\"@id\":\"https:\/\/veganoptioncanada.ca\/pt-pt\/portal-de-colaboracao\/arquivos\/\",\"url\":\"https:\/\/veganoptioncanada.ca\/pt-pt\/portal-de-colaboracao\/arquivos\/\",\"name\":\"Arquivos - Op\u00e7\u00e3o Vegana Canad\u00e1\",\"isPartOf\":{\"@id\":\"http:\/\/veganoptioncanada.ca\/pt-pt\/#website\"},\"datePublished\":\"2019-01-30T20:11:35+00:00\",\"dateModified\":\"2025-03-30T03:17:10+00:00\",\"breadcrumb\":{\"@id\":\"https:\/\/veganoptioncanada.ca\/pt-pt\/portal-de-colaboracao\/arquivos\/#breadcrumb\"},\"inLanguage\":\"pt-PT\",\"potentialAction\":[{\"@type\":\"ReadAction\",\"target\":[\"https:\/\/veganoptioncanada.ca\/pt-pt\/portal-de-colaboracao\/arquivos\/\"]}]},{\"@type\":\"BreadcrumbList\",\"@id\":\"https:\/\/veganoptioncanada.ca\/pt-pt\/portal-de-colaboracao\/arquivos\/#breadcrumb\",\"itemListElement\":[{\"@type\":\"ListItem\",\"position\":1,\"name\":\"Home\",\"item\":\"https:\/\/veganoptioncanada.ca\/pt-pt\/\"},{\"@type\":\"ListItem\",\"position\":2,\"name\":\"Portal de colabora\u00e7\u00e3o\",\"item\":\"http:\/\/veganoptioncanada.ca\/pt-pt\/portal-de-colaboracao\/\"},{\"@type\":\"ListItem\",\"position\":3,\"name\":\"Arquivos\"}]},{\"@type\":\"WebSite\",\"@id\":\"http:\/\/veganoptioncanada.ca\/pt-pt\/#website\",\"url\":\"http:\/\/veganoptioncanada.ca\/pt-pt\/\",\"name\":\"Vegan Option Canada - Option V\u00e9gane Canada\",\"description\":\"\",\"publisher\":{\"@id\":\"http:\/\/veganoptioncanada.ca\/pt-pt\/#organization\"},\"potentialAction\":[{\"@type\":\"SearchAction\",\"target\":{\"@type\":\"EntryPoint\",\"urlTemplate\":\"http:\/\/veganoptioncanada.ca\/pt-pt\/?s={search_term_string}\"},\"query-input\":{\"@type\":\"PropertyValueSpecification\",\"valueRequired\":true,\"valueName\":\"search_term_string\"}}],\"inLanguage\":\"pt-PT\"},{\"@type\":\"Organization\",\"@id\":\"http:\/\/veganoptioncanada.ca\/pt-pt\/#organization\",\"name\":\"Vegan Option Canada\",\"url\":\"http:\/\/veganoptioncanada.ca\/pt-pt\/\",\"logo\":{\"@type\":\"ImageObject\",\"inLanguage\":\"pt-PT\",\"@id\":\"http:\/\/veganoptioncanada.ca\/pt-pt\/#\/schema\/logo\/image\/\",\"url\":\"http:\/\/veganoptioncanada.ca\/wp-content\/uploads\/2021\/04\/Logo_OVC_transparent_web.png\",\"contentUrl\":\"http:\/\/veganoptioncanada.ca\/wp-content\/uploads\/2021\/04\/Logo_OVC_transparent_web.png\",\"width\":200,\"height\":200,\"caption\":\"Vegan Option Canada\"},\"image\":{\"@id\":\"http:\/\/veganoptioncanada.ca\/pt-pt\/#\/schema\/logo\/image\/\"},\"sameAs\":[\"https:\/\/www.facebook.com\/VOOVCanada\/\",\"https:\/\/x.com\/CanadaVegan\",\"https:\/\/instagram.com\/veganoptioncanada\/\",\"https:\/\/www.youtube.com\/channel\/UCDVCrc0eUMbWkdRwsUQi4Hw\"]}]}<\/script>\n<!-- \/ Yoast SEO plugin. -->","yoast_head_json":{"title":"Arquivos - Op\u00e7\u00e3o Vegana Canad\u00e1","robots":{"index":"index","follow":"follow","max-snippet":"max-snippet:-1","max-image-preview":"max-image-preview:large","max-video-preview":"max-video-preview:-1"},"canonical":"https:\/\/veganoptioncanada.ca\/pt-pt\/portal-de-colaboracao\/arquivos\/","og_locale":"pt_PT","og_type":"article","og_title":"Arquivos - Op\u00e7\u00e3o Vegana Canad\u00e1","og_description":"2020 Agora 2020 2019 \u00c1gora 2019 Arquivos de reuni\u00f5es &#8211; 2019 2018 Reuni\u00f5es de equipa Vegan Option Canada : Ata da reuni\u00e3o \/ Option V\u00e9gane Canada : Compte-rendu r\u00e9union 2018-12-22 &#8211; PDF Op\u00e7\u00e3o Vegana Canad\u00e1 : Ata da reuni\u00e3o \/ Option V\u00e9gane Canada : Compte-rendu r\u00e9union 2018-12-08 &#8211; PDF Op\u00e7\u00e3o Vegana Canad\u00e1: Ata da reuni\u00e3o [&hellip;]","og_url":"https:\/\/veganoptioncanada.ca\/pt-pt\/portal-de-colaboracao\/arquivos\/","og_site_name":"Op\u00e7\u00e3o Vegana Canad\u00e1","article_publisher":"https:\/\/www.facebook.com\/VOOVCanada\/","article_modified_time":"2025-03-30T03:17:10+00:00","twitter_card":"summary_large_image","twitter_site":"@CanadaVegan","twitter_misc":{"Tempo estimado de leitura":"1 minuto"},"schema":{"@context":"https:\/\/schema.org","@graph":[{"@type":"WebPage","@id":"https:\/\/veganoptioncanada.ca\/pt-pt\/portal-de-colaboracao\/arquivos\/","url":"https:\/\/veganoptioncanada.ca\/pt-pt\/portal-de-colaboracao\/arquivos\/","name":"Arquivos - Op\u00e7\u00e3o Vegana Canad\u00e1","isPartOf":{"@id":"http:\/\/veganoptioncanada.ca\/pt-pt\/#website"},"datePublished":"2019-01-30T20:11:35+00:00","dateModified":"2025-03-30T03:17:10+00:00","breadcrumb":{"@id":"https:\/\/veganoptioncanada.ca\/pt-pt\/portal-de-colaboracao\/arquivos\/#breadcrumb"},"inLanguage":"pt-PT","potentialAction":[{"@type":"ReadAction","target":["https:\/\/veganoptioncanada.ca\/pt-pt\/portal-de-colaboracao\/arquivos\/"]}]},{"@type":"BreadcrumbList","@id":"https:\/\/veganoptioncanada.ca\/pt-pt\/portal-de-colaboracao\/arquivos\/#breadcrumb","itemListElement":[{"@type":"ListItem","position":1,"name":"Home","item":"https:\/\/veganoptioncanada.ca\/pt-pt\/"},{"@type":"ListItem","position":2,"name":"Portal de colabora\u00e7\u00e3o","item":"http:\/\/veganoptioncanada.ca\/pt-pt\/portal-de-colaboracao\/"},{"@type":"ListItem","position":3,"name":"Arquivos"}]},{"@type":"WebSite","@id":"http:\/\/veganoptioncanada.ca\/pt-pt\/#website","url":"http:\/\/veganoptioncanada.ca\/pt-pt\/","name":"Vegan Option Canada - Option V\u00e9gane Canada","description":"","publisher":{"@id":"http:\/\/veganoptioncanada.ca\/pt-pt\/#organization"},"potentialAction":[{"@type":"SearchAction","target":{"@type":"EntryPoint","urlTemplate":"http:\/\/veganoptioncanada.ca\/pt-pt\/?s={search_term_string}"},"query-input":{"@type":"PropertyValueSpecification","valueRequired":true,"valueName":"search_term_string"}}],"inLanguage":"pt-PT"},{"@type":"Organization","@id":"http:\/\/veganoptioncanada.ca\/pt-pt\/#organization","name":"Vegan Option Canada","url":"http:\/\/veganoptioncanada.ca\/pt-pt\/","logo":{"@type":"ImageObject","inLanguage":"pt-PT","@id":"http:\/\/veganoptioncanada.ca\/pt-pt\/#\/schema\/logo\/image\/","url":"http:\/\/veganoptioncanada.ca\/wp-content\/uploads\/2021\/04\/Logo_OVC_transparent_web.png","contentUrl":"http:\/\/veganoptioncanada.ca\/wp-content\/uploads\/2021\/04\/Logo_OVC_transparent_web.png","width":200,"height":200,"caption":"Vegan Option Canada"},"image":{"@id":"http:\/\/veganoptioncanada.ca\/pt-pt\/#\/schema\/logo\/image\/"},"sameAs":["https:\/\/www.facebook.com\/VOOVCanada\/","https:\/\/x.com\/CanadaVegan","https:\/\/instagram.com\/veganoptioncanada\/","https:\/\/www.youtube.com\/channel\/UCDVCrc0eUMbWkdRwsUQi4Hw"]}]}},"_links":{"self":[{"href":"https:\/\/veganoptioncanada.ca\/pt-pt\/wp-json\/wp\/v2\/pages\/4444","targetHints":{"allow":["GET"]}}],"collection":[{"href":"https:\/\/veganoptioncanada.ca\/pt-pt\/wp-json\/wp\/v2\/pages"}],"about":[{"href":"https:\/\/veganoptioncanada.ca\/pt-pt\/wp-json\/wp\/v2\/types\/page"}],"author":[{"embeddable":true,"href":"https:\/\/veganoptioncanada.ca\/pt-pt\/wp-json\/wp\/v2\/users\/1"}],"replies":[{"embeddable":true,"href":"https:\/\/veganoptioncanada.ca\/pt-pt\/wp-json\/wp\/v2\/comments?post=4444"}],"version-history":[{"count":1,"href":"https:\/\/veganoptioncanada.ca\/pt-pt\/wp-json\/wp\/v2\/pages\/4444\/revisions"}],"predecessor-version":[{"id":4446,"href":"https:\/\/veganoptioncanada.ca\/pt-pt\/wp-json\/wp\/v2\/pages\/4444\/revisions\/4446"}],"up":[{"embeddable":true,"href":"https:\/\/veganoptioncanada.ca\/pt-pt\/wp-json\/wp\/v2\/pages\/4352"}],"wp:attachment":[{"href":"https:\/\/veganoptioncanada.ca\/pt-pt\/wp-json\/wp\/v2\/media?parent=4444"}],"curies":[{"name":"wp","href":"https:\/\/api.w.org\/{rel}","templated":true}]}}