{"id":4470,"date":"2020-09-28T17:36:46","date_gmt":"2020-09-28T22:36:46","guid":{"rendered":"https:\/\/veganoptioncanada.ca\/estrutura\/"},"modified":"2025-03-29T22:17:37","modified_gmt":"2025-03-30T03:17:37","slug":"estrutura","status":"publish","type":"page","link":"https:\/\/veganoptioncanada.ca\/pt-pt\/estrutura\/","title":{"rendered":"ESTRUTURA"},"content":{"rendered":"\t\t<div data-elementor-type=\"wp-page\" data-elementor-id=\"4470\" class=\"elementor elementor-4470 elementor-3271\" data-elementor-post-type=\"page\">\n\t\t\t\t\t\t<section class=\"elementor-section elementor-top-section elementor-element elementor-element-4bb7714 elementor-section-boxed elementor-section-height-default elementor-section-height-default\" data-id=\"4bb7714\" data-element_type=\"section\">\n\t\t\t\t\t\t<div class=\"elementor-container elementor-column-gap-default\">\n\t\t\t\t\t<div class=\"elementor-column elementor-col-100 elementor-top-column elementor-element elementor-element-10c0966\" data-id=\"10c0966\" data-element_type=\"column\">\n\t\t\t<div class=\"elementor-widget-wrap elementor-element-populated\">\n\t\t\t\t\t\t<div class=\"elementor-element elementor-element-1478cc9 elementor-widget elementor-widget-heading\" data-id=\"1478cc9\" data-element_type=\"widget\" data-widget_type=\"heading.default\">\n\t\t\t\t<div class=\"elementor-widget-container\">\n\t\t\t\t\t<h2 class=\"elementor-heading-title elementor-size-default\">Option V\u00e9gane Canada (OVC) \u00e9 um movimento canadiano de cidad\u00e3os empenhados. Precisamos do apoio de todos para pedir ao nosso governo que assuma a responsabilidade pelo nosso futuro coletivo. <\/h2>\t\t\t\t<\/div>\n\t\t\t\t<\/div>\n\t\t\t\t\t<\/div>\n\t\t<\/div>\n\t\t\t\t\t<\/div>\n\t\t<\/section>\n\t\t\t\t<section class=\"elementor-section elementor-top-section elementor-element elementor-element-c3992ae elementor-section-boxed elementor-section-height-default elementor-section-height-default\" data-id=\"c3992ae\" data-element_type=\"section\">\n\t\t\t\t\t\t<div class=\"elementor-container elementor-column-gap-default\">\n\t\t\t\t\t<div class=\"elementor-column elementor-col-100 elementor-top-column elementor-element elementor-element-330b878\" data-id=\"330b878\" data-element_type=\"column\">\n\t\t\t<div class=\"elementor-widget-wrap elementor-element-populated\">\n\t\t\t\t\t\t<div class=\"elementor-element elementor-element-8fb400f elementor-widget elementor-widget-text-editor\" data-id=\"8fb400f\" data-element_type=\"widget\" data-widget_type=\"text-editor.default\">\n\t\t\t\t<div class=\"elementor-widget-container\">\n\t\t\t\t\t\t\t\t\t<p>Organizamo-nos em equipas descentralizadas e aut\u00f3nomas, onde os indiv\u00edduos t\u00eam a autoridade para reagir rapidamente a situa\u00e7\u00f5es em constante mudan\u00e7a, aproveitando a intelig\u00eancia colectiva do grupo.  <\/p><p>Estamos a trabalhar para construir um movimento que seja menos hier\u00e1rquico, inclusivo e livre de din\u00e2micas de poder coercivas. Queremos dar aos indiv\u00edduos os meios para explorarem a sua criatividade e iniciativa, tendo em conta a necessidade de obter o consentimento do grupo. <\/p><p>Para isso, usamos um sistema de auto-organiza\u00e7\u00e3o (v\u00ea este resumo de XR reproduzido abaixo), que est\u00e1 descrito na nossa <a href=\"https:\/\/docs.google.com\/document\/d\/19U8V3jIhTTK1mLU1U63wegWt1fi0GCcUbU6g7YOz3fo\/edit?usp=sharing\">Constitui\u00e7\u00e3o<\/a>. A constitui\u00e7\u00e3o existe para que o poder seja retirado aos indiv\u00edduos e colocado nos processos. Isto garante que todos jogam pelas mesmas regras e que nenhum indiv\u00edduo tem poder sobre outro. Podes tamb\u00e9m explorar o nosso <a href=\"https:\/\/app.glassfrog.com\/organizations\/21412\/orgnav\/roles\/12534300\">mapa interativo de todas as equipas (GlassFrog)<\/a>.   <\/p>\t\t\t\t\t\t\t\t<\/div>\n\t\t\t\t<\/div>\n\t\t\t\t\t<\/div>\n\t\t<\/div>\n\t\t\t\t\t<\/div>\n\t\t<\/section>\n\t\t\t\t<section class=\"elementor-section elementor-top-section elementor-element elementor-element-4d59086 elementor-section-boxed elementor-section-height-default elementor-section-height-default\" data-id=\"4d59086\" data-element_type=\"section\">\n\t\t\t\t\t\t<div class=\"elementor-container elementor-column-gap-default\">\n\t\t\t\t\t<div class=\"elementor-column elementor-col-100 elementor-top-column elementor-element elementor-element-7b88b72\" data-id=\"7b88b72\" data-element_type=\"column\">\n\t\t\t<div class=\"elementor-widget-wrap elementor-element-populated\">\n\t\t\t\t\t\t<div class=\"elementor-element elementor-element-7d1fe29 elementor-widget elementor-widget-toggle\" data-id=\"7d1fe29\" data-element_type=\"widget\" data-widget_type=\"toggle.default\">\n\t\t\t\t<div class=\"elementor-widget-container\">\n\t\t\t\t\t\t\t<div class=\"elementor-toggle\">\n\t\t\t\t\t\t\t<div class=\"elementor-toggle-item\">\n\t\t\t\t\t<div id=\"elementor-tab-title-1311\" class=\"elementor-tab-title\" data-tab=\"1\" role=\"button\" aria-controls=\"elementor-tab-content-1311\" aria-expanded=\"false\">\n\t\t\t\t\t\t\t\t\t\t\t\t<span class=\"elementor-toggle-icon elementor-toggle-icon-left\" aria-hidden=\"true\">\n\t\t\t\t\t\t\t\t\t\t\t\t\t\t\t<span class=\"elementor-toggle-icon-closed\"><i class=\"fas fa-caret-right\"><\/i><\/span>\n\t\t\t\t\t\t\t\t<span class=\"elementor-toggle-icon-opened\"><i class=\"elementor-toggle-icon-opened fas fa-caret-up\"><\/i><\/span>\n\t\t\t\t\t\t\t\t\t\t\t\t\t<\/span>\n\t\t\t\t\t\t\t\t\t\t\t\t<a class=\"elementor-toggle-title\" tabindex=\"0\">Resumo do sistema de auto-organiza\u00e7\u00e3o<\/a>\n\t\t\t\t\t<\/div>\n\n\t\t\t\t\t<div id=\"elementor-tab-content-1311\" class=\"elementor-tab-content elementor-clearfix\" data-tab=\"1\" role=\"region\" aria-labelledby=\"elementor-tab-title-1311\"><p>AUTORIDADE DISTRIBU\u00cdDA<br \/>\u2794 As pessoas desempenham pap\u00e9is com mandatos definidos (= objetivo + dom\u00ednio + responsabilidades).<br \/>\u2794 T\u00eam plena autoridade para tomar decis\u00f5es e agir no \u00e2mbito desse mandato.<br \/>\u2794 Ao tomar uma decis\u00e3o no \u00e2mbito do seu papel, as pessoas s\u00e3o respons\u00e1veis por procurar informa\u00e7\u00e3o<br \/>junto daqueles que t\u00eam experi\u00eancia ou s\u00e3o afectados pelo dom\u00ednio.<\/p>\n<p>C\u00cdRCULOS AUTO-ORGANIZADOS<br \/>\u2794 Cada c\u00edrculo (ou equipa) tem a sua pr\u00f3pria miss\u00e3o e pode definir e aperfei\u00e7oar os seus pap\u00e9is.<br \/>\u2794 Para pap\u00e9is maiores, o c\u00edrculo pode criar um sub-c\u00edrculo que, por sua vez, se auto-organizar\u00e1.<br \/>\u2794 Esta estrutura circular expande-se para o c\u00edrculo \u00e2ncora que cont\u00e9m todos os c\u00edrculos.<br \/>O consentimento e a liga\u00e7\u00e3o asseguram que nenhum indiv\u00edduo tem poder sobre outro e atenuam as carater\u00edsticas negativas de uma estrutura hier\u00e1rquica.<br \/>\u2794 Cada n\u00edvel da estrutura est\u00e1 um pouco mais afastado da realidade e tem uma vis\u00e3o mais ampla da utiliza\u00e7\u00e3o dos recursos, dos objectivos e das prioridades.<\/p>\n<p>ESTRUTURA DE LIGA\u00c7\u00c3O<br \/>\u2794 Os coordenadores externos participam nas reuni\u00f5es do c\u00edrculo mais alargado como membros iguais.<br \/>\u2794 Isto d\u00e1 a cada sub-c\u00edrculo poder igual para levantar objec\u00e7\u00f5es quando tomam decis\u00f5es no c\u00edrculo mais alargado, se criarem ou mudarem de fun\u00e7\u00f5es.<\/p>\n<p>COMO O PODER \u00c9 DESCENTRALIZADO<br \/>\u2794 A autoridade \u00e9 dividida em fun\u00e7\u00f5es e c\u00edrculos de acordo com um processo coletivo de tomada de decis\u00f5es. Os mandatos d\u00e3o \u00e0s fun\u00e7\u00f5es o poder de tomar decis\u00f5es operacionais. <br \/>Para adicionar\/mudar um papel\/c\u00edrculo, um membro apresenta uma proposta para resolver um problema, chamada tens\u00e3o, e cada membro do c\u00edrculo tem a oportunidade de se opor a ela.<br \/>As objec\u00e7\u00f5es s\u00e3o encorajadas, pois representam informa\u00e7\u00f5es importantes que podem ser incorporadas para melhorar a proposta, antes de esta ser aceite ou retirada.<br \/>O objetivo \u00e9 conseguir algo realiz\u00e1vel que nos permita avan\u00e7ar.<br \/>A decis\u00e3o pode ser revista mais tarde, por isso n\u00e3o tens de ser perfeito \u00e0 primeira.<\/p>\n<p>TRANSPAR\u00caNCIA RADICAL<br \/>\u2794 As fun\u00e7\u00f5es e os c\u00edrculos devem ser mantidos actualizados e vis\u00edveis para todos.<br \/>\u2794 Isto permite que cada membro descubra a estrutura e contacte quem<br \/>na tomada de decis\u00f5es do dia a dia.<br \/>\u2794 As actas, os projectos e outros documentos relevantes tamb\u00e9m devem ser transparentes, para que toda a organiza\u00e7\u00e3o tenha uma vis\u00e3o geral da hist\u00f3ria de cada parte.<\/p>\n<p>O sistema de auto-organiza\u00e7\u00e3o (SAO) do OVC permite-nos aproveitar a sabedoria do grupo, mantendo-nos \u00e1geis e capazes de reagir rapidamente a situa\u00e7\u00f5es emergentes.<\/p>\n<\/div>\n\t\t\t\t<\/div>\n\t\t\t\t\t\t\t\t<\/div>\n\t\t\t\t\t\t<\/div>\n\t\t\t\t<\/div>\n\t\t\t\t\t<\/div>\n\t\t<\/div>\n\t\t\t\t\t<\/div>\n\t\t<\/section>\n\t\t\t\t<section class=\"elementor-section elementor-top-section elementor-element elementor-element-583b433 elementor-section-boxed elementor-section-height-default elementor-section-height-default\" data-id=\"583b433\" data-element_type=\"section\">\n\t\t\t\t\t\t<div class=\"elementor-container elementor-column-gap-default\">\n\t\t\t\t\t<div class=\"elementor-column elementor-col-100 elementor-top-column elementor-element elementor-element-17df68c\" data-id=\"17df68c\" data-element_type=\"column\">\n\t\t\t<div class=\"elementor-widget-wrap elementor-element-populated\">\n\t\t\t\t\t\t<div class=\"elementor-element elementor-element-6e7d584 elementor-widget-divider--view-line elementor-widget elementor-widget-divider\" data-id=\"6e7d584\" data-element_type=\"widget\" data-widget_type=\"divider.default\">\n\t\t\t\t<div class=\"elementor-widget-container\">\n\t\t\t\t\t\t\t<div class=\"elementor-divider\">\n\t\t\t<span class=\"elementor-divider-separator\">\n\t\t\t\t\t\t<\/span>\n\t\t<\/div>\n\t\t\t\t\t\t<\/div>\n\t\t\t\t<\/div>\n\t\t\t\t\t<\/div>\n\t\t<\/div>\n\t\t\t\t\t<\/div>\n\t\t<\/section>\n\t\t\t\t<section class=\"elementor-section elementor-top-section elementor-element elementor-element-e8ac232 elementor-section-boxed elementor-section-height-default elementor-section-height-default\" data-id=\"e8ac232\" data-element_type=\"section\">\n\t\t\t\t\t\t<div class=\"elementor-container elementor-column-gap-default\">\n\t\t\t\t\t<div class=\"elementor-column elementor-col-100 elementor-top-column elementor-element elementor-element-4a044b9\" data-id=\"4a044b9\" data-element_type=\"column\">\n\t\t\t<div class=\"elementor-widget-wrap elementor-element-populated\">\n\t\t\t\t\t\t<div class=\"elementor-element elementor-element-245dd30 elementor-widget elementor-widget-video\" data-id=\"245dd30\" data-element_type=\"widget\" data-settings=\"{&quot;youtube_url&quot;:&quot;https:\\\/\\\/youtu.be\\\/tJxfJGo-vkI&quot;,&quot;video_type&quot;:&quot;youtube&quot;,&quot;controls&quot;:&quot;yes&quot;}\" data-widget_type=\"video.default\">\n\t\t\t\t<div class=\"elementor-widget-container\">\n\t\t\t\t\t\t\t<div class=\"elementor-wrapper elementor-open-inline\">\n\t\t\t<div class=\"elementor-video\"><\/div>\t\t<\/div>\n\t\t\t\t\t\t<\/div>\n\t\t\t\t<\/div>\n\t\t\t\t\t<\/div>\n\t\t<\/div>\n\t\t\t\t\t<\/div>\n\t\t<\/section>\n\t\t\t\t<\/div>\n\t\t","protected":false},"excerpt":{"rendered":"<p>Option V\u00e9gane Canada (OVC) \u00e9 um movimento canadiano de cidad\u00e3os empenhados. Precisamos do apoio de todos para pedir ao nosso governo que assuma a responsabilidade pelo nosso futuro coletivo. Organizamo-nos em equipas descentralizadas e aut\u00f3nomas, onde os indiv\u00edduos t\u00eam a autoridade para reagir rapidamente a situa\u00e7\u00f5es em constante mudan\u00e7a, aproveitando a intelig\u00eancia colectiva do grupo. [&hellip;]<\/p>\n","protected":false},"author":2,"featured_media":0,"parent":0,"menu_order":0,"comment_status":"closed","ping_status":"closed","template":"","meta":{"footnotes":""},"class_list":["post-4470","page","type-page","status-publish","hentry"],"yoast_head":"<!-- This site is optimized with the Yoast SEO plugin v26.9 - https:\/\/yoast.com\/product\/yoast-seo-wordpress\/ -->\n<title>ESTRUTURA - Op\u00e7\u00e3o Vegana Canad\u00e1<\/title>\n<meta name=\"robots\" content=\"index, follow, max-snippet:-1, max-image-preview:large, max-video-preview:-1\" \/>\n<link rel=\"canonical\" href=\"https:\/\/veganoptioncanada.ca\/pt-pt\/estrutura\/\" \/>\n<meta property=\"og:locale\" content=\"pt_PT\" \/>\n<meta property=\"og:type\" content=\"article\" \/>\n<meta property=\"og:title\" content=\"ESTRUTURA - Op\u00e7\u00e3o Vegana Canad\u00e1\" \/>\n<meta property=\"og:description\" content=\"Option V\u00e9gane Canada (OVC) \u00e9 um movimento canadiano de cidad\u00e3os empenhados. Precisamos do apoio de todos para pedir ao nosso governo que assuma a responsabilidade pelo nosso futuro coletivo. Organizamo-nos em equipas descentralizadas e aut\u00f3nomas, onde os indiv\u00edduos t\u00eam a autoridade para reagir rapidamente a situa\u00e7\u00f5es em constante mudan\u00e7a, aproveitando a intelig\u00eancia colectiva do grupo. [&hellip;]\" \/>\n<meta property=\"og:url\" content=\"https:\/\/veganoptioncanada.ca\/pt-pt\/estrutura\/\" \/>\n<meta property=\"og:site_name\" content=\"Op\u00e7\u00e3o Vegana Canad\u00e1\" \/>\n<meta property=\"article:publisher\" content=\"https:\/\/www.facebook.com\/VOOVCanada\/\" \/>\n<meta property=\"article:modified_time\" content=\"2025-03-30T03:17:37+00:00\" \/>\n<meta name=\"twitter:card\" content=\"summary_large_image\" \/>\n<meta name=\"twitter:site\" content=\"@CanadaVegan\" \/>\n<meta name=\"twitter:label1\" content=\"Tempo estimado de leitura\" \/>\n\t<meta name=\"twitter:data1\" content=\"3 minutos\" \/>\n<script type=\"application\/ld+json\" class=\"yoast-schema-graph\">{\"@context\":\"https:\/\/schema.org\",\"@graph\":[{\"@type\":\"WebPage\",\"@id\":\"https:\/\/veganoptioncanada.ca\/pt-pt\/estrutura\/\",\"url\":\"https:\/\/veganoptioncanada.ca\/pt-pt\/estrutura\/\",\"name\":\"ESTRUTURA - Op\u00e7\u00e3o Vegana Canad\u00e1\",\"isPartOf\":{\"@id\":\"http:\/\/veganoptioncanada.ca\/pt-pt\/#website\"},\"datePublished\":\"2020-09-28T22:36:46+00:00\",\"dateModified\":\"2025-03-30T03:17:37+00:00\",\"breadcrumb\":{\"@id\":\"https:\/\/veganoptioncanada.ca\/pt-pt\/estrutura\/#breadcrumb\"},\"inLanguage\":\"pt-PT\",\"potentialAction\":[{\"@type\":\"ReadAction\",\"target\":[\"https:\/\/veganoptioncanada.ca\/pt-pt\/estrutura\/\"]}]},{\"@type\":\"BreadcrumbList\",\"@id\":\"https:\/\/veganoptioncanada.ca\/pt-pt\/estrutura\/#breadcrumb\",\"itemListElement\":[{\"@type\":\"ListItem\",\"position\":1,\"name\":\"Home\",\"item\":\"https:\/\/veganoptioncanada.ca\/pt-pt\/\"},{\"@type\":\"ListItem\",\"position\":2,\"name\":\"ESTRUTURA\"}]},{\"@type\":\"WebSite\",\"@id\":\"http:\/\/veganoptioncanada.ca\/pt-pt\/#website\",\"url\":\"http:\/\/veganoptioncanada.ca\/pt-pt\/\",\"name\":\"Vegan Option Canada - Option V\u00e9gane Canada\",\"description\":\"\",\"publisher\":{\"@id\":\"http:\/\/veganoptioncanada.ca\/pt-pt\/#organization\"},\"potentialAction\":[{\"@type\":\"SearchAction\",\"target\":{\"@type\":\"EntryPoint\",\"urlTemplate\":\"http:\/\/veganoptioncanada.ca\/pt-pt\/?s={search_term_string}\"},\"query-input\":{\"@type\":\"PropertyValueSpecification\",\"valueRequired\":true,\"valueName\":\"search_term_string\"}}],\"inLanguage\":\"pt-PT\"},{\"@type\":\"Organization\",\"@id\":\"http:\/\/veganoptioncanada.ca\/pt-pt\/#organization\",\"name\":\"Vegan Option Canada\",\"url\":\"http:\/\/veganoptioncanada.ca\/pt-pt\/\",\"logo\":{\"@type\":\"ImageObject\",\"inLanguage\":\"pt-PT\",\"@id\":\"http:\/\/veganoptioncanada.ca\/pt-pt\/#\/schema\/logo\/image\/\",\"url\":\"http:\/\/veganoptioncanada.ca\/wp-content\/uploads\/2021\/04\/Logo_OVC_transparent_web.png\",\"contentUrl\":\"http:\/\/veganoptioncanada.ca\/wp-content\/uploads\/2021\/04\/Logo_OVC_transparent_web.png\",\"width\":200,\"height\":200,\"caption\":\"Vegan Option Canada\"},\"image\":{\"@id\":\"http:\/\/veganoptioncanada.ca\/pt-pt\/#\/schema\/logo\/image\/\"},\"sameAs\":[\"https:\/\/www.facebook.com\/VOOVCanada\/\",\"https:\/\/x.com\/CanadaVegan\",\"https:\/\/instagram.com\/veganoptioncanada\/\",\"https:\/\/www.youtube.com\/channel\/UCDVCrc0eUMbWkdRwsUQi4Hw\"]}]}<\/script>\n<!-- \/ Yoast SEO plugin. -->","yoast_head_json":{"title":"ESTRUTURA - Op\u00e7\u00e3o Vegana Canad\u00e1","robots":{"index":"index","follow":"follow","max-snippet":"max-snippet:-1","max-image-preview":"max-image-preview:large","max-video-preview":"max-video-preview:-1"},"canonical":"https:\/\/veganoptioncanada.ca\/pt-pt\/estrutura\/","og_locale":"pt_PT","og_type":"article","og_title":"ESTRUTURA - Op\u00e7\u00e3o Vegana Canad\u00e1","og_description":"Option V\u00e9gane Canada (OVC) \u00e9 um movimento canadiano de cidad\u00e3os empenhados. Precisamos do apoio de todos para pedir ao nosso governo que assuma a responsabilidade pelo nosso futuro coletivo. Organizamo-nos em equipas descentralizadas e aut\u00f3nomas, onde os indiv\u00edduos t\u00eam a autoridade para reagir rapidamente a situa\u00e7\u00f5es em constante mudan\u00e7a, aproveitando a intelig\u00eancia colectiva do grupo. [&hellip;]","og_url":"https:\/\/veganoptioncanada.ca\/pt-pt\/estrutura\/","og_site_name":"Op\u00e7\u00e3o Vegana Canad\u00e1","article_publisher":"https:\/\/www.facebook.com\/VOOVCanada\/","article_modified_time":"2025-03-30T03:17:37+00:00","twitter_card":"summary_large_image","twitter_site":"@CanadaVegan","twitter_misc":{"Tempo estimado de leitura":"3 minutos"},"schema":{"@context":"https:\/\/schema.org","@graph":[{"@type":"WebPage","@id":"https:\/\/veganoptioncanada.ca\/pt-pt\/estrutura\/","url":"https:\/\/veganoptioncanada.ca\/pt-pt\/estrutura\/","name":"ESTRUTURA - Op\u00e7\u00e3o Vegana Canad\u00e1","isPartOf":{"@id":"http:\/\/veganoptioncanada.ca\/pt-pt\/#website"},"datePublished":"2020-09-28T22:36:46+00:00","dateModified":"2025-03-30T03:17:37+00:00","breadcrumb":{"@id":"https:\/\/veganoptioncanada.ca\/pt-pt\/estrutura\/#breadcrumb"},"inLanguage":"pt-PT","potentialAction":[{"@type":"ReadAction","target":["https:\/\/veganoptioncanada.ca\/pt-pt\/estrutura\/"]}]},{"@type":"BreadcrumbList","@id":"https:\/\/veganoptioncanada.ca\/pt-pt\/estrutura\/#breadcrumb","itemListElement":[{"@type":"ListItem","position":1,"name":"Home","item":"https:\/\/veganoptioncanada.ca\/pt-pt\/"},{"@type":"ListItem","position":2,"name":"ESTRUTURA"}]},{"@type":"WebSite","@id":"http:\/\/veganoptioncanada.ca\/pt-pt\/#website","url":"http:\/\/veganoptioncanada.ca\/pt-pt\/","name":"Vegan Option Canada - Option V\u00e9gane Canada","description":"","publisher":{"@id":"http:\/\/veganoptioncanada.ca\/pt-pt\/#organization"},"potentialAction":[{"@type":"SearchAction","target":{"@type":"EntryPoint","urlTemplate":"http:\/\/veganoptioncanada.ca\/pt-pt\/?s={search_term_string}"},"query-input":{"@type":"PropertyValueSpecification","valueRequired":true,"valueName":"search_term_string"}}],"inLanguage":"pt-PT"},{"@type":"Organization","@id":"http:\/\/veganoptioncanada.ca\/pt-pt\/#organization","name":"Vegan Option Canada","url":"http:\/\/veganoptioncanada.ca\/pt-pt\/","logo":{"@type":"ImageObject","inLanguage":"pt-PT","@id":"http:\/\/veganoptioncanada.ca\/pt-pt\/#\/schema\/logo\/image\/","url":"http:\/\/veganoptioncanada.ca\/wp-content\/uploads\/2021\/04\/Logo_OVC_transparent_web.png","contentUrl":"http:\/\/veganoptioncanada.ca\/wp-content\/uploads\/2021\/04\/Logo_OVC_transparent_web.png","width":200,"height":200,"caption":"Vegan Option Canada"},"image":{"@id":"http:\/\/veganoptioncanada.ca\/pt-pt\/#\/schema\/logo\/image\/"},"sameAs":["https:\/\/www.facebook.com\/VOOVCanada\/","https:\/\/x.com\/CanadaVegan","https:\/\/instagram.com\/veganoptioncanada\/","https:\/\/www.youtube.com\/channel\/UCDVCrc0eUMbWkdRwsUQi4Hw"]}]}},"_links":{"self":[{"href":"https:\/\/veganoptioncanada.ca\/pt-pt\/wp-json\/wp\/v2\/pages\/4470","targetHints":{"allow":["GET"]}}],"collection":[{"href":"https:\/\/veganoptioncanada.ca\/pt-pt\/wp-json\/wp\/v2\/pages"}],"about":[{"href":"https:\/\/veganoptioncanada.ca\/pt-pt\/wp-json\/wp\/v2\/types\/page"}],"author":[{"embeddable":true,"href":"https:\/\/veganoptioncanada.ca\/pt-pt\/wp-json\/wp\/v2\/users\/2"}],"replies":[{"embeddable":true,"href":"https:\/\/veganoptioncanada.ca\/pt-pt\/wp-json\/wp\/v2\/comments?post=4470"}],"version-history":[{"count":1,"href":"https:\/\/veganoptioncanada.ca\/pt-pt\/wp-json\/wp\/v2\/pages\/4470\/revisions"}],"predecessor-version":[{"id":4471,"href":"https:\/\/veganoptioncanada.ca\/pt-pt\/wp-json\/wp\/v2\/pages\/4470\/revisions\/4471"}],"wp:attachment":[{"href":"https:\/\/veganoptioncanada.ca\/pt-pt\/wp-json\/wp\/v2\/media?parent=4470"}],"curies":[{"name":"wp","href":"https:\/\/api.w.org\/{rel}","templated":true}]}}