{"id":4482,"date":"2020-11-30T10:08:28","date_gmt":"2020-11-30T15:08:28","guid":{"rendered":"https:\/\/veganoptioncanada.ca\/pesquisa\/"},"modified":"2025-03-29T22:17:59","modified_gmt":"2025-03-30T03:17:59","slug":"pesquisa","status":"publish","type":"page","link":"https:\/\/veganoptioncanada.ca\/pt-pt\/pesquisa\/","title":{"rendered":"Pesquisa"},"content":{"rendered":"\t\t<div data-elementor-type=\"wp-page\" data-elementor-id=\"4482\" class=\"elementor elementor-4482 elementor-3518\" data-elementor-post-type=\"page\">\n\t\t\t\t\t\t<section class=\"elementor-section elementor-top-section elementor-element elementor-element-214d4e0 elementor-section-boxed elementor-section-height-default elementor-section-height-default\" data-id=\"214d4e0\" data-element_type=\"section\">\n\t\t\t\t\t\t<div class=\"elementor-container elementor-column-gap-default\">\n\t\t\t\t\t<div class=\"elementor-column elementor-col-100 elementor-top-column elementor-element elementor-element-4610903\" data-id=\"4610903\" data-element_type=\"column\">\n\t\t\t<div class=\"elementor-widget-wrap elementor-element-populated\">\n\t\t\t\t\t\t<section class=\"elementor-section elementor-inner-section elementor-element elementor-element-668a6ce elementor-section-boxed elementor-section-height-default elementor-section-height-default\" data-id=\"668a6ce\" data-element_type=\"section\">\n\t\t\t\t\t\t<div class=\"elementor-container elementor-column-gap-default\">\n\t\t\t\t\t<div class=\"elementor-column elementor-col-50 elementor-inner-column elementor-element elementor-element-918238d\" data-id=\"918238d\" data-element_type=\"column\">\n\t\t\t<div class=\"elementor-widget-wrap elementor-element-populated\">\n\t\t\t\t\t\t<div class=\"elementor-element elementor-element-f18b3e7 elementor-widget elementor-widget-text-editor\" data-id=\"f18b3e7\" data-element_type=\"widget\" data-widget_type=\"text-editor.default\">\n\t\t\t\t<div class=\"elementor-widget-container\">\n\t\t\t\t\t\t\t\t\t<p>Por favor, ajuda a nossa organiza\u00e7\u00e3o a representar-te melhor!  <\/p><p>Agradecemos que respondas a este question\u00e1rio, que demora menos de dois minutos a preencher, para que possamos compreender melhor as tuas necessidades e orientar as nossas futuras campanhas.<\/p><p>Agradecemos-te do fundo do cora\u00e7\u00e3o.<\/p>\t\t\t\t\t\t\t\t<\/div>\n\t\t\t\t<\/div>\n\t\t\t\t\t<\/div>\n\t\t<\/div>\n\t\t\t\t<div class=\"elementor-column elementor-col-50 elementor-inner-column elementor-element elementor-element-9af97c9\" data-id=\"9af97c9\" data-element_type=\"column\">\n\t\t\t<div class=\"elementor-widget-wrap elementor-element-populated\">\n\t\t\t\t\t\t<div class=\"elementor-element elementor-element-5281ddc elementor-widget elementor-widget-image\" data-id=\"5281ddc\" data-element_type=\"widget\" data-widget_type=\"image.default\">\n\t\t\t\t<div class=\"elementor-widget-container\">\n\t\t\t\t\t\t\t\t\t\t\t\t\t\t\t<img fetchpriority=\"high\" decoding=\"async\" width=\"640\" height=\"426\" src=\"https:\/\/veganoptioncanada.ca\/wp-content\/uploads\/2020\/12\/smoothie-3697014_640.jpg\" class=\"attachment-large size-large wp-image-3533\" alt=\"\" srcset=\"https:\/\/veganoptioncanada.ca\/wp-content\/uploads\/2020\/12\/smoothie-3697014_640.jpg 640w, https:\/\/veganoptioncanada.ca\/wp-content\/uploads\/2020\/12\/smoothie-3697014_640-300x200.jpg 300w\" sizes=\"(max-width: 640px) 100vw, 640px\" \/>\t\t\t\t\t\t\t\t\t\t\t\t\t\t\t<\/div>\n\t\t\t\t<\/div>\n\t\t\t\t\t<\/div>\n\t\t<\/div>\n\t\t\t\t\t<\/div>\n\t\t<\/section>\n\t\t\t\t<div class=\"elementor-element elementor-element-66d973b elementor-widget-divider--view-line elementor-widget elementor-widget-divider\" data-id=\"66d973b\" data-element_type=\"widget\" data-widget_type=\"divider.default\">\n\t\t\t\t<div class=\"elementor-widget-container\">\n\t\t\t\t\t\t\t<div class=\"elementor-divider\">\n\t\t\t<span class=\"elementor-divider-separator\">\n\t\t\t\t\t\t<\/span>\n\t\t<\/div>\n\t\t\t\t\t\t<\/div>\n\t\t\t\t<\/div>\n\t\t\t\t<div class=\"elementor-element elementor-element-55c0266 elementor-widget elementor-widget-html\" data-id=\"55c0266\" data-element_type=\"widget\" data-widget_type=\"html.default\">\n\t\t\t\t<div class=\"elementor-widget-container\">\n\t\t\t\t\t<div class=\"typeform-widget\" data-url=\"https:\/\/form.typeform.com\/to\/dj2h5pws\" style=\"width: 100%; height: 500px;\"><\/div> <script> (function() { var qs,js,q,s,d=document, gi=d.getElementById, ce=d.createElement, gt=d.getElementsByTagName, id=\"typef_orm\", b=\"https:\/\/embed.typeform.com\/\"; if(!gi.call(d,id)) { js=ce.call(d,\"script\"); js.id=id; js.src=b+\"embed.js\"; q=gt.call(d,\"script\")[0]; q.parentNode.insertBefore(js,q) } })() <\/script>\t\t\t\t<\/div>\n\t\t\t\t<\/div>\n\t\t\t\t\t<\/div>\n\t\t<\/div>\n\t\t\t\t\t<\/div>\n\t\t<\/section>\n\t\t\t\t<\/div>\n\t\t","protected":false},"excerpt":{"rendered":"<p>Por favor, ajuda a nossa organiza\u00e7\u00e3o a representar-te melhor! Agradecemos que respondas a este question\u00e1rio, que demora menos de dois minutos a preencher, para que possamos compreender melhor as tuas necessidades e orientar as nossas futuras campanhas. Agradecemos-te do fundo do cora\u00e7\u00e3o.<\/p>\n","protected":false},"author":3,"featured_media":0,"parent":0,"menu_order":0,"comment_status":"closed","ping_status":"closed","template":"","meta":{"footnotes":""},"class_list":["post-4482","page","type-page","status-publish","hentry"],"yoast_head":"<!-- This site is optimized with the Yoast SEO plugin v26.9 - https:\/\/yoast.com\/product\/yoast-seo-wordpress\/ -->\n<title>Pesquisa - Op\u00e7\u00e3o Vegana Canad\u00e1<\/title>\n<meta name=\"robots\" content=\"index, follow, max-snippet:-1, max-image-preview:large, max-video-preview:-1\" \/>\n<link rel=\"canonical\" href=\"https:\/\/veganoptioncanada.ca\/pt-pt\/pesquisa\/\" \/>\n<meta property=\"og:locale\" content=\"pt_PT\" \/>\n<meta property=\"og:type\" content=\"article\" \/>\n<meta property=\"og:title\" content=\"Pesquisa - Op\u00e7\u00e3o Vegana Canad\u00e1\" \/>\n<meta property=\"og:description\" content=\"Por favor, ajuda a nossa organiza\u00e7\u00e3o a representar-te melhor! Agradecemos que respondas a este question\u00e1rio, que demora menos de dois minutos a preencher, para que possamos compreender melhor as tuas necessidades e orientar as nossas futuras campanhas. Agradecemos-te do fundo do cora\u00e7\u00e3o.\" \/>\n<meta property=\"og:url\" content=\"https:\/\/veganoptioncanada.ca\/pt-pt\/pesquisa\/\" \/>\n<meta property=\"og:site_name\" content=\"Op\u00e7\u00e3o Vegana Canad\u00e1\" \/>\n<meta property=\"article:publisher\" content=\"https:\/\/www.facebook.com\/VOOVCanada\/\" \/>\n<meta property=\"article:modified_time\" content=\"2025-03-30T03:17:59+00:00\" \/>\n<meta property=\"og:image\" content=\"https:\/\/veganoptioncanada.ca\/wp-content\/uploads\/2020\/12\/smoothie-3697014_640.jpg\" \/>\n<meta name=\"twitter:card\" content=\"summary_large_image\" \/>\n<meta name=\"twitter:site\" content=\"@CanadaVegan\" \/>\n<script type=\"application\/ld+json\" class=\"yoast-schema-graph\">{\"@context\":\"https:\/\/schema.org\",\"@graph\":[{\"@type\":\"WebPage\",\"@id\":\"https:\/\/veganoptioncanada.ca\/pt-pt\/pesquisa\/\",\"url\":\"https:\/\/veganoptioncanada.ca\/pt-pt\/pesquisa\/\",\"name\":\"Pesquisa - Op\u00e7\u00e3o Vegana Canad\u00e1\",\"isPartOf\":{\"@id\":\"http:\/\/veganoptioncanada.ca\/pt-pt\/#website\"},\"primaryImageOfPage\":{\"@id\":\"https:\/\/veganoptioncanada.ca\/pt-pt\/pesquisa\/#primaryimage\"},\"image\":{\"@id\":\"https:\/\/veganoptioncanada.ca\/pt-pt\/pesquisa\/#primaryimage\"},\"thumbnailUrl\":\"https:\/\/veganoptioncanada.ca\/wp-content\/uploads\/2020\/12\/smoothie-3697014_640.jpg\",\"datePublished\":\"2020-11-30T15:08:28+00:00\",\"dateModified\":\"2025-03-30T03:17:59+00:00\",\"breadcrumb\":{\"@id\":\"https:\/\/veganoptioncanada.ca\/pt-pt\/pesquisa\/#breadcrumb\"},\"inLanguage\":\"pt-PT\",\"potentialAction\":[{\"@type\":\"ReadAction\",\"target\":[\"https:\/\/veganoptioncanada.ca\/pt-pt\/pesquisa\/\"]}]},{\"@type\":\"ImageObject\",\"inLanguage\":\"pt-PT\",\"@id\":\"https:\/\/veganoptioncanada.ca\/pt-pt\/pesquisa\/#primaryimage\",\"url\":\"https:\/\/veganoptioncanada.ca\/wp-content\/uploads\/2020\/12\/smoothie-3697014_640.jpg\",\"contentUrl\":\"https:\/\/veganoptioncanada.ca\/wp-content\/uploads\/2020\/12\/smoothie-3697014_640.jpg\"},{\"@type\":\"BreadcrumbList\",\"@id\":\"https:\/\/veganoptioncanada.ca\/pt-pt\/pesquisa\/#breadcrumb\",\"itemListElement\":[{\"@type\":\"ListItem\",\"position\":1,\"name\":\"Home\",\"item\":\"https:\/\/veganoptioncanada.ca\/pt-pt\/\"},{\"@type\":\"ListItem\",\"position\":2,\"name\":\"Pesquisa\"}]},{\"@type\":\"WebSite\",\"@id\":\"http:\/\/veganoptioncanada.ca\/pt-pt\/#website\",\"url\":\"http:\/\/veganoptioncanada.ca\/pt-pt\/\",\"name\":\"Vegan Option Canada - Option V\u00e9gane Canada\",\"description\":\"\",\"publisher\":{\"@id\":\"http:\/\/veganoptioncanada.ca\/pt-pt\/#organization\"},\"potentialAction\":[{\"@type\":\"SearchAction\",\"target\":{\"@type\":\"EntryPoint\",\"urlTemplate\":\"http:\/\/veganoptioncanada.ca\/pt-pt\/?s={search_term_string}\"},\"query-input\":{\"@type\":\"PropertyValueSpecification\",\"valueRequired\":true,\"valueName\":\"search_term_string\"}}],\"inLanguage\":\"pt-PT\"},{\"@type\":\"Organization\",\"@id\":\"http:\/\/veganoptioncanada.ca\/pt-pt\/#organization\",\"name\":\"Vegan Option Canada\",\"url\":\"http:\/\/veganoptioncanada.ca\/pt-pt\/\",\"logo\":{\"@type\":\"ImageObject\",\"inLanguage\":\"pt-PT\",\"@id\":\"http:\/\/veganoptioncanada.ca\/pt-pt\/#\/schema\/logo\/image\/\",\"url\":\"http:\/\/veganoptioncanada.ca\/wp-content\/uploads\/2021\/04\/Logo_OVC_transparent_web.png\",\"contentUrl\":\"http:\/\/veganoptioncanada.ca\/wp-content\/uploads\/2021\/04\/Logo_OVC_transparent_web.png\",\"width\":200,\"height\":200,\"caption\":\"Vegan Option Canada\"},\"image\":{\"@id\":\"http:\/\/veganoptioncanada.ca\/pt-pt\/#\/schema\/logo\/image\/\"},\"sameAs\":[\"https:\/\/www.facebook.com\/VOOVCanada\/\",\"https:\/\/x.com\/CanadaVegan\",\"https:\/\/instagram.com\/veganoptioncanada\/\",\"https:\/\/www.youtube.com\/channel\/UCDVCrc0eUMbWkdRwsUQi4Hw\"]}]}<\/script>\n<!-- \/ Yoast SEO plugin. -->","yoast_head_json":{"title":"Pesquisa - Op\u00e7\u00e3o Vegana Canad\u00e1","robots":{"index":"index","follow":"follow","max-snippet":"max-snippet:-1","max-image-preview":"max-image-preview:large","max-video-preview":"max-video-preview:-1"},"canonical":"https:\/\/veganoptioncanada.ca\/pt-pt\/pesquisa\/","og_locale":"pt_PT","og_type":"article","og_title":"Pesquisa - Op\u00e7\u00e3o Vegana Canad\u00e1","og_description":"Por favor, ajuda a nossa organiza\u00e7\u00e3o a representar-te melhor! Agradecemos que respondas a este question\u00e1rio, que demora menos de dois minutos a preencher, para que possamos compreender melhor as tuas necessidades e orientar as nossas futuras campanhas. Agradecemos-te do fundo do cora\u00e7\u00e3o.","og_url":"https:\/\/veganoptioncanada.ca\/pt-pt\/pesquisa\/","og_site_name":"Op\u00e7\u00e3o Vegana Canad\u00e1","article_publisher":"https:\/\/www.facebook.com\/VOOVCanada\/","article_modified_time":"2025-03-30T03:17:59+00:00","og_image":[{"url":"https:\/\/veganoptioncanada.ca\/wp-content\/uploads\/2020\/12\/smoothie-3697014_640.jpg","type":"","width":"","height":""}],"twitter_card":"summary_large_image","twitter_site":"@CanadaVegan","schema":{"@context":"https:\/\/schema.org","@graph":[{"@type":"WebPage","@id":"https:\/\/veganoptioncanada.ca\/pt-pt\/pesquisa\/","url":"https:\/\/veganoptioncanada.ca\/pt-pt\/pesquisa\/","name":"Pesquisa - Op\u00e7\u00e3o Vegana Canad\u00e1","isPartOf":{"@id":"http:\/\/veganoptioncanada.ca\/pt-pt\/#website"},"primaryImageOfPage":{"@id":"https:\/\/veganoptioncanada.ca\/pt-pt\/pesquisa\/#primaryimage"},"image":{"@id":"https:\/\/veganoptioncanada.ca\/pt-pt\/pesquisa\/#primaryimage"},"thumbnailUrl":"https:\/\/veganoptioncanada.ca\/wp-content\/uploads\/2020\/12\/smoothie-3697014_640.jpg","datePublished":"2020-11-30T15:08:28+00:00","dateModified":"2025-03-30T03:17:59+00:00","breadcrumb":{"@id":"https:\/\/veganoptioncanada.ca\/pt-pt\/pesquisa\/#breadcrumb"},"inLanguage":"pt-PT","potentialAction":[{"@type":"ReadAction","target":["https:\/\/veganoptioncanada.ca\/pt-pt\/pesquisa\/"]}]},{"@type":"ImageObject","inLanguage":"pt-PT","@id":"https:\/\/veganoptioncanada.ca\/pt-pt\/pesquisa\/#primaryimage","url":"https:\/\/veganoptioncanada.ca\/wp-content\/uploads\/2020\/12\/smoothie-3697014_640.jpg","contentUrl":"https:\/\/veganoptioncanada.ca\/wp-content\/uploads\/2020\/12\/smoothie-3697014_640.jpg"},{"@type":"BreadcrumbList","@id":"https:\/\/veganoptioncanada.ca\/pt-pt\/pesquisa\/#breadcrumb","itemListElement":[{"@type":"ListItem","position":1,"name":"Home","item":"https:\/\/veganoptioncanada.ca\/pt-pt\/"},{"@type":"ListItem","position":2,"name":"Pesquisa"}]},{"@type":"WebSite","@id":"http:\/\/veganoptioncanada.ca\/pt-pt\/#website","url":"http:\/\/veganoptioncanada.ca\/pt-pt\/","name":"Vegan Option Canada - Option V\u00e9gane Canada","description":"","publisher":{"@id":"http:\/\/veganoptioncanada.ca\/pt-pt\/#organization"},"potentialAction":[{"@type":"SearchAction","target":{"@type":"EntryPoint","urlTemplate":"http:\/\/veganoptioncanada.ca\/pt-pt\/?s={search_term_string}"},"query-input":{"@type":"PropertyValueSpecification","valueRequired":true,"valueName":"search_term_string"}}],"inLanguage":"pt-PT"},{"@type":"Organization","@id":"http:\/\/veganoptioncanada.ca\/pt-pt\/#organization","name":"Vegan Option Canada","url":"http:\/\/veganoptioncanada.ca\/pt-pt\/","logo":{"@type":"ImageObject","inLanguage":"pt-PT","@id":"http:\/\/veganoptioncanada.ca\/pt-pt\/#\/schema\/logo\/image\/","url":"http:\/\/veganoptioncanada.ca\/wp-content\/uploads\/2021\/04\/Logo_OVC_transparent_web.png","contentUrl":"http:\/\/veganoptioncanada.ca\/wp-content\/uploads\/2021\/04\/Logo_OVC_transparent_web.png","width":200,"height":200,"caption":"Vegan Option Canada"},"image":{"@id":"http:\/\/veganoptioncanada.ca\/pt-pt\/#\/schema\/logo\/image\/"},"sameAs":["https:\/\/www.facebook.com\/VOOVCanada\/","https:\/\/x.com\/CanadaVegan","https:\/\/instagram.com\/veganoptioncanada\/","https:\/\/www.youtube.com\/channel\/UCDVCrc0eUMbWkdRwsUQi4Hw"]}]}},"_links":{"self":[{"href":"https:\/\/veganoptioncanada.ca\/pt-pt\/wp-json\/wp\/v2\/pages\/4482","targetHints":{"allow":["GET"]}}],"collection":[{"href":"https:\/\/veganoptioncanada.ca\/pt-pt\/wp-json\/wp\/v2\/pages"}],"about":[{"href":"https:\/\/veganoptioncanada.ca\/pt-pt\/wp-json\/wp\/v2\/types\/page"}],"author":[{"embeddable":true,"href":"https:\/\/veganoptioncanada.ca\/pt-pt\/wp-json\/wp\/v2\/users\/3"}],"replies":[{"embeddable":true,"href":"https:\/\/veganoptioncanada.ca\/pt-pt\/wp-json\/wp\/v2\/comments?post=4482"}],"version-history":[{"count":1,"href":"https:\/\/veganoptioncanada.ca\/pt-pt\/wp-json\/wp\/v2\/pages\/4482\/revisions"}],"predecessor-version":[{"id":4483,"href":"https:\/\/veganoptioncanada.ca\/pt-pt\/wp-json\/wp\/v2\/pages\/4482\/revisions\/4483"}],"wp:attachment":[{"href":"https:\/\/veganoptioncanada.ca\/pt-pt\/wp-json\/wp\/v2\/media?parent=4482"}],"curies":[{"name":"wp","href":"https:\/\/api.w.org\/{rel}","templated":true}]}}